{"id":5403,"date":"2024-12-09T16:43:14","date_gmt":"2024-12-09T16:43:14","guid":{"rendered":"https:\/\/cartouche.ci\/?post_type=product&#038;p=5403"},"modified":"2025-01-15T12:05:58","modified_gmt":"2025-01-15T12:05:58","slug":"cartouche-canon-gi-41","status":"publish","type":"product","link":"https:\/\/cartouche.ci\/index.php\/product\/cartouche-canon-gi-41\/","title":{"rendered":"Cartouche Canon GI-41"},"content":{"rendered":"<p>Rechargez le r\u00e9servoir d&#8217;encre de votre imprimante en toute simplicit\u00e9 gr\u00e2ce \u00e0 une bouteille d&#8217;encre optimis\u00e9e. Son design rigide, associ\u00e9 \u00e0 un solide bouchon \u00e0 charni\u00e8re, garantit des recharges propres et r\u00e9duit les risques de d\u00e9bordement. Con\u00e7ue pour assurer un haut rendement, cette encre contribue \u00e9galement \u00e0 r\u00e9duire le co\u00fbt d&#8217;impression par page tout en allongeant le d\u00e9lai entre les recharges.<\/p>\n","protected":false},"excerpt":{"rendered":"<p>bouteille d&#8217;encre avec un syst\u00e8me de protection<br \/>\nqui permet un remplissage sans effort et sans risque de se salir.<br \/>\nun volume moyen de 135 ml<br \/>\n\u00e9conomique et disponible sur notre site \u00e0 co\u00fbt r\u00e9duit<\/p>\n","protected":false},"featured_media":5405,"template":"","meta":{"_acf_changed":false},"product_cat":[235],"product_tag":[],"class_list":{"0":"post-5403","1":"product","2":"type-product","3":"status-publish","4":"has-post-thumbnail","6":"product_cat-jet-dencre-canon","8":"first","9":"instock","10":"taxable","11":"shipping-taxable","12":"purchasable","13":"product-type-simple"},"acf":[],"_links":{"self":[{"href":"https:\/\/cartouche.ci\/index.php\/wp-json\/wp\/v2\/product\/5403","targetHints":{"allow":["GET"]}}],"collection":[{"href":"https:\/\/cartouche.ci\/index.php\/wp-json\/wp\/v2\/product"}],"about":[{"href":"https:\/\/cartouche.ci\/index.php\/wp-json\/wp\/v2\/types\/product"}],"wp:featuredmedia":[{"embeddable":true,"href":"https:\/\/cartouche.ci\/index.php\/wp-json\/wp\/v2\/media\/5405"}],"wp:attachment":[{"href":"https:\/\/cartouche.ci\/index.php\/wp-json\/wp\/v2\/media?parent=5403"}],"wp:term":[{"taxonomy":"product_cat","embeddable":true,"href":"https:\/\/cartouche.ci\/index.php\/wp-json\/wp\/v2\/product_cat?post=5403"},{"taxonomy":"product_tag","embeddable":true,"href":"https:\/\/cartouche.ci\/index.php\/wp-json\/wp\/v2\/product_tag?post=5403"}],"curies":[{"name":"wp","href":"https:\/\/api.w.org\/{rel}","templated":true}]}}