{"id":5452,"date":"2024-12-15T00:13:37","date_gmt":"2024-12-15T00:13:37","guid":{"rendered":"https:\/\/cartouche.ci\/?post_type=product&#038;p=5452"},"modified":"2025-04-16T10:49:17","modified_gmt":"2025-04-16T10:49:17","slug":"scanneur-jet-hp-pro-2600f1","status":"publish","type":"product","link":"https:\/\/cartouche.ci\/index.php\/product\/scanneur-jet-hp-pro-2600f1\/","title":{"rendered":"HP ScanJet entreprise 2600f1"},"content":{"rendered":"<h3 class=\"h2 c-split-module__title\">Productivit\u00e9 professionnelle.<\/h3>\n<p class=\"h4 c-split-module__description\">Num\u00e9risez jusqu\u2019\u00e0 50 images (25 pages) par\u00a0<span class=\"m-text-nowrap\">minute\u00a0<\/span><\/p>\n<p class=\"h4 c-split-module__description\">avec un chargeur de documents de 60 pages, recto-verso, en une seule passe.<\/p>\n<hr style=\"border: 1px solid #000; width: 50%;\" \/>\n<h3 class=\"h2 c-split-module__title\">Simple<\/h3>\n<p class=\"h4 c-split-module__description\">Num\u00e9risez une grande vari\u00e9t\u00e9 de documents, notamment des livres,<\/p>\n<p class=\"h4 c-split-module__description\">des magazines et des cartes d\u2019identit\u00e9,<\/p>\n<p class=\"h4 c-split-module__description\">\u00e0 partir du chargeur automatique de documents ou du scanner \u00e0 plat.<\/p>\n<hr style=\"border: 1px solid #000; width: 50%;\" \/>\n<h3 class=\"h2 c-split-module__title\">Num\u00e9risation fiable.<\/h3>\n<p class=\"h4 c-split-module__description\">Soyez certain que votre scanner est \u00e0 la hauteur de vos attentes.<\/p>\n<p class=\"h4 c-split-module__description\">Con\u00e7u pour des volumes quotidiens \u00e9lev\u00e9s pouvant aller jusqu\u2019\u00e0 1 500 pages num\u00e9ris\u00e9es par jour.<\/p>\n","protected":false},"excerpt":{"rendered":"<ul>\n<li><strong>Chargeur automatique de documents; Scanner \u00e0 plat<\/strong><\/li>\n<li><strong>Jusqu&#8217;\u00e0 25 ppm\/50 ipm (n&amp;b, gris, couleur, 300 ppp)<\/strong><\/li>\n<li><strong>Jusqu&#8217;\u00e0 600 ppp (couleur et noir et blanc, ADF) ; Jusqu&#8217;\u00e0 1 200 ppp (couleur et noir et blanc, plat)<\/strong><\/li>\n<li><strong>Connectivit\u00e9, standard: USB 2.0<\/strong><\/li>\n<\/ul>\n<p>&nbsp;<\/p>\n","protected":false},"featured_media":5488,"template":"redux-templates_contained","meta":{"_acf_changed":false},"product_cat":[236],"product_tag":[243],"class_list":{"0":"post-5452","1":"product","2":"type-product","3":"status-publish","4":"has-post-thumbnail","6":"product_cat-scanneurs","7":"product_tag-scan-hp","9":"first","10":"instock","11":"sale","12":"taxable","13":"shipping-taxable","14":"purchasable","15":"product-type-simple"},"acf":[],"_links":{"self":[{"href":"https:\/\/cartouche.ci\/index.php\/wp-json\/wp\/v2\/product\/5452","targetHints":{"allow":["GET"]}}],"collection":[{"href":"https:\/\/cartouche.ci\/index.php\/wp-json\/wp\/v2\/product"}],"about":[{"href":"https:\/\/cartouche.ci\/index.php\/wp-json\/wp\/v2\/types\/product"}],"wp:featuredmedia":[{"embeddable":true,"href":"https:\/\/cartouche.ci\/index.php\/wp-json\/wp\/v2\/media\/5488"}],"wp:attachment":[{"href":"https:\/\/cartouche.ci\/index.php\/wp-json\/wp\/v2\/media?parent=5452"}],"wp:term":[{"taxonomy":"product_cat","embeddable":true,"href":"https:\/\/cartouche.ci\/index.php\/wp-json\/wp\/v2\/product_cat?post=5452"},{"taxonomy":"product_tag","embeddable":true,"href":"https:\/\/cartouche.ci\/index.php\/wp-json\/wp\/v2\/product_tag?post=5452"}],"curies":[{"name":"wp","href":"https:\/\/api.w.org\/{rel}","templated":true}]}}