{"id":5496,"date":"2024-12-15T08:24:48","date_gmt":"2024-12-15T08:24:48","guid":{"rendered":"https:\/\/cartouche.ci\/?post_type=product&#038;p=5496"},"modified":"2025-01-15T15:23:27","modified_gmt":"2025-01-15T15:23:27","slug":"encre-hp-953xl-couleurs","status":"publish","type":"product","link":"https:\/\/cartouche.ci\/index.php\/product\/encre-hp-953xl-couleurs\/","title":{"rendered":"Encre HP 953XL Couleurs"},"content":{"rendered":"<ul>\n<li>Les cartouches haut rendement HP 953XL authentiques offrent une qualit\u00e9 d&#8217;impression HP \u00e9prouv\u00e9e pour de gros volumes d&#8217;impression.<\/li>\n<li>Les cartouches d&#8217;encre HP 953 fonctionnent avec : HP OfficeJet Pro 7720, 7730, 7740, 8210, 8218, 8730<\/li>\n<li>environ\u00a0 2 000 pages<\/li>\n<li>Les encres HP authentiques sont con\u00e7ues pour \u00e9viter le gaspillage. Faites des \u00e9conomies sur les bouteilles d\u2019encre et les t\u00eates d&#8217;impression \u00e0 jet d\u2019encre.<\/li>\n<li>Soyez fier de la qualit\u00e9 de vos impressions<\/li>\n<li>Essayez HP Instant Ink &#8211; L\u2019abonnement \u00e0 l\u2019encre \u00e9conomique en toute facilit\u00e9<\/li>\n<li>Imprimez avec des cartouches con\u00e7ues pour pr\u00e9server les ressources. Profitez du recyclage facile et d&#8217;un emballage minimal pour mieux r\u00e9duire votre impact sur l&#8217;environnement.<\/li>\n<li>Id\u00e9al pour les grands groupes de travail qui ont besoin de performances fiables pour une impression abordable de qualit\u00e9 professionnelle, page apr\u00e8s page<\/li>\n<li>D\u00e9pend des cartouches d&#8217;encre haut rendement HP 953XL authentiques con\u00e7ues sp\u00e9cifiquement pour votre imprimante HP pour de gros volumes d&#8217;impression.<\/li>\n<li>Contenu de l\u2019emballage: 1 cartouche<\/li>\n<\/ul>\n","protected":false},"excerpt":{"rendered":"<p>HP 953XL Cartouche d\u2019encre grande capacit\u00e9 authentique.<br \/>\nType de cartouche d&#8217;encre: Rendement \u00e9lev\u00e9 (XL)<\/p>\n","protected":false},"featured_media":5499,"template":"","meta":{"_acf_changed":false},"product_cat":[234],"product_tag":[244],"class_list":{"0":"post-5496","1":"product","2":"type-product","3":"status-publish","4":"has-post-thumbnail","6":"product_cat-jet-dencre-hp","7":"product_tag-encre-hp","9":"first","10":"instock","11":"taxable","12":"shipping-taxable","13":"purchasable","14":"product-type-simple"},"acf":[],"_links":{"self":[{"href":"https:\/\/cartouche.ci\/index.php\/wp-json\/wp\/v2\/product\/5496","targetHints":{"allow":["GET"]}}],"collection":[{"href":"https:\/\/cartouche.ci\/index.php\/wp-json\/wp\/v2\/product"}],"about":[{"href":"https:\/\/cartouche.ci\/index.php\/wp-json\/wp\/v2\/types\/product"}],"wp:featuredmedia":[{"embeddable":true,"href":"https:\/\/cartouche.ci\/index.php\/wp-json\/wp\/v2\/media\/5499"}],"wp:attachment":[{"href":"https:\/\/cartouche.ci\/index.php\/wp-json\/wp\/v2\/media?parent=5496"}],"wp:term":[{"taxonomy":"product_cat","embeddable":true,"href":"https:\/\/cartouche.ci\/index.php\/wp-json\/wp\/v2\/product_cat?post=5496"},{"taxonomy":"product_tag","embeddable":true,"href":"https:\/\/cartouche.ci\/index.php\/wp-json\/wp\/v2\/product_tag?post=5496"}],"curies":[{"name":"wp","href":"https:\/\/api.w.org\/{rel}","templated":true}]}}