{"id":5549,"date":"2024-12-19T06:52:49","date_gmt":"2024-12-19T06:52:49","guid":{"rendered":"https:\/\/cartouche.ci\/?post_type=product&#038;p=5549"},"modified":"2025-04-14T15:41:41","modified_gmt":"2025-04-14T15:41:41","slug":"imprimante-canon-maxify-gx2040","status":"publish","type":"product","link":"https:\/\/cartouche.ci\/index.php\/product\/imprimante-canon-maxify-gx2040\/","title":{"rendered":"Canon MAXIFY GX2040"},"content":{"rendered":"<ul>\n<li><strong>Impression 4-en-1<\/strong>\u00a0: Impression, copie, num\u00e9risation et t\u00e9l\u00e9copie.<\/li>\n<li><strong>Design compact<\/strong>\u00a0: Fonctionnement total par l&#8217;avant, id\u00e9al pour les petits espaces.<\/li>\n<li><strong>Vitesse \u00e9lev\u00e9e<\/strong>\u00a0: 15 ipm en noir et blanc, 10 ipm en couleur.<\/li>\n<li><strong>Rendement \u00e9lev\u00e9<\/strong>\u00a0: Jusqu&#8217;\u00e0 3000 pages avec une seule bouteille d&#8217;encre.<\/li>\n<li><strong>Chargeur automatique<\/strong>\u00a0: ADF de 35 feuilles pour g\u00e9rer plusieurs pages.<\/li>\n<li><strong>Impression \u00e9conomique<\/strong>\u00a0: R\u00e9servoirs d&#8217;encre rechargeables abordables.<\/li>\n<li><strong>Connectivit\u00e9 multiple<\/strong>\u00a0: USB, Wi-Fi et Ethernet pour un usage polyvalent.<\/li>\n<li><strong>\u00c9cran intuitif<\/strong>\u00a0: LCD tactile inclinable de 2,7 pouces.<\/li>\n<li><strong>Impression continue<\/strong>\u00a0: Cassette papier de 250 feuilles et cartouche de maintenance rempla\u00e7able.<\/li>\n<li><strong>Durabilit\u00e9<\/strong>\u00a0: Documents professionnels et r\u00e9sistants, parfaits pour le bureau \u00e0 domicile.<\/li>\n<\/ul>\n","protected":false},"excerpt":{"rendered":"<ul>\n<li><strong>Domestique et professionnel Jet d&#8217;encre Impression couleur<\/strong><\/li>\n<li><strong>600 x 1200 DPI<\/strong><\/li>\n<li><strong>Couleurs d&#8217;impression: Noir, Cyan, Magenta, Jaune<\/strong><\/li>\n<li><strong>A4<\/strong><\/li>\n<li><strong>Copie couleur Num\u00e9risation couleur T\u00e9l\u00e9copie couleur<\/strong><\/li>\n<li><strong>Apple AirPrint, Mopria Print Service, PIXMA Cloud Link<\/strong><\/li>\n<li><strong>Port USB Wifi Ethernet\/LAN<\/strong><\/li>\n<li><strong>8,1kg<\/strong><\/li>\n<\/ul>\n","protected":false},"featured_media":5551,"template":"","meta":{"_acf_changed":false},"product_cat":[247],"product_tag":[246],"class_list":{"0":"post-5549","1":"product","2":"type-product","3":"status-publish","4":"has-post-thumbnail","6":"product_cat-canon-laser","7":"product_tag-canon-laser","9":"first","10":"instock","11":"taxable","12":"shipping-taxable","13":"purchasable","14":"product-type-simple"},"acf":[],"_links":{"self":[{"href":"https:\/\/cartouche.ci\/index.php\/wp-json\/wp\/v2\/product\/5549","targetHints":{"allow":["GET"]}}],"collection":[{"href":"https:\/\/cartouche.ci\/index.php\/wp-json\/wp\/v2\/product"}],"about":[{"href":"https:\/\/cartouche.ci\/index.php\/wp-json\/wp\/v2\/types\/product"}],"wp:featuredmedia":[{"embeddable":true,"href":"https:\/\/cartouche.ci\/index.php\/wp-json\/wp\/v2\/media\/5551"}],"wp:attachment":[{"href":"https:\/\/cartouche.ci\/index.php\/wp-json\/wp\/v2\/media?parent=5549"}],"wp:term":[{"taxonomy":"product_cat","embeddable":true,"href":"https:\/\/cartouche.ci\/index.php\/wp-json\/wp\/v2\/product_cat?post=5549"},{"taxonomy":"product_tag","embeddable":true,"href":"https:\/\/cartouche.ci\/index.php\/wp-json\/wp\/v2\/product_tag?post=5549"}],"curies":[{"name":"wp","href":"https:\/\/api.w.org\/{rel}","templated":true}]}}