{"id":5714,"date":"2025-04-12T08:45:13","date_gmt":"2025-04-12T08:45:13","guid":{"rendered":"https:\/\/cartouche.ci\/?post_type=product&#038;p=5714"},"modified":"2025-04-19T08:30:28","modified_gmt":"2025-04-19T08:30:28","slug":"imprimante-canon-maxify-gx2040-2","status":"publish","type":"product","link":"https:\/\/cartouche.ci\/index.php\/product\/imprimante-canon-maxify-gx2040-2\/","title":{"rendered":"Canon MAXIFY GX2040"},"content":{"rendered":"<p><a href=\"https:\/\/cartouche.ci\/?attachment_id=5724\" rel=\"attachment wp-att-5724\"><img fetchpriority=\"high\" decoding=\"async\" class=\"aligncenter size-full wp-image-5724\" src=\"https:\/\/cartouche.ci\/wp-content\/uploads\/2025\/04\/maxify-gx2040_witb.webp\" alt=\"\" width=\"800\" height=\"450\" srcset=\"https:\/\/cartouche.ci\/wp-content\/uploads\/2025\/04\/maxify-gx2040_witb.webp 800w, https:\/\/cartouche.ci\/wp-content\/uploads\/2025\/04\/maxify-gx2040_witb-300x169.webp 300w, https:\/\/cartouche.ci\/wp-content\/uploads\/2025\/04\/maxify-gx2040_witb-768x432.webp 768w, https:\/\/cartouche.ci\/wp-content\/uploads\/2025\/04\/maxify-gx2040_witb-600x338.webp 600w\" sizes=\"(max-width: 800px) 100vw, 800px\" \/><\/a><br \/>\n<strong>Caract\u00e9ristiques d\u00e9taill\u00e9es<\/strong><br \/>\nNum\u00e9ros de mod\u00e8le<br \/>\nMAXIFY GX2040<br \/>\n<strong>Fonctions<\/strong><br \/>\nWi-Fi, Ethernet, impression, copie, num\u00e9risation, fax et Cloud<br \/>\nJusqu&#8217;\u00e0 600 \u00d7 1200 ppp<br \/>\nMarges d&#8217;impression (min.)<br \/>\nHaut : 5 mm, bas : 5 mm, droite : 5 mm, gauche : 5 mm<br \/>\n<strong>Technologie d&#8217;impression<\/strong><br \/>\n2 t\u00eates d&#8217;impression<br \/>\nImprimante \u00e0 r\u00e9servoirs d&#8217;encre rechargeables<br \/>\nVitesse d&#8217;impression en monochrome<br \/>\nenv. 15 ipm<br \/>\nVitesse d&#8217;impression en couleur<br \/>\nEnv. 10 ipm<br \/>\nTemps de sortie de la premi\u00e8re impression<br \/>\nMonochrome : 9 s (pr\u00eat\/recto)<br \/>\nCouleur : 11 s (pr\u00eat\/recto)<br \/>\nImpression recto verso<br \/>\nA4, lettre &#8211; Papier ordinaire<br \/>\nConsommables et rendements<br \/>\n<strong>Bouteilles d&#8217;encre standard<\/strong><br \/>\nGI-45 BK<br \/>\nGI-45 C<br \/>\nGI-45 M<br \/>\nGI-45 Y<br \/>\n<strong>Cartouche d&#8217;entretien<\/strong><br \/>\nMC-G05 (rempla\u00e7able par l&#8217;utilisateur)<br \/>\nRendement par bouteille (papier ordinaire)<br \/>\nImpression de documents A4 couleur<br \/>\nNoir : 3000 pages (mode \u00e9conomique : 4500 pages)<br \/>\nCouleur : 3000 pages (mode \u00e9conomique : 4500 pages)<br \/>\n<strong>Types de papiers<\/strong><br \/>\nPapier ordinaire (64 g\/m\u00b2 \u00e0 105 g\/m\u00b2),<br \/>\nCanon Red Label Superior (WOP111)<br \/>\nPapier Canon Oce Office Colour (SAT213)<br \/>\nPapier photo Glac\u00e9 Extra II (PP-201)<br \/>\nPapier Photo Pro Lustr\u00e9 (LU-101)<br \/>\nPapier Photo Satin\u00e9 (SG-201)<br \/>\nPapier photo Glac\u00e9 \u00ab usage quotidien \u00bb (GP-501)<br \/>\nPapier photo Mat (MP-101),<br \/>\nTransferts thermocollants pour tissu clair (LF-101)<br \/>\nCapacit\u00e9 papier maximale en entr\u00e9e<br \/>\nCassette : 250 feuilles max. (papier ordinaire)<br \/>\nCAD : A4, LTR = 35, LGL = 5, AUTRES = 1<br \/>\n<strong>Formats de papier<\/strong><br \/>\nA4, A5, A6, B5, LTR, LGL, B-Oficio, M-Oficio, Foolscap, Executive,<br \/>\nEnveloppe #10, enveloppe DL, enveloppe C5, enveloppe Monarch,<br \/>\n4&#8243; x 6&#8243;, 5&#8243; x 7&#8243;, 7&#8243; x 10&#8243;, 8&#8243; x 10&#8243;,<br \/>\nFormat personnalis\u00e9 (largeur : 89 mm \u00e0 216 mm, longueur : 127 mm \u00e0 355,6 mm)<br \/>\nCAD : A5, A4, LTR, LGL<br \/>\n<strong>Grammages papier<\/strong><br \/>\nPapier ordinaire : 64 g\/m\u00b2 \u00e0 105 g\/m\u00b2 ou papiers d&#8217;origine Canon pris en charge<br \/>\nPapier Canon : grammage du papier max. environ 265 g\/m\u00b2<br \/>\nPapier photo Glac\u00e9 Extra II (PP-201)<br \/>\n<strong>Caract\u00e9ristiques de num\u00e9risation<\/strong><br \/>\nType de scanner<br \/>\nScanner couleur \u00e0 plat avec capteur CIS (CAD \/ vitre)<br \/>\nR\u00e9solution (optique) du scanner<br \/>\n1 200 \u00d7 2400 ppp<br \/>\nVitesse de num\u00e9risation lin\u00e9aire<br \/>\nCouleur : 3,5 ms\/ligne (300 ppp)<br \/>\nNiveaux de gris : 1,5 ms\/ligne (300 ppp)<br \/>\nProfondeur de num\u00e9risation (entr\u00e9e\/sortie)<br \/>\nCouleur : RVB : 16 bits \/ 8 bits par canal<br \/>\nNiveaux de gris : 16 bits \/ 8 bits<br \/>\nTaille de document max.<br \/>\nPlateau : A4\/Lettre (216 \u00d7 297 mm)<br \/>\nCAD : A4\/Lettre\/L\u00e9gal (216 \u00d7 356 mm)<br \/>\n<strong>Caract\u00e9ristiques du copieur<\/strong><br \/>\nVitesse de copie<br \/>\nsFCOT (couleur) : environ 17 s<br \/>\nsESAT (couleur) : environ 9,1 ipm<br \/>\nESAT\/CAD recto (couleur) : environ 8,1 ipm<br \/>\nVitesse d&#8217;impression\/CAD recto (noir) : environ 14,1 ipm<br \/>\nQualit\u00e9 de copie<br \/>\n3 niveaux (mode \u00e9conomique, mode standard, mode qualit\u00e9 \u00e9lev\u00e9e)<br \/>\nR\u00e9glage de l&#8217;intensit\u00e9<br \/>\n9 positions, intensit\u00e9 automatique (copie AE)<br \/>\nCopies multiples<br \/>\n99 copies (max.)<br \/>\n<strong>Fonctions de copie<\/strong><br \/>\nCopie de documents, copie recto verso, copie 2-sur-1 et 4-sur-1, copie assembl\u00e9e (CAD uniquement), copie avec effacement du cadre (copie \u00e0 plat uniquement), copie de pi\u00e8ces d&#8217;identit\u00e9<br \/>\nZoom de copie<br \/>\n25 \u00e0 400 %<br \/>\nCopie ajust\u00e9e \u00e0 la page<br \/>\nA5 \u00e0 A4, B5 \u00e0 A4, A4 \u00e0 A5 et A4 \u00e0 B5<br \/>\n<strong>Interface<\/strong><br \/>\nType et taille d&#8217;affichage<br \/>\n\u00c9cran LCD 6,7 cm (\u00e9cran tactile, couleur)<br \/>\nLangues de l&#8217;affichage<br \/>\n33 langues disponibles : japonais, anglais (mm et po), fran\u00e7ais, allemand, italien, espagnol, portugais, danois, n\u00e9erlandais, norv\u00e9gien, su\u00e9dois, finnois, grec, polonais, tch\u00e8que, russe, hongrois, slov\u00e8ne, turc, chinois simplifi\u00e9, chinois traditionnel, cor\u00e9en, indon\u00e9sien, slovaque, estonien, letton, lituanien, ukrainien, roumain, bulgare, croate, tha\u00ef, vietnamien<br \/>\n<strong>Connectivit\u00e9<\/strong><br \/>\nInterface standard<br \/>\nUSB haute vitesse (port B)<br \/>\nEthernet : 10\/100 Mbit\/s (commutation auto)<br \/>\nWi-Fi : IEEE802.11 b\/g\/n\/a\/ac<br \/>\nS\u00e9curit\u00e9 Wi-Fi : WPA-PSK (TKIP\/AES), WPA2-PSK (TKIP\/AES), WPA3-SAE (AES), WPA-EAP (AES)-WPA2-EAP (AES)-WPA3-EAP (AES)-IEEE802.1X (EAP-TLS\/EAP-TTLS\/PEAP)<br \/>\nBande de fr\u00e9quence LAN sans fil : 2,4 GHz<br \/>\nPrise en charge des versions SMB : SMB 3.0.0, SMB 3.0.2 et SMB 3.1.1<br \/>\nPrise en charge de la version TLS : 1.0, 1.1, 1.2, 1.3<br \/>\nApplications mobiles<br \/>\nApplication Canon PRINT<br \/>\nApplication Easy-PhotoPrint Editor<br \/>\nApplication Creative Park<br \/>\n<strong>Caract\u00e9ristiques de l&#8217;imprimante<\/strong><br \/>\nLogiciel Easy-PhotoPrint Editor<br \/>\nCloud Link24<br \/>\nPlug-in Canon Print Service (Android)<br \/>\nApple AirPrint<br \/>\nConnexion directe sans fil<br \/>\nMopria (Android)<br \/>\nPosterArtist Web<br \/>\nEasy Layout Editor<br \/>\nSmart Assistant et prise en charge de l&#8217;automatisation<br \/>\nAmazon Alexa\u2122<\/p>\n","protected":false},"excerpt":{"rendered":"<h3>Caract\u00e9ristiques Principales<\/h3>\n<p><strong>Multifonction<\/strong><br \/>\nImpression, copie, num\u00e9risation et t\u00e9l\u00e9copie, Wi-Fi et Cloud<br \/>\n<strong>Connectivit\u00e9<\/strong><br \/>\nUSB, Wi-Fi et Ethernet<br \/>\n<strong>Rendement de page<\/strong><br \/>\n3000 pages (noir) ; 3000 pages (couleur)<br \/>\n<strong>Technologie d&#8217;impression<\/strong><br \/>\nImprimante \u00e0 r\u00e9servoirs d&#8217;encre rechargeables<br \/>\n<strong>Vitesses d&#8217;impression \u00e9lev\u00e9es<\/strong><br \/>\n15 ipm (noir et blanc), 10 ipm (couleur)<br \/>\n<strong>Capacit\u00e9 de papier ordinaire<\/strong><br \/>\nCassette 250 feuilles<br \/>\n<strong>Chargeur Automatique<\/strong><br \/>\nChargeur automatique de documents de 35 feuilles<br \/>\n<strong>\u00c9cran<\/strong><br \/>\n\u00c9cran tactile LCD 2,7 pouces<\/p>\n","protected":false},"featured_media":5722,"template":"","meta":{"_acf_changed":false},"product_cat":[230],"product_tag":[242],"class_list":{"0":"post-5714","1":"product","2":"type-product","3":"status-publish","4":"has-post-thumbnail","6":"product_cat-imprimantes-canon-jet-dencre","7":"product_tag-jet-dencre","9":"first","10":"instock","11":"taxable","12":"shipping-taxable","13":"product-type-simple"},"acf":[],"_links":{"self":[{"href":"https:\/\/cartouche.ci\/index.php\/wp-json\/wp\/v2\/product\/5714","targetHints":{"allow":["GET"]}}],"collection":[{"href":"https:\/\/cartouche.ci\/index.php\/wp-json\/wp\/v2\/product"}],"about":[{"href":"https:\/\/cartouche.ci\/index.php\/wp-json\/wp\/v2\/types\/product"}],"wp:featuredmedia":[{"embeddable":true,"href":"https:\/\/cartouche.ci\/index.php\/wp-json\/wp\/v2\/media\/5722"}],"wp:attachment":[{"href":"https:\/\/cartouche.ci\/index.php\/wp-json\/wp\/v2\/media?parent=5714"}],"wp:term":[{"taxonomy":"product_cat","embeddable":true,"href":"https:\/\/cartouche.ci\/index.php\/wp-json\/wp\/v2\/product_cat?post=5714"},{"taxonomy":"product_tag","embeddable":true,"href":"https:\/\/cartouche.ci\/index.php\/wp-json\/wp\/v2\/product_tag?post=5714"}],"curies":[{"name":"wp","href":"https:\/\/api.w.org\/{rel}","templated":true}]}}