{"id":5726,"date":"2025-04-13T05:58:13","date_gmt":"2025-04-13T05:58:13","guid":{"rendered":"https:\/\/cartouche.ci\/?post_type=product&#038;p=5726"},"modified":"2025-05-09T16:12:24","modified_gmt":"2025-05-09T16:12:24","slug":"canon-i-sensys-lbp633cdw","status":"publish","type":"product","link":"https:\/\/cartouche.ci\/index.php\/product\/canon-i-sensys-lbp633cdw\/","title":{"rendered":"Canon i-SENSYS LBP633Cdw"},"content":{"rendered":"<h3>Caract\u00e9ristiques g\u00e9n\u00e9rales<\/h3>\n<p><strong>Type d&#8217;appareil<\/strong><br \/>\nLaser couleur monofonction<\/p>\n<p><strong>Fonctions disponibles<\/strong><br \/>\nImpression<\/p>\n<p><strong>Sp\u00e9cifications d&#8217;impression<\/strong><br \/>\nVitesse d&#8217;impression<br \/>\nRecto : jusqu&#8217;\u00e0 21 ppm (A4)<br \/>\nJusqu&#8217;\u00e0 38 ppm (A5 &#8211; Paysage)<br \/>\nRecto verso : jusqu&#8217;\u00e0 12,7 ipm (A4)<\/p>\n<p><strong>M\u00e9thode d&#8217;impression<\/strong><br \/>\nImpression laser couleur<\/p>\n<p><strong>R\u00e9solution d&#8217;impression<\/strong><br \/>\nJusqu&#8217;\u00e0 1200 \u00d7 1200 ppp<\/p>\n<p><strong>Temps de sortie de la premi\u00e8re impression<\/strong><br \/>\nCouleur : environ 10,5 secondes maximum<br \/>\nNoir et blanc : environ 10,4 secondes maximum<\/p>\n<p><strong>Fonctions d&#8217;impression avanc\u00e9es<\/strong><br \/>\nImpression s\u00e9curis\u00e9e<br \/>\nImpression \u00e0 partir d&#8217;une cl\u00e9 USB (JPEG\/TIFF\/PDF)<br \/>\niOS : AirPrint, application Canon PRINT Business<br \/>\nAndroid : certifi\u00e9 Mopria, plug-in de service d&#8217;impression Canon, application Canon PRINT Business<\/p>\n<p><strong>Gestion des supports<\/strong><br \/>\nChargeur papier (standard)<br \/>\nCassette 250 feuilles<br \/>\nAlimentation manuelle 1 feuille<\/p>\n<p><strong>Capacit\u00e9 papier maximum en entr\u00e9e<\/strong><br \/>\nJusqu&#8217;\u00e0 251 feuilles<\/p>\n<p><strong>Sortie papier<\/strong><br \/>\n100 feuilles<\/p>\n<p><strong>Types de m\u00e9dia<\/strong><br \/>\nPapier ordinaire, Papier recycl\u00e9, Papier \u00e9pais, Papier fin, Papier couleur, Papier couch\u00e9, \u00c9tiquette, Carte postale, Enveloppe<\/p>\n<p><strong>Formats de support<\/strong><br \/>\nCassette :<br \/>\nA4, A5, A5 (Paysage), B5, L\u00e9gal, Lettre, Executive, Statement, OFFICIO, B-OFFICIO, M-OFFICIO, GLTR, GLGL, Foolscap, 16K, Carte postale, Fiche, Enveloppe (COM10, DL, C5, Monarch), Formats personnalis\u00e9s : 76,2 x 127 mm (min.) \u00e0 216 x 355,6 mm (max.).<\/p>\n<p><strong>Bac multifonctions<\/strong> :<br \/>\nA4, A5, A5 (Paysage), B5, L\u00e9gal, Lettre, Executive, Statement, OFFICIO, B-OFFICIO, M-OFFICIO, GLTR, GLGL, Foolscap, 16K, Carte postale, Fiche, Enveloppe (COM10, DL, C5, Monarch), Formats personnalis\u00e9s : 76,2 x 127 mm (min.) \u00e0 216 x 355,6 mm (max.).<\/p>\n<p><strong>Grammages de supports<\/strong><br \/>\nCassette : 60 \u00e0 163 g\/m\u00b2 (jusqu&#8217;\u00e0 200 g\/m\u00b2 avec papier couch\u00e9)<br \/>\nBac multifonctions : 60 \u00e0 163 g\/m\u00b2 (jusqu&#8217;\u00e0 200 g\/m\u00b2 avec papier couch\u00e9)<\/p>\n<p><strong>Impression recto verso<\/strong><br \/>\nAutomatique<\/p>\n<p><strong>Cassette<\/strong> :<br \/>\nA4, B5, L\u00e9gal, Lettre, Executive, OFFICIO, B-OFFICIO, M-OFFICIO, GLTR, GLGL, Foolscap, 16K<br \/>\nFormat personnalis\u00e9 : min. 182 x 257 mm \u00e0 max. 216 x 355,6 mm<br \/>\n60 \u00e0 200 g\/m\u00b2<\/p>\n<p><strong>Type d&#8217;interface<\/strong><br \/>\nUSB 2.0 Haute Vitesse, 10BASE-T\/100BASE-TX\/1000Base-T, 802.11b\/g\/n sans fil, connexion directe sans fil<\/p>\n<p><strong>Protocole r\u00e9seau<\/strong><br \/>\nImpression :<br \/>\nTCP\/IP (LPD\/Port9100\/IPP\/IPPS\/WSD)<\/p>\n<p>Gestion :<br \/>\nSNMPv1, SNMPv3 (IPv4,IPv6)<\/p>\n<p>S\u00e9curit\u00e9 : TLS 1.3, IPSec, filtrage des adresses IP\/Mac, IEEE802.1X, SNMPv3, SSL (HTTPS, IPPS)<br \/>\nS\u00e9curit\u00e9 (sans fil) :<br \/>\nMode infrastructure :<br \/>\nWEP (64\/128 bits), WPA-PSK (TKIP\/AES), WPA2-PSK (TKIP\/AES)<br \/>\nMode point d&#8217;acc\u00e8s :<br \/>\nWPA2-PSK (AES<\/p>\n<p><strong>Volume d&#8217;impression mensuel recommand\u00e9<\/strong><br \/>\n250 \u00e0 2500 pages par mois<\/p>\n<p><strong>Volume d&#8217;impression<\/strong><br \/>\n30.000 pages par mois maximum1<\/p>\n<p><strong>Vitesse du processeur<\/strong><br \/>\n800 MHz x 2<\/p>\n<p><strong>M\u00e9moire<\/strong><br \/>\n1 Go<\/p>\n<p><strong>Panneau de configuration<\/strong><br \/>\n\u00c9cran LCD de 5 lignes, 3 LED (T\u00e2che, Erreur, \u00c9conomiseur d&#8217;\u00e9nergie), boutons, pav\u00e9 num\u00e9rique \u00e0 10 touches<\/p>\n<p><strong>Alimentation<\/strong><br \/>\n220 \u00e0 240 V (\u00b110 %) 50\/60 Hz (\u00b12 Hz)<\/p>\n<p><strong>Consommation<\/strong><br \/>\nMaximum : environ 850 W<br \/>\nImpression active : env. 390 W<br \/>\nEn attente : environ 8,5 W<br \/>\nEn veille : environ 0,8 W ou moins2<br \/>\nConsommation r\u00e9elle d&#8217;\u00e9lectricit\u00e9 (TEC) : 0,21 kWh\/semaine7<br \/>\nPour en savoir plus sur la r\u00e9glementation du lot 26, rendez-vous sur : http:\/\/www.canon-europe.com\/For_Work\/Lot26\/index.aspx<\/p>\n<p><strong>Consommables<\/strong><br \/>\nCartouche 067 noire (1350 pages\u2075)\u2076<br \/>\nCartouche 067H noire (3130 pages\u2075)\u2076<br \/>\nCartouche 067 cyan (1250 pages\u2075)\u2076<br \/>\nCartouche 067H cyan (2350 pages\u2075)\u2076<br \/>\nCartouche 067H noire (1250 pages\u2075)\u2076<br \/>\nCartouche 067H magenta (2350 pages\u2075)\u2076<br \/>\nCartouche 067 jaune (1250 pages\u2075)\u2076<br \/>\nCartouche 067H jaune (2350 pages\u2075)\u2076<\/p>\n","protected":false},"excerpt":{"rendered":"<ul>\n<li>Professionnel Laser Couleur<\/li>\n<li>1200 x 1200 DPI<\/li>\n<li>Couleurs d&#8217;impression: Noir, Cyan, Magenta, Jaune<\/li>\n<li>A4 21 ppm<\/li>\n<li>Impression recto-verso<\/li>\n<li>Wifi &#8211; Ethernet\/LAN<\/li>\n<li>LCD \u00c9cran integr\u00e9<\/li>\n<li>Cycle de service (Maximum): 30000 pages par mois<\/li>\n<li>Nombre total de bacs d\u2019alimentation: 1 Capacit\u00e9 d\u2019alimentation totale: 250 feuilles Capacit\u00e9 de sortie totale: 100 feuilles<\/li>\n<li>M\u00e9moire interne: 1000 Mo Int\u00e9gr\u00e9 dans le processeur<\/li>\n<\/ul>\n","protected":false},"featured_media":5729,"template":"","meta":{"_acf_changed":false},"product_cat":[247],"product_tag":[246],"class_list":{"0":"post-5726","1":"product","2":"type-product","3":"status-publish","4":"has-post-thumbnail","6":"product_cat-canon-laser","7":"product_tag-canon-laser","9":"first","10":"instock","11":"taxable","12":"shipping-taxable","13":"purchasable","14":"product-type-simple"},"acf":[],"_links":{"self":[{"href":"https:\/\/cartouche.ci\/index.php\/wp-json\/wp\/v2\/product\/5726","targetHints":{"allow":["GET"]}}],"collection":[{"href":"https:\/\/cartouche.ci\/index.php\/wp-json\/wp\/v2\/product"}],"about":[{"href":"https:\/\/cartouche.ci\/index.php\/wp-json\/wp\/v2\/types\/product"}],"wp:featuredmedia":[{"embeddable":true,"href":"https:\/\/cartouche.ci\/index.php\/wp-json\/wp\/v2\/media\/5729"}],"wp:attachment":[{"href":"https:\/\/cartouche.ci\/index.php\/wp-json\/wp\/v2\/media?parent=5726"}],"wp:term":[{"taxonomy":"product_cat","embeddable":true,"href":"https:\/\/cartouche.ci\/index.php\/wp-json\/wp\/v2\/product_cat?post=5726"},{"taxonomy":"product_tag","embeddable":true,"href":"https:\/\/cartouche.ci\/index.php\/wp-json\/wp\/v2\/product_tag?post=5726"}],"curies":[{"name":"wp","href":"https:\/\/api.w.org\/{rel}","templated":true}]}}