{"id":5731,"date":"2025-04-13T06:47:40","date_gmt":"2025-04-13T06:47:40","guid":{"rendered":"https:\/\/cartouche.ci\/?post_type=product&#038;p=5731"},"modified":"2025-05-09T16:10:44","modified_gmt":"2025-05-09T16:10:44","slug":"canon-i-sensys-lbp6030b","status":"publish","type":"product","link":"https:\/\/cartouche.ci\/index.php\/product\/canon-i-sensys-lbp6030b\/","title":{"rendered":"canon i-SENSYS LBP6030B"},"content":{"rendered":"<h2 class=\"product-specification-detail__main-title canon-section-title--big canon-mb-xm\">Caract\u00e9ristiques d\u00e9taill\u00e9es<\/h2>\n<ul class=\"product-specification-detail__list canon-mb-xm\">\n<li class=\"product-specification-detail__list-line canon-mb-xxs\">\n<div class=\"product-specification-detail__list-key canon-paragraph--big\">Vitesse d&#8217;impression<\/div>\n<div class=\"product-specification-detail__value-wrapper\">\n<div class=\"product-specification-detail__list-value canon-paragraph--big\">18\u00a0ppm en monochrome (A4)<\/div>\n<\/div>\n<\/li>\n<li class=\"product-specification-detail__list-line canon-mb-xxs\">\n<div class=\"product-specification-detail__list-key canon-paragraph--big\">M\u00e9thode d&#8217;impression<\/div>\n<div class=\"product-specification-detail__value-wrapper\">\n<div class=\"product-specification-detail__list-value canon-paragraph--big\">Impression monochrome par syst\u00e8me \u00e0 faisceau laser<\/div>\n<\/div>\n<\/li>\n<li class=\"product-specification-detail__list-line canon-mb-xxs\">\n<div class=\"product-specification-detail__list-key canon-paragraph--big\">Qualit\u00e9 d&#8217;impression<\/div>\n<div class=\"product-specification-detail__value-wrapper\">\n<div class=\"product-specification-detail__list-value canon-paragraph--big\">Jusqu&#8217;\u00e0 2400\u00a0\u00d7\u00a0600\u00a0ppp avec fonction de lissage automatique d&#8217;image<\/div>\n<\/div>\n<\/li>\n<li class=\"product-specification-detail__list-line canon-mb-xxs\">\n<div class=\"product-specification-detail__list-key canon-paragraph--big\">R\u00e9solution d&#8217;impression<\/div>\n<div class=\"product-specification-detail__value-wrapper\">\n<div class=\"product-specification-detail__list-value canon-paragraph--big\">Jusqu&#8217;\u00e0 600\u00a0\u00d7\u00a0600\u00a0ppp<\/div>\n<\/div>\n<\/li>\n<li class=\"product-specification-detail__list-line canon-mb-xxs\">\n<div class=\"product-specification-detail__list-key canon-paragraph--big\">Temps de pr\u00e9chauffage<\/div>\n<div class=\"product-specification-detail__value-wrapper\">\n<div class=\"product-specification-detail__list-value canon-paragraph--big\">Env. 1\u00a0seconde en sortie de veille<br \/>\n10\u00a0secondes maximum depuis la mise sous tension<\/div>\n<\/div>\n<\/li>\n<li class=\"product-specification-detail__list-line canon-mb-xxs\">\n<div class=\"product-specification-detail__list-key canon-paragraph--big\">Temps de sortie de la premi\u00e8re impression<\/div>\n<div class=\"product-specification-detail__value-wrapper\">\n<div class=\"product-specification-detail__list-value canon-paragraph--big\">Env. 7,8\u00a0secondes maximum<\/div>\n<\/div>\n<\/li>\n<li class=\"product-specification-detail__list-line canon-mb-xxs\">\n<div class=\"product-specification-detail__list-key canon-paragraph--big\">Langages d&#8217;impression<\/div>\n<div class=\"product-specification-detail__value-wrapper\">\n<div class=\"product-specification-detail__list-value canon-paragraph--big\">UFRII LT<\/div>\n<\/div>\n<\/li>\n<li class=\"product-specification-detail__list-line canon-mb-xxs\">\n<div class=\"product-specification-detail__list-key canon-paragraph--big\">Marges d&#8217;impression<\/div>\n<div class=\"product-specification-detail__value-wrapper\">\n<div class=\"product-specification-detail__list-value canon-paragraph--big\">5\u00a0mm haut, bas, gauche, droite<\/div>\n<\/div>\n<\/li>\n<\/ul>\n<h3 class=\"product-specification-detail__sub-title canon-section-title--small canon-mb-s\">Gestion des supports<\/h3>\n<ul class=\"product-specification-detail__list canon-mb-xm\">\n<li class=\"product-specification-detail__list-line canon-mb-xxs\">\n<div class=\"product-specification-detail__list-key canon-paragraph--big\">Chargeur papier (standard)<\/div>\n<div class=\"product-specification-detail__value-wrapper\">\n<div class=\"product-specification-detail__list-value canon-paragraph--big\">Bac multifonction 150\u00a0feuilles<\/div>\n<\/div>\n<\/li>\n<li class=\"product-specification-detail__list-line canon-mb-xxs\">\n<div class=\"product-specification-detail__list-key canon-paragraph--big\">Sortie papier<\/div>\n<div class=\"product-specification-detail__value-wrapper\">\n<div class=\"product-specification-detail__list-value canon-paragraph--big\">100\u00a0feuilles vers le bas<\/div>\n<\/div>\n<\/li>\n<li class=\"product-specification-detail__list-line canon-mb-xxs\">\n<div class=\"product-specification-detail__list-key canon-paragraph--big\">Types de m\u00e9dia<\/div>\n<div class=\"product-specification-detail__value-wrapper\">\n<div class=\"product-specification-detail__list-value canon-paragraph--big\">Papier ordinaire, papier \u00e9pais, transparent, \u00e9tiquette, enveloppe<\/div>\n<\/div>\n<\/li>\n<li class=\"product-specification-detail__list-line canon-mb-xxs\">\n<div class=\"product-specification-detail__list-key canon-paragraph--big\">Formats de support<\/div>\n<div class=\"product-specification-detail__value-wrapper\">\n<div class=\"product-specification-detail__list-value canon-paragraph--big\">A4\/B5\/A5\/LGL\/LTR\/EXE\/16K\/Format personnalis\u00e9<br \/>\nEnv. COM10\/Env. Monarch\/Env. C5\/Env. DL<br \/>\nLargeur\u00a0: 76,2 \u00e0 216\u00a0mm, longueur\u00a0: 188 \u00e0 356\u00a0mm<\/div>\n<\/div>\n<\/li>\n<li class=\"product-specification-detail__list-line canon-mb-xxs\">\n<div class=\"product-specification-detail__list-key canon-paragraph--big\">Grammages de supports<\/div>\n<div class=\"product-specification-detail__value-wrapper\">\n<div class=\"product-specification-detail__list-value canon-paragraph--big\">Bac multifonctions\u00a0: 60 \u00e0 163\u00a0g\/m\u00b2<\/div>\n<\/div>\n<\/li>\n<\/ul>\n<h3 class=\"product-specification-detail__sub-title canon-section-title--small canon-mb-s\">Interface et logiciels<\/h3>\n<ul class=\"product-specification-detail__list canon-mb-xm\">\n<li class=\"product-specification-detail__list-line canon-mb-xxs\">\n<div class=\"product-specification-detail__list-key canon-paragraph--big\">Type d&#8217;interface<\/div>\n<div class=\"product-specification-detail__value-wrapper\">\n<div class=\"product-specification-detail__list-value canon-paragraph--big\">USB\u00a02.0 Haute Vitesse<\/div>\n<\/div>\n<\/li>\n<li class=\"product-specification-detail__list-line canon-mb-xxs\">\n<div class=\"product-specification-detail__list-key canon-paragraph--big\">Compatibilit\u00e9 avec syst\u00e8mes d&#8217;exploitation<\/div>\n<div class=\"product-specification-detail__value-wrapper\">\n<div class=\"product-specification-detail__list-value canon-paragraph--big\">Windows\u00ae\u00a011\u00a0\/ Windows\u00ae\u00a010\u00a0\/ Windows\u00ae\u00a08.1\u00a0\/ Server\u00ae<br \/>\n2022\u00a0\/ Server\u00ae\u00a02019\u00a0\/ Server\u00ae\u00a02016\u00a0\/ Server\u00ae\u00a02012\u00a0R2\u00a0\/<br \/>\nServer\u00ae\u00a02012 \/ Server\u00ae\u00a02008R2 \/ Server\u00ae\u00a02008<br \/>\nMac OS10.6 \u00e0 10.9\/Linux3\/Citrix(FR2)<\/div>\n<\/div>\n<\/li>\n<\/ul>\n<h3 class=\"product-specification-detail__sub-title canon-section-title--small canon-mb-s\">Caract\u00e9ristiques g\u00e9n\u00e9rales<\/h3>\n<ul class=\"product-specification-detail__list canon-mb-xm\">\n<li class=\"product-specification-detail__list-line canon-mb-xxs\">\n<div class=\"product-specification-detail__list-key canon-paragraph--big\">Volume d&#8217;impression<\/div>\n<div class=\"product-specification-detail__value-wrapper\">\n<div class=\"product-specification-detail__list-value canon-paragraph--big\">5000 pages par mois maximum<\/div>\n<\/div>\n<\/li>\n<li class=\"product-specification-detail__list-line canon-mb-xxs\">\n<div class=\"product-specification-detail__list-key canon-paragraph--big\">M\u00e9moire<\/div>\n<div class=\"product-specification-detail__value-wrapper\">\n<div class=\"product-specification-detail__list-value canon-paragraph--big\">32\u00a0Mo<\/div>\n<\/div>\n<\/li>\n<li class=\"product-specification-detail__list-line canon-mb-xxs\">\n<div class=\"product-specification-detail__list-key canon-paragraph--big\">Panneau de configuration<\/div>\n<div class=\"product-specification-detail__value-wrapper\">\n<div class=\"product-specification-detail__list-value canon-paragraph--big\">2\u00a0voyants, 2\u00a0touches de fonctionnement<\/div>\n<\/div>\n<\/li>\n<li class=\"product-specification-detail__list-line canon-mb-xxs\">\n<div class=\"product-specification-detail__list-key canon-paragraph--big\">Dimensions avec bacs (L\u00a0\u00d7\u00a0P\u00a0\u00d7\u00a0H)<\/div>\n<div class=\"product-specification-detail__value-wrapper\">\n<div class=\"product-specification-detail__list-value canon-paragraph--big\">364\u00a0mm \u00d7 249\u00a0mm \u00d7 199\u00a0mm<\/div>\n<\/div>\n<\/li>\n<li class=\"product-specification-detail__list-line canon-mb-xxs\">\n<div class=\"product-specification-detail__list-key canon-paragraph--big\">Grammage<\/div>\n<div class=\"product-specification-detail__value-wrapper\">\n<div class=\"product-specification-detail__list-value canon-paragraph--big\">Env. 5\u00a0kg<\/div>\n<\/div>\n<\/li>\n<li class=\"product-specification-detail__list-line canon-mb-xxs\">\n<div class=\"product-specification-detail__list-key canon-paragraph--big\">Environnement d&#8217;utilisation<\/div>\n<div class=\"product-specification-detail__value-wrapper\">\n<div class=\"product-specification-detail__list-value canon-paragraph--big\">Temp\u00e9rature\u00a0: 10\u00a0\u00e0 30\u00a0\u00b0C<br \/>\nHumidit\u00e9 relative\u00a0: 20\u00a0\u00e0\u00a080\u00a0% (sans condensation)<\/div>\n<\/div>\n<\/li>\n<li class=\"product-specification-detail__list-line canon-mb-xxs\">\n<div class=\"product-specification-detail__list-key canon-paragraph--big\">Consommation<\/div>\n<div class=\"product-specification-detail__value-wrapper\">\n<div class=\"product-specification-detail__list-value canon-paragraph--big\">Maximum\u00a0: environ 960\u00a0W<br \/>\nEn fonctionnement\u00a0: environ 450\u00a0W<br \/>\nMode veille\u00a0: environ 1,4\u00a0W<br \/>\nConsommation \u00e9lectrique typique\u00a0: 0,6\u00a0kWh<\/div>\n<\/div>\n<\/li>\n<li class=\"product-specification-detail__list-line canon-mb-xxs\">\n<div class=\"product-specification-detail__list-key canon-paragraph--big\">Niveaux de bruit<\/div>\n<div class=\"product-specification-detail__value-wrapper\">\n<div class=\"product-specification-detail__list-value canon-paragraph--big\">Puissance sonore\u00a0:<br \/>\nEn fonctionnement\u00a0: 6,34\u00a0B maximum<br \/>\nEn veille\u00a0: inaudible<br \/>\nPression sonore\u00a0:<br \/>\nEn fonctionnement\u00a0: 49,2\u00a0dB(A)<br \/>\nEn veille\u00a0: inaudible<\/div>\n<\/div>\n<\/li>\n<\/ul>\n<h3 class=\"product-specification-detail__sub-title canon-section-title--small canon-mb-s\">Consommables<\/h3>\n<ul class=\"product-specification-detail__list canon-mb-xm\">\n<li class=\"product-specification-detail__list-line canon-mb-xxs\">\n<div class=\"product-specification-detail__list-key canon-paragraph--big\">Cartouches<\/div>\n<div class=\"product-specification-detail__value-wrapper\">\n<div class=\"product-specification-detail__list-value canon-paragraph--big\">Standard\u00a0: cartouche\u00a0725 (1600\u00a0pages)<\/div>\n<\/div>\n<\/li>\n<\/ul>\n","protected":false},"excerpt":{"rendered":"<ul class=\"product-feature__list product-feature__list--full-width canon-mb-xs\">\n<li class=\"product-feature__item\">\n<div class=\"product-feature__item-description\">\n<div class=\"product-feature__item-header canon-paragraph--heading\"><strong>Vitesse d&#8217;impression<\/strong><\/div>\n<p class=\"canon-paragraph--title-small\">18\u00a0ppm en monochrome (A4)<\/p>\n<\/div>\n<\/li>\n<li class=\"product-feature__item\">\n<div class=\"product-feature__item-description\">\n<div class=\"product-feature__item-header canon-paragraph--heading\"><strong>M\u00e9thode d&#8217;impression<\/strong><\/div>\n<p class=\"canon-paragraph--title-small\">Impression monochrome par syst\u00e8me \u00e0 faisceau laser<\/p>\n<\/div>\n<\/li>\n<li class=\"product-feature__item\">\n<div class=\"product-feature__item-description\">\n<div class=\"product-feature__item-header canon-paragraph--heading\"><strong>Qualit\u00e9 d&#8217;impression<\/strong><\/div>\n<p class=\"canon-paragraph--title-small\">Jusqu&#8217;\u00e0 2400\u00a0\u00d7\u00a0600\u00a0ppp avec fonction de lissage automatique d&#8217;image<\/p>\n<\/div>\n<\/li>\n<li class=\"product-feature__item\">\n<div class=\"product-feature__item-description\">\n<div class=\"product-feature__item-header canon-paragraph--heading\"><strong>Temps de pr\u00e9chauffage<\/strong><\/div>\n<p class=\"canon-paragraph--title-small\">Env. 1\u00a0seconde en sortie de veille\u00a0; 10\u00a0secondes maximum apr\u00e8s la mise sous tension<\/p>\n<\/div>\n<\/li>\n<li class=\"product-feature__item\">\n<div class=\"product-feature__item-description\">\n<div class=\"product-feature__item-header canon-paragraph--heading\"><strong>Temps de sortie de la premi\u00e8re page<\/strong><\/div>\n<p class=\"canon-paragraph--title-small\">Env. 7,8\u00a0secondes maximum<\/p>\n<\/div>\n<\/li>\n<li class=\"product-feature__item\">\n<div class=\"product-feature__item-description\">\n<div class=\"product-feature__item-header canon-paragraph--heading\"><strong>Cycle de travail<\/strong><\/div>\n<p class=\"canon-paragraph--title-small\">5000 pages par mois maximum<\/p>\n<\/div>\n<\/li>\n<\/ul>\n","protected":false},"featured_media":5733,"template":"","meta":{"_acf_changed":false},"product_cat":[247],"product_tag":[246],"class_list":{"0":"post-5731","1":"product","2":"type-product","3":"status-publish","4":"has-post-thumbnail","6":"product_cat-canon-laser","7":"product_tag-canon-laser","9":"first","10":"instock","11":"taxable","12":"shipping-taxable","13":"purchasable","14":"product-type-simple"},"acf":[],"_links":{"self":[{"href":"https:\/\/cartouche.ci\/index.php\/wp-json\/wp\/v2\/product\/5731","targetHints":{"allow":["GET"]}}],"collection":[{"href":"https:\/\/cartouche.ci\/index.php\/wp-json\/wp\/v2\/product"}],"about":[{"href":"https:\/\/cartouche.ci\/index.php\/wp-json\/wp\/v2\/types\/product"}],"wp:featuredmedia":[{"embeddable":true,"href":"https:\/\/cartouche.ci\/index.php\/wp-json\/wp\/v2\/media\/5733"}],"wp:attachment":[{"href":"https:\/\/cartouche.ci\/index.php\/wp-json\/wp\/v2\/media?parent=5731"}],"wp:term":[{"taxonomy":"product_cat","embeddable":true,"href":"https:\/\/cartouche.ci\/index.php\/wp-json\/wp\/v2\/product_cat?post=5731"},{"taxonomy":"product_tag","embeddable":true,"href":"https:\/\/cartouche.ci\/index.php\/wp-json\/wp\/v2\/product_tag?post=5731"}],"curies":[{"name":"wp","href":"https:\/\/api.w.org\/{rel}","templated":true}]}}