{"id":5735,"date":"2025-04-13T07:30:07","date_gmt":"2025-04-13T07:30:07","guid":{"rendered":"https:\/\/cartouche.ci\/?post_type=product&#038;p=5735"},"modified":"2025-05-09T16:02:29","modified_gmt":"2025-05-09T16:02:29","slug":"5735","status":"publish","type":"product","link":"https:\/\/cartouche.ci\/index.php\/product\/5735\/","title":{"rendered":"canon i-SENSYS MFP 3010"},"content":{"rendered":"<h3 id=\"TYPE\" class=\"product-specification-detail__sub-title canon-section-title--small mb-7\">TYPE<\/h3>\n<ul class=\"product-specification-detail__list canon-mb-xm\">\n<li class=\"product-specification-detail__list-line canon-mb-xxs\">\n<div class=\"product-specification-detail__list-key canon-paragraph--big\">Type d&#8217;appareil<\/div>\n<div class=\"product-specification-detail__value-wrapper\">\n<p>Multifonction laser noir et blanc tout-en-un<\/p>\n<\/div>\n<\/li>\n<li class=\"product-specification-detail__list-line canon-mb-xxs\">\n<div class=\"product-specification-detail__list-key canon-paragraph--big\">Fonctions disponibles<\/div>\n<div class=\"product-specification-detail__value-wrapper\">\n<p>Impression, copie et num\u00e9risation<\/p>\n<\/div>\n<\/li>\n<\/ul>\n<h3 id=\"IMPRIMANTE\" class=\"product-specification-detail__sub-title canon-section-title--small mb-7\">IMPRIMANTE<\/h3>\n<ul class=\"product-specification-detail__list canon-mb-xm\">\n<li class=\"product-specification-detail__list-line canon-mb-xxs\">\n<div class=\"product-specification-detail__list-key canon-paragraph--big\">Vitesse d&#8217;impression<\/div>\n<div class=\"product-specification-detail__value-wrapper\">\n<p>Jusqu&#8217;\u00e0 18\u00a0ppm (A4)<\/p>\n<\/div>\n<\/li>\n<li class=\"product-specification-detail__list-line canon-mb-xxs\">\n<div class=\"product-specification-detail__list-key canon-paragraph--big\">M\u00e9thode d&#8217;impression<\/div>\n<div class=\"product-specification-detail__value-wrapper\">\n<p>Impression noir et blanc par syst\u00e8me \u00e0 faisceau laser<\/p>\n<\/div>\n<\/li>\n<li class=\"product-specification-detail__list-line canon-mb-xxs\">\n<div class=\"product-specification-detail__list-key canon-paragraph--big\">Qualit\u00e9 d&#8217;impression<\/div>\n<div class=\"product-specification-detail__value-wrapper\">\n<p>Jusqu&#8217;\u00e0 1200\u00a0x 600\u00a0dpi avec la fonction de lissage automatique de l&#8217;image<\/p>\n<\/div>\n<\/li>\n<li class=\"product-specification-detail__list-line canon-mb-xxs\">\n<div class=\"product-specification-detail__list-key canon-paragraph--big\">R\u00e9solution d&#8217;impression<\/div>\n<div class=\"product-specification-detail__value-wrapper\">\n<p>600 x 400 dpi<\/p>\n<\/div>\n<\/li>\n<li class=\"product-specification-detail__list-line canon-mb-xxs\">\n<div class=\"product-specification-detail__list-key canon-paragraph--big\">Temps de sortie de la premi\u00e8re impression<\/div>\n<div class=\"product-specification-detail__value-wrapper\">\n<p>7,8\u00a0sec.<\/p>\n<\/div>\n<\/li>\n<li class=\"product-specification-detail__list-line canon-mb-xxs\">\n<div class=\"product-specification-detail__list-key canon-paragraph--big\">Langages de l&#8217;imprimante<\/div>\n<div class=\"product-specification-detail__value-wrapper\">\n<p>UFRII-LT<\/p>\n<\/div>\n<\/li>\n<li class=\"product-specification-detail__list-line canon-mb-xxs\">\n<div class=\"product-specification-detail__list-key canon-paragraph--big\">Marges d&#8217;impression<\/div>\n<div class=\"product-specification-detail__value-wrapper\">\n<p>5\u00a0mm haut, 6\u00a0mm bas\u00a0; 5\u00a0mm gauche et droite<\/p>\n<\/div>\n<\/li>\n<li class=\"product-specification-detail__list-line canon-mb-xxs\">\n<div class=\"product-specification-detail__list-key canon-paragraph--big\">Mode d&#8217;\u00e9conomie d&#8217;encre<\/div>\n<div class=\"product-specification-detail__value-wrapper\">\n<p>Oui<\/p>\n<\/div>\n<\/li>\n<\/ul>\n<h3 id=\"COPIEUR\" class=\"product-specification-detail__sub-title canon-section-title--small mb-7\">COPIEUR<\/h3>\n<ul class=\"product-specification-detail__list canon-mb-xm\">\n<li class=\"product-specification-detail__list-line canon-mb-xxs\">\n<div class=\"product-specification-detail__list-key canon-paragraph--big\">Vitesse de copie<\/div>\n<div class=\"product-specification-detail__value-wrapper\">\n<p>Jusqu&#8217;\u00e0 18\u00a0ppm (A4)<\/p>\n<\/div>\n<\/li>\n<li class=\"product-specification-detail__list-line canon-mb-xxs\">\n<div class=\"product-specification-detail__list-key canon-paragraph--big\">Temps de sortie de la premi\u00e8re copie<\/div>\n<div class=\"product-specification-detail__value-wrapper\">\n<p>Environ 12\u00a0secondes maximum<\/p>\n<\/div>\n<\/li>\n<li class=\"product-specification-detail__list-line canon-mb-xxs\">\n<div class=\"product-specification-detail__list-key canon-paragraph--big\">R\u00e9solution de copie<\/div>\n<div class=\"product-specification-detail__value-wrapper\">\n<p>Jusqu&#8217;\u00e0 600\u00a0\u00d7\u00a0600\u00a0dpi<\/p>\n<\/div>\n<\/li>\n<li class=\"product-specification-detail__list-line canon-mb-xxs\">\n<div class=\"product-specification-detail__list-key canon-paragraph--big\">Modes de copie<\/div>\n<div class=\"product-specification-detail__value-wrapper\">\n<p>Texte, Texte\/Photo, Texte\/Photo+, Photo<\/p>\n<\/div>\n<\/li>\n<li class=\"product-specification-detail__list-line canon-mb-xxs\">\n<div class=\"product-specification-detail__list-key canon-paragraph--big\">Copies multiples<\/div>\n<div class=\"product-specification-detail__value-wrapper\">\n<p>Jusqu&#8217;\u00e0 9\u00a0copies<\/p>\n<\/div>\n<\/li>\n<li class=\"product-specification-detail__list-line canon-mb-xxs\">\n<div class=\"product-specification-detail__list-key canon-paragraph--big\">R\u00e9duction \/ Agrandissement<\/div>\n<div class=\"product-specification-detail__value-wrapper\">\n<p>50 \u00e0 200\u00a0% par incr\u00e9ments de 10\u00a0%<\/p>\n<\/div>\n<\/li>\n<li class=\"product-specification-detail__list-line canon-mb-xxs\">\n<div class=\"product-specification-detail__list-key canon-paragraph--big\">Mode d&#8217;\u00e9conomie d&#8217;encre<\/div>\n<div class=\"product-specification-detail__value-wrapper\">\n<p>Non<\/p>\n<\/div>\n<\/li>\n<li class=\"product-specification-detail__list-line canon-mb-xxs\">\n<div class=\"product-specification-detail__list-key canon-paragraph--big\">Autres caract\u00e9ristiques<\/div>\n<div class=\"product-specification-detail__value-wrapper\">\n<p>2 en 1, copie de cartes d&#8217;identit\u00e9<\/p>\n<\/div>\n<\/li>\n<\/ul>\n<h3 id=\"SCANNERS\" class=\"product-specification-detail__sub-title canon-section-title--small mb-7\">SCANNERS<\/h3>\n<ul class=\"product-specification-detail__list canon-mb-xm\">\n<li class=\"product-specification-detail__list-line canon-mb-xxs\">\n<div class=\"product-specification-detail__list-key canon-paragraph--big\">Type<\/div>\n<div class=\"product-specification-detail__value-wrapper\">\n<p>Couleur<\/p>\n<\/div>\n<\/li>\n<li class=\"product-specification-detail__list-line canon-mb-xxs\">\n<div class=\"product-specification-detail__list-key canon-paragraph--big\">R\u00e9solution de num\u00e9risation<\/div>\n<div class=\"product-specification-detail__value-wrapper\">\n<p>Optique\u00a0: jusqu&#8217;\u00e0 600\u00a0\u00d7\u00a0600\u00a0dpi<br \/>\nAm\u00e9lior\u00e9e\u00a0: jusqu&#8217;\u00e0 9600\u00a0\u00d7 9600\u00a0dpi<\/p>\n<\/div>\n<\/li>\n<li class=\"product-specification-detail__list-line canon-mb-xxs\">\n<div class=\"product-specification-detail__list-key canon-paragraph--big\">Profondeur de num\u00e9risation de couleur<\/div>\n<div class=\"product-specification-detail__value-wrapper\">\n<p>24\u00a0bits\/24\u00a0bits (entr\u00e9e\/sortie)<\/p>\n<\/div>\n<\/li>\n<li class=\"product-specification-detail__list-line canon-mb-xxs\">\n<div class=\"product-specification-detail__list-key canon-paragraph--big\">Niveaux de gris<\/div>\n<div class=\"product-specification-detail__value-wrapper\">\n<p>256\u00a0niveaux<\/p>\n<\/div>\n<\/li>\n<li class=\"product-specification-detail__list-line canon-mb-xxs\">\n<div class=\"product-specification-detail__list-key canon-paragraph--big\">Compatibilit\u00e9<\/div>\n<div class=\"product-specification-detail__value-wrapper\">\n<p>TWAIN, WIA<\/p>\n<\/div>\n<\/li>\n<li class=\"product-specification-detail__list-line canon-mb-xxs\">\n<div class=\"product-specification-detail__list-key canon-paragraph--big\">Largeur de num\u00e9risation max.<\/div>\n<div class=\"product-specification-detail__value-wrapper\">\n<p>216\u00a0mm<\/p>\n<\/div>\n<\/li>\n<\/ul>\n<h3 id=\"GESTIONDESSUPPORTS\" class=\"product-specification-detail__sub-title canon-section-title--small mb-7\">GESTION DES SUPPORTS<\/h3>\n<ul class=\"product-specification-detail__list canon-mb-xm\">\n<li class=\"product-specification-detail__list-line canon-mb-xxs\">\n<div class=\"product-specification-detail__list-key canon-paragraph--big\">Type de scanner<\/div>\n<div class=\"product-specification-detail__value-wrapper\">\n<p>Scanner \u00e0 plat<\/p>\n<\/div>\n<\/li>\n<li class=\"product-specification-detail__list-line canon-mb-xxs\">\n<div class=\"product-specification-detail__list-key canon-paragraph--big\">Chargeur papier (Standard)<\/div>\n<div class=\"product-specification-detail__value-wrapper\">\n<p>Bac de 150\u00a0feuilles<\/p>\n<\/div>\n<\/li>\n<li class=\"product-specification-detail__list-line canon-mb-xxs\">\n<div class=\"product-specification-detail__list-key canon-paragraph--big\">Sortie papier<\/div>\n<div class=\"product-specification-detail__value-wrapper\">\n<p>100\u00a0feuilles<\/p>\n<\/div>\n<\/li>\n<li class=\"product-specification-detail__list-line canon-mb-xxs\">\n<div class=\"product-specification-detail__list-key canon-paragraph--big\">Types de support<\/div>\n<div class=\"product-specification-detail__value-wrapper\">\n<p>Papier ordinaire, papier \u00e9pais, papier recycl\u00e9, transparent, \u00e9tiquette, enveloppe, fiche<\/p>\n<\/div>\n<\/li>\n<li class=\"product-specification-detail__list-line canon-mb-xxs\">\n<div class=\"product-specification-detail__list-key canon-paragraph--big\">Formats de support<\/div>\n<div class=\"product-specification-detail__value-wrapper\">\n<p>Bac\u00a0:<br \/>\nA4, B5, A5, Executive, Enveloppe (COM10, Monarch, DL, B5, C5), LTR, LGL, Statement, formats personnalis\u00e9s\u00a0: largeur 76\u00a0x\u00a0216\u00a0mm\u00a0; longueur 127\u00a0x\u00a0356\u00a0mm.<\/p>\n<\/div>\n<\/li>\n<li class=\"product-specification-detail__list-line canon-mb-xxs\">\n<div class=\"product-specification-detail__list-key canon-paragraph--big\">Grammages de support<\/div>\n<div class=\"product-specification-detail__value-wrapper\">\n<p>Bac\u00a0: 60\u00a0\u00e0 163\u00a0g\/m\u00b2<\/p>\n<\/div>\n<\/li>\n<\/ul>\n<h3 id=\"INTERFACE&amp;LOGICIEL\" class=\"product-specification-detail__sub-title canon-section-title--small mb-7\">INTERFACE &amp; LOGICIEL<\/h3>\n<ul class=\"product-specification-detail__list canon-mb-xm\">\n<li class=\"product-specification-detail__list-line canon-mb-xxs\">\n<div class=\"product-specification-detail__list-key canon-paragraph--big\">Type d&#8217;interface<\/div>\n<div class=\"product-specification-detail__value-wrapper\">\n<p>USB\u00a02.0 Haute-vitesse<\/p>\n<\/div>\n<\/li>\n<li class=\"product-specification-detail__list-line canon-mb-xxs\">\n<div class=\"product-specification-detail__list-key canon-paragraph--big\">Compatibilit\u00e9 avec syst\u00e8mes d&#8217;exploitation<\/div>\n<div class=\"product-specification-detail__value-wrapper\">\n<p>Windows\u00a07\/2000\/XP\/Vista<br \/>\nMac\u00a0OS\u00a0X version\u00a010.4.9\u00a0&#8211; 10.7.x\u00b9<br \/>\nLinux\u00b2<\/p>\n<\/div>\n<\/li>\n<li class=\"product-specification-detail__list-line canon-mb-xxs\">\n<div class=\"product-specification-detail__list-key canon-paragraph--big\">Gestion du logiciel et de l&#8217;imprimante<\/div>\n<div class=\"product-specification-detail__value-wrapper\">\n<p>Presto! Page Manager, MF Toolbox<\/p>\n<\/div>\n<\/li>\n<\/ul>\n<h3 id=\"FONCTIONSG\u00c9N\u00c9RALE\" class=\"product-specification-detail__sub-title canon-section-title--small mb-7\">FONCTIONS G\u00c9N\u00c9RALE<\/h3>\n<ul class=\"product-specification-detail__list canon-mb-xm\">\n<li class=\"product-specification-detail__list-line canon-mb-xxs\">\n<div class=\"product-specification-detail__list-key canon-paragraph--big\">Cycle de travail<\/div>\n<div class=\"product-specification-detail__value-wrapper\">\n<p>Max. 8000\u00a0pages par mois\u00b9<\/p>\n<\/div>\n<\/li>\n<li class=\"product-specification-detail__list-line canon-mb-xxs\">\n<div class=\"product-specification-detail__list-key canon-paragraph--big\">Temps de pr\u00e9chauffage<\/div>\n<div class=\"product-specification-detail__value-wrapper\">\n<p>Environ 10\u00a0secondes depuis la mise sous tension<\/p>\n<\/div>\n<\/li>\n<li class=\"product-specification-detail__list-line canon-mb-xxs\">\n<div class=\"product-specification-detail__list-key canon-paragraph--big\">M\u00e9moire<\/div>\n<div class=\"product-specification-detail__value-wrapper\">\n<p>64\u00a0Mo<\/p>\n<\/div>\n<\/li>\n<li class=\"product-specification-detail__list-line canon-mb-xxs\">\n<div class=\"product-specification-detail__list-key canon-paragraph--big\">Panneau de commande<\/div>\n<div class=\"product-specification-detail__value-wrapper\">\n<p>DEL \u00e0 1\u00a0chiffre<\/p>\n<\/div>\n<\/li>\n<li class=\"product-specification-detail__list-line canon-mb-xxs\">\n<div class=\"product-specification-detail__list-key canon-paragraph--big\">Dimensions avec bacs (L x P x H)<\/div>\n<div class=\"product-specification-detail__value-wrapper\">\n<p>372\u00a0x\u00a0276\u00a0x\u00a0254\u00a0mm<\/p>\n<\/div>\n<\/li>\n<li class=\"product-specification-detail__list-line canon-mb-xxs\">\n<div class=\"product-specification-detail__list-key canon-paragraph--big\">Espace requis pour l&#8217;installation (L x P x H)<\/div>\n<div class=\"product-specification-detail__value-wrapper\">\n<p>572\u00a0x\u00a0632\u00a0x\u00a0608\u00a0mm<\/p>\n<\/div>\n<\/li>\n<li class=\"product-specification-detail__list-line canon-mb-xxs\">\n<div class=\"product-specification-detail__list-key canon-paragraph--big\">Poids<\/div>\n<div class=\"product-specification-detail__value-wrapper\">\n<p>8,2\u00a0kg<\/p>\n<\/div>\n<\/li>\n<li class=\"product-specification-detail__list-line canon-mb-xxs\">\n<div class=\"product-specification-detail__list-key canon-paragraph--big\">Environnement de fonctionnement<\/div>\n<div class=\"product-specification-detail__value-wrapper\">\n<p>Temp\u00e9rature\u00a0: 10 \u00e0 30\u00a0\u00b0C<br \/>\nHumidit\u00e9 relative\u00a0: 20\u00a0\u00e0\u00a080\u00a0% (sans condensation)<\/p>\n<\/div>\n<\/li>\n<li class=\"product-specification-detail__list-line canon-mb-xxs\">\n<div class=\"product-specification-detail__list-key canon-paragraph--big\">Alimentation<\/div>\n<div class=\"product-specification-detail__value-wrapper\">\n<p>220-240\u00a0V (\u00b110\u00a0%), 50\/60\u00a0Hz (\u00b12\u00a0Hz)<\/p>\n<\/div>\n<\/li>\n<li class=\"product-specification-detail__list-line canon-mb-xxs\">\n<div class=\"product-specification-detail__list-key canon-paragraph--big\">Consommation \u00e9lectrique<\/div>\n<div class=\"product-specification-detail__value-wrapper\">\n<p>Maximum\u00a0: environ 960\u00a0W<br \/>\nEn fonctionnement\u00a0: environ 450\u00a0W<br \/>\nEn veille\u00a0: environ 1,4\u00a0W<br \/>\nConsommation \u00e9lectrique typique\u00a0: 0,6\u00a0kWh<br \/>\nLot26 (http:\/\/www.canon-europe.com\/For_Work\/Lot26\/index.aspx)<\/p>\n<\/div>\n<\/li>\n<li class=\"product-specification-detail__list-line canon-mb-xxs\">\n<div class=\"product-specification-detail__list-key canon-paragraph--big\">Niveaux de bruit<\/div>\n<div class=\"product-specification-detail__value-wrapper\">\n<p>Puissance sonore<br \/>\nPendant l&#8217;utilisation\u00a0: 65,3\u00a0dB maximum<br \/>\nEn attente\u00a0: 43\u00a0dB maximum<br \/>\nPression sonore<br \/>\nPendant l&#8217;utilisation\u00a0: 50,4\u00a0dB<br \/>\nEn attente\u00a0: inaudible<\/p>\n<\/div>\n<\/li>\n<\/ul>\n<h3 id=\"CONSOMMABLES\" class=\"product-specification-detail__sub-title canon-section-title--small mb-7\">CONSOMMABLES<\/h3>\n<ul class=\"product-specification-detail__list canon-mb-xm\">\n<li class=\"product-specification-detail__list-line canon-mb-xxs\">\n<div class=\"product-specification-detail__list-key canon-paragraph--big\">Cartouches<\/div>\n<div class=\"product-specification-detail__value-wrapper\">\n<p>Cartouche 725 (1\u00a0600\u00a0pages\u00b9)\u00b2<\/p>\n<\/div>\n<\/li>\n<\/ul>\n","protected":false},"excerpt":{"rendered":"<p><strong>Caract\u00e9ristiques<\/strong> :<\/p>\n<ul>\n<li>Domestique et professionnel Laser Impression mono<\/li>\n<li>1200 x 600 DPI<\/li>\n<li>Couleurs d&#8217;impression: Noir<\/li>\n<li>A4 18 ppm<\/li>\n<li>Copie simple Num\u00e9risation couleur<\/li>\n<li>Port USB<\/li>\n<li>M\u00e9moire interne: 64 Mo<\/li>\n<li>8,2 kg<\/li>\n<\/ul>\n","protected":false},"featured_media":5738,"template":"","meta":{"_acf_changed":false},"product_cat":[247],"product_tag":[246],"class_list":{"0":"post-5735","1":"product","2":"type-product","3":"status-publish","4":"has-post-thumbnail","6":"product_cat-canon-laser","7":"product_tag-canon-laser","9":"first","10":"instock","11":"taxable","12":"shipping-taxable","13":"purchasable","14":"product-type-simple"},"acf":[],"_links":{"self":[{"href":"https:\/\/cartouche.ci\/index.php\/wp-json\/wp\/v2\/product\/5735","targetHints":{"allow":["GET"]}}],"collection":[{"href":"https:\/\/cartouche.ci\/index.php\/wp-json\/wp\/v2\/product"}],"about":[{"href":"https:\/\/cartouche.ci\/index.php\/wp-json\/wp\/v2\/types\/product"}],"wp:featuredmedia":[{"embeddable":true,"href":"https:\/\/cartouche.ci\/index.php\/wp-json\/wp\/v2\/media\/5738"}],"wp:attachment":[{"href":"https:\/\/cartouche.ci\/index.php\/wp-json\/wp\/v2\/media?parent=5735"}],"wp:term":[{"taxonomy":"product_cat","embeddable":true,"href":"https:\/\/cartouche.ci\/index.php\/wp-json\/wp\/v2\/product_cat?post=5735"},{"taxonomy":"product_tag","embeddable":true,"href":"https:\/\/cartouche.ci\/index.php\/wp-json\/wp\/v2\/product_tag?post=5735"}],"curies":[{"name":"wp","href":"https:\/\/api.w.org\/{rel}","templated":true}]}}