{"id":5766,"date":"2025-04-14T11:52:22","date_gmt":"2025-04-14T11:52:22","guid":{"rendered":"https:\/\/cartouche.ci\/?post_type=product&#038;p=5766"},"modified":"2025-05-09T09:36:20","modified_gmt":"2025-05-09T09:36:20","slug":"canon-maxify-gx3040","status":"publish","type":"product","link":"https:\/\/cartouche.ci\/index.php\/product\/canon-maxify-gx3040\/","title":{"rendered":"Canon MAXIFY GX3040"},"content":{"rendered":"<section><\/section>\n<section>\n<section>\n<div>\n<h2>Choisissez une imprimante pro et \u00e9conomique,\u00a0adapt\u00e9e \u00e0 votre environnement.<\/h2>\n<section>3-en-1, l&#8217;imprimante\u00a0<strong>Canon MAXIFY GX3040<\/strong>\u00a0d\u00e9montre tout son potentiel pour vous les professionnels qui officiez au bureau comme \u00e0 votre domicile, t\u00e9l\u00e9travail oblige. Simple \u00e0 prendre en main, elle vous permet de disposer d&#8217;une solution multifonction d&#8217;impression, de num\u00e9risation, et de copie. Ses\u00a0<strong>vitesses d&#8217;impression sont de 18 ipm en noir et 13 ipm en couleur<\/strong>. Tr\u00e8s pratique, elle int\u00e8gre des r\u00e9servoirs d&#8217;encre rechargeables \u00e0 haut rendement pour r\u00e9pondre \u00e0 toutes vos attentes. Ce mod\u00e8le offre \u00e9galement une utilisation intuitive avec un\u00a0<strong>\u00e9cran LCD monochrome de 3.4 cm<\/strong>. Connect\u00e9e, elle est pourvue\u00a0d&#8217;une interface Wi-Fi. Enfin, elle est aussi compatible\u00a0avec l&#8217;impression mobile et le cloud.<a href=\"https:\/\/cartouche.ci\/?attachment_id=5772\" rel=\"attachment wp-att-5772\"><img fetchpriority=\"high\" decoding=\"async\" class=\"aligncenter wp-image-5772 size-large\" src=\"https:\/\/cartouche.ci\/wp-content\/uploads\/2025\/04\/maxify-gx3040-06-1-1024x768.webp\" alt=\"\" width=\"1024\" height=\"768\" srcset=\"https:\/\/cartouche.ci\/wp-content\/uploads\/2025\/04\/maxify-gx3040-06-1-1024x768.webp 1024w, https:\/\/cartouche.ci\/wp-content\/uploads\/2025\/04\/maxify-gx3040-06-1-300x225.webp 300w, https:\/\/cartouche.ci\/wp-content\/uploads\/2025\/04\/maxify-gx3040-06-1-768x576.webp 768w, https:\/\/cartouche.ci\/wp-content\/uploads\/2025\/04\/maxify-gx3040-06-1-600x450.webp 600w, https:\/\/cartouche.ci\/wp-content\/uploads\/2025\/04\/maxify-gx3040-06-1.webp 1152w\" sizes=\"(max-width: 1024px) 100vw, 1024px\" \/><\/a><\/section>\n<h2>IMPRIMANTE\u00a03-EN-1 ET R\u00c9SERVOIRS D&#8217;ENCRE \u00c0 HAUT RENDEMENT<\/h2>\n<p>Compacte et performante, l&#8217;imprimante 3-en-1\u00a0<strong>Canon MAXIFY GX3040<\/strong>\u00a0vous accompagnera id\u00e9alement au quotidien. Ce mod\u00e8le couleur est capable d&#8217;accueillir\u00a0<strong>jusqu&#8217;\u00e0 350 feuilles<\/strong>\u00a0(Bac arri\u00e8re : 100 feuilles + Cassette 1 : 250 feuilles) pour r\u00e9pondre \u00e0 vos besoins en toute simplicit\u00e9.\u00a0<strong>Imprimez, scannez ou copiez<\/strong>\u00a0et b\u00e9n\u00e9ficiez d&#8217;une prise en main optimale et rapide.<\/p>\n<p>Faciles \u00e0 remplir, les\u00a0<strong>r\u00e9servoirs d&#8217;encre rechargeables<\/strong>\u00a0sont clairement identifiables. Ils permettent \u00e0 tout moment de conna\u00eetre le niveau d&#8217;encre restant. Outre son c\u00f4t\u00e9 pratique, ce syst\u00e8me est compatible avec de bon<strong>\u00a0rendement<\/strong>\u00a0en proposant des volumes d&#8217;impression suffisamment cons\u00e9quents pour que vous puissiez imprimer vos photos jusqu&#8217;au format A4.<\/p>\n<\/div>\n<\/section>\n<section>\n<div>\n<h2>UTILISATION CONNECT\u00c9E<\/h2>\n<p>Pour vous faciliter la vie au quotidien, cette<strong>\u00a0imprimante multifonction Canon MAXIFY GX3040<\/strong>\u00a0est dot\u00e9e d&#8217;une\u00a0<strong>connectivit\u00e9 Wi-Fi, cloud et gestion de supports diversifi\u00e9s<\/strong>\u00a0&#8211; pour des documents d&#8217;une nettet\u00e9 parfaite et des photos \u00e9clatantes \u00e0 la maison ou au bureau. Elle est\u00a0<strong>compatible avec les solutions d&#8217;impression\u00a0<\/strong>PIXMA Cloud Link (impression), Plug-in Canon Print Service (Android) et Apple AirPrint. Avec elle, toutes les solutions sont offertes pour immortaliser photos et documents depuis votre appareil mobile !<\/p>\n<\/div>\n<\/section>\n<\/section>\n<section><a href=\"https:\/\/cartouche.ci\/?attachment_id=5774\" rel=\"attachment wp-att-5774\"><img decoding=\"async\" class=\"aligncenter wp-image-5774 size-full\" src=\"https:\/\/cartouche.ci\/wp-content\/uploads\/2025\/04\/gx3040-bureau-wifi.jpg\" alt=\"\" width=\"800\" height=\"450\" srcset=\"https:\/\/cartouche.ci\/wp-content\/uploads\/2025\/04\/gx3040-bureau-wifi.jpg 800w, https:\/\/cartouche.ci\/wp-content\/uploads\/2025\/04\/gx3040-bureau-wifi-300x169.jpg 300w, https:\/\/cartouche.ci\/wp-content\/uploads\/2025\/04\/gx3040-bureau-wifi-768x432.jpg 768w, https:\/\/cartouche.ci\/wp-content\/uploads\/2025\/04\/gx3040-bureau-wifi-600x338.jpg 600w\" sizes=\"(max-width: 800px) 100vw, 800px\" \/><\/a><\/section>\n","protected":false},"excerpt":{"rendered":"<ul>\n<li>Impression couleur<\/li>\n<li>600 x 1200 DPI<\/li>\n<li>Couleurs d&#8217;impression: Noir, Cyan, Magenta, Jaune<\/li>\n<li>A4<\/li>\n<li>Copie couleur \/ Num\u00e9risation couleur<\/li>\n<li>Impression directe<\/li>\n<li>Port USB et connexion par Wifi<\/li>\n<li>impression via smartphone<\/li>\n<li>8,3 kg<\/li>\n<\/ul>\n","protected":false},"featured_media":5769,"template":"","meta":{"_acf_changed":false},"product_cat":[230],"product_tag":[242],"class_list":{"0":"post-5766","1":"product","2":"type-product","3":"status-publish","4":"has-post-thumbnail","6":"product_cat-imprimantes-canon-jet-dencre","7":"product_tag-jet-dencre","9":"first","10":"instock","11":"taxable","12":"shipping-taxable","13":"purchasable","14":"product-type-simple"},"acf":[],"_links":{"self":[{"href":"https:\/\/cartouche.ci\/index.php\/wp-json\/wp\/v2\/product\/5766","targetHints":{"allow":["GET"]}}],"collection":[{"href":"https:\/\/cartouche.ci\/index.php\/wp-json\/wp\/v2\/product"}],"about":[{"href":"https:\/\/cartouche.ci\/index.php\/wp-json\/wp\/v2\/types\/product"}],"wp:featuredmedia":[{"embeddable":true,"href":"https:\/\/cartouche.ci\/index.php\/wp-json\/wp\/v2\/media\/5769"}],"wp:attachment":[{"href":"https:\/\/cartouche.ci\/index.php\/wp-json\/wp\/v2\/media?parent=5766"}],"wp:term":[{"taxonomy":"product_cat","embeddable":true,"href":"https:\/\/cartouche.ci\/index.php\/wp-json\/wp\/v2\/product_cat?post=5766"},{"taxonomy":"product_tag","embeddable":true,"href":"https:\/\/cartouche.ci\/index.php\/wp-json\/wp\/v2\/product_tag?post=5766"}],"curies":[{"name":"wp","href":"https:\/\/api.w.org\/{rel}","templated":true}]}}