{"id":5786,"date":"2025-04-15T09:48:28","date_gmt":"2025-04-15T09:48:28","guid":{"rendered":"https:\/\/cartouche.ci\/?post_type=product&#038;p=5786"},"modified":"2025-05-09T09:27:31","modified_gmt":"2025-05-09T09:27:31","slug":"hp-laserjet-pro-4003dw","status":"publish","type":"product","link":"https:\/\/cartouche.ci\/index.php\/product\/hp-laserjet-pro-4003dw\/","title":{"rendered":"HP LaserJet Pro 4003dw"},"content":{"rendered":"<h1 class=\"c-product-all-details-table__title h3 m-text-rtl-symbols\">Imprimante HP LaserJet Pro 4003dw (2Z610A)<\/h1>\n<table class=\"c-product-all-details-table__table\" role=\"table\">\n<caption class=\"c-product-all-details-table__caption\">Imprimante HP LaserJet Pro 4003dw (2Z610A) Toutes les caract\u00e9ristiques techniques<\/caption>\n<tbody>\n<tr class=\"c-product-all-details-table__tr\" role=\"row\">\n<th class=\"c-product-all-details-table__th\" role=\"rowheader\">Fonctions<\/th>\n<td class=\"c-product-all-details-table__td m-text-rte\" role=\"cell\">Imprimer<\/td>\n<\/tr>\n<tr class=\"c-product-all-details-table__tr\" role=\"row\">\n<th class=\"c-product-all-details-table__th\" role=\"rowheader\">Vitesse d&#8217;impression en noire (ISO, lettre)<\/th>\n<td class=\"c-product-all-details-table__td m-text-rte\" role=\"cell\">Jusqu&#8217;\u00e0 42\u00a0<span class=\"m-text-nowrap\">ppm<span class=\"c-footnote-container\">\u00a0<sup><span class=\"footnote__number\">1<\/span><\/sup><\/span><\/span><\/td>\n<\/tr>\n<tr class=\"c-product-all-details-table__tr\" role=\"row\">\n<th class=\"c-product-all-details-table__th\" role=\"rowheader\">Vitesse d&#8217;impression en noir (ISO, A4)<\/th>\n<td class=\"c-product-all-details-table__td m-text-rte\" role=\"cell\">Jusqu&#8217;\u00e0 40\u00a0<span class=\"m-text-nowrap\">ppm<span class=\"c-footnote-container\">\u00a0<sup><span class=\"footnote__number\">1<\/span><\/sup><\/span><\/span><\/td>\n<\/tr>\n<tr class=\"c-product-all-details-table__tr\" role=\"row\">\n<th class=\"c-product-all-details-table__th\" role=\"rowheader\">D\u00e9lai d&#8217;impression de la premi\u00e8re page noire (lettre, pr\u00eat)<\/th>\n<td class=\"c-product-all-details-table__td m-text-rte\" role=\"cell\">As fast as 6.1\u00a0<span class=\"m-text-nowrap\">sec<span class=\"c-footnote-container\">\u00a0<sup><span class=\"footnote__number\">2<\/span><\/sup><\/span><\/span>\u00a0<span class=\"footnotes\"><span class=\"m-text-nowrap\">(<\/span><span data-processed-by-js=\"true\">\u00a0Mesur\u00e9e selon la norme ISO\/IEC 17629. Pour plus d&#8217;informations, consultez le site http :\/\/<a tabindex=\"100\" href=\"https:\/\/www.hp.com\/go\/printerclaims\" target=\"_self\" rel=\"noopener noreferrer nofollow\">www.hp.com\/go\/printerclaims<\/a>. La vitesse exacte d\u00e9pend de la configuration du syst\u00e8me, de l&#8217;application logicielle, du pilote et de la complexit\u00e9 du document.)<\/span><\/span><\/td>\n<\/tr>\n<tr class=\"c-product-all-details-table__tr\" role=\"row\">\n<th class=\"c-product-all-details-table__th\" role=\"rowheader\">D\u00e9lai d&#8217;impression de la premi\u00e8re page noire (A4, pr\u00eat)<\/th>\n<td class=\"c-product-all-details-table__td m-text-rte\" role=\"cell\">En 6,3 secondes\u00a0<span class=\"m-text-nowrap\">seulement<span class=\"c-footnote-container\">\u00a0<sup><span class=\"footnote__number\">2<\/span><\/sup><\/span><\/span>\u00a0<span class=\"footnotes\"><span class=\"m-text-nowrap\">(<\/span><span data-processed-by-js=\"true\">\u00a0Mesur\u00e9e selon la norme ISO\/IEC 17629. Pour plus d&#8217;informations, consultez le site http :\/\/<a tabindex=\"100\" href=\"https:\/\/www.hp.com\/go\/printerclaims\" target=\"_self\" rel=\"noopener noreferrer nofollow\">www.hp.com\/go\/printerclaims<\/a>. La vitesse exacte d\u00e9pend de la configuration du syst\u00e8me, de l&#8217;application logicielle, du pilote et de la complexit\u00e9 du document.)<\/span><\/span><\/td>\n<\/tr>\n<tr class=\"c-product-all-details-table__tr\" role=\"row\">\n<th class=\"c-product-all-details-table__th\" role=\"rowheader\">D\u00e9lai d&#8217;impression de la premi\u00e8re page couleur (lettre, pr\u00eat)<\/th>\n<td class=\"c-product-all-details-table__td m-text-rte\" role=\"cell\"><span class=\"c-footnote-container\"><sup><span class=\"footnote__number\">2<\/span><\/sup><\/span>\u00a0<span class=\"footnotes\"><span class=\"m-text-nowrap\">(<\/span><span data-processed-by-js=\"true\">\u00a0Mesur\u00e9e selon la norme ISO\/IEC 17629. Pour plus d&#8217;informations, consultez le site http :\/\/<a tabindex=\"100\" href=\"https:\/\/www.hp.com\/go\/printerclaims\" target=\"_self\" rel=\"noopener noreferrer nofollow\">www.hp.com\/go\/printerclaims<\/a>. La vitesse exacte d\u00e9pend de la configuration du syst\u00e8me, de l&#8217;application logicielle, du pilote et de la complexit\u00e9 du document.)<\/span><\/span><\/td>\n<\/tr>\n<tr class=\"c-product-all-details-table__tr\" role=\"row\">\n<th class=\"c-product-all-details-table__th\" role=\"rowheader\">D\u00e9lai d&#8217;impression de la premi\u00e8re page couleur (A4, pr\u00eat)<\/th>\n<td class=\"c-product-all-details-table__td m-text-rte\" role=\"cell\"><span class=\"c-footnote-container\"><sup><span class=\"footnote__number\">2<\/span><\/sup><\/span>\u00a0<span class=\"footnotes\"><span class=\"m-text-nowrap\">(<\/span><span data-processed-by-js=\"true\">\u00a0Mesur\u00e9e selon la norme ISO\/IEC 17629. Pour plus d&#8217;informations, consultez le site http :\/\/<a tabindex=\"100\" href=\"https:\/\/www.hp.com\/go\/printerclaims\" target=\"_self\" rel=\"noopener noreferrer nofollow\">www.hp.com\/go\/printerclaims<\/a>. La vitesse exacte d\u00e9pend de la configuration du syst\u00e8me, de l&#8217;application logicielle, du pilote et de la complexit\u00e9 du document.)<\/span><\/span><\/td>\n<\/tr>\n<tr class=\"c-product-all-details-table__tr\" role=\"row\">\n<th class=\"c-product-all-details-table__th\" role=\"rowheader\">Cycle d&#8217;utilisation (mensuel, lettre)<\/th>\n<td class=\"c-product-all-details-table__td m-text-rte\" role=\"cell\">Up to 80,000 pagesJusqu&#8217;\u00e0 80\u00a0000 pages\u00a0<span class=\"footnotes\">(Le Taux d&#8217;utilisation mensuel correspond au nombre maximum de pages d&#8217;impressions d&#8217;images mensuelles. Cette valeur permet de comparer la solidit\u00e9 des produits par rapport aux autres p\u00e9riph\u00e9riques HP LaserJet ou HP Color LaserJet tout en assurant un d\u00e9ploiement appropri\u00e9 des imprimantes et des imprimantes multifonction afin de r\u00e9pondre aux attentes des individus ou des groupes connect\u00e9s.)<\/span><\/td>\n<\/tr>\n<tr class=\"c-product-all-details-table__tr\" role=\"row\">\n<th class=\"c-product-all-details-table__th\" role=\"rowheader\">Cycle d&#8217;utilisation (mensuel, A4)<\/th>\n<td class=\"c-product-all-details-table__td m-text-rte\" role=\"cell\">Jusqu&#8217;\u00e0 80\u00a0000 pages\u00a0<span class=\"footnotes\">(Le Taux d&#8217;utilisation mensuel correspond au nombre maximum de pages d&#8217;impressions d&#8217;images mensuelles. Cette valeur permet de comparer la solidit\u00e9 des produits par rapport aux autres p\u00e9riph\u00e9riques HP LaserJet ou HP Color LaserJet tout en assurant un d\u00e9ploiement appropri\u00e9 des imprimantes et des imprimantes multifonction afin de r\u00e9pondre aux attentes des individus ou des groupes connect\u00e9s.)<\/span><\/td>\n<\/tr>\n<tr class=\"c-product-all-details-table__tr\" role=\"row\">\n<th class=\"c-product-all-details-table__th\" role=\"rowheader\">Volume de pages mensuel recommand\u00e9<\/th>\n<td class=\"c-product-all-details-table__td m-text-rte\" role=\"cell\">750 \u00e0 4 000\u00a0<span class=\"footnotes\">(HP recommande un nombre de pages imprim\u00e9es mensuelles dans la fourchette indiqu\u00e9e afin d&#8217;optimiser les performances du dispositif, en fonction de facteurs incluant les intervalles de remplacement des consommables et la dur\u00e9e de vie du dispositif durant la p\u00e9riode de garantie \u00e9tendue.)<\/span><\/td>\n<\/tr>\n<tr class=\"c-product-all-details-table__tr\" role=\"row\">\n<th class=\"c-product-all-details-table__th\" role=\"rowheader\">Qualit\u00e9 d&#8217;impression noire (optimale)<\/th>\n<td class=\"c-product-all-details-table__td m-text-rte\" role=\"cell\">Lignes fines (1 200 x 1 200 ppp)<\/td>\n<\/tr>\n<tr class=\"c-product-all-details-table__tr\" role=\"row\">\n<th class=\"c-product-all-details-table__th\" role=\"rowheader\">Langages d&#8217;impression<\/th>\n<td class=\"c-product-all-details-table__td m-text-rte\" role=\"cell\">HP PCL 6, HP PCL 5e, \u00e9mulation HP Postscript niveau 3, PDF, URF, PWG Raster<\/td>\n<\/tr>\n<tr class=\"c-product-all-details-table__tr\" role=\"row\">\n<th class=\"c-product-all-details-table__th\" role=\"rowheader\">Technologie d&#8217;impression<\/th>\n<td class=\"c-product-all-details-table__td m-text-rte\" role=\"cell\">Laser<\/td>\n<\/tr>\n<tr class=\"c-product-all-details-table__tr\" role=\"row\">\n<th class=\"c-product-all-details-table__th\" role=\"rowheader\">Fonctionnalit\u00e9s r\u00e9seau<\/th>\n<td class=\"c-product-all-details-table__td m-text-rte\" role=\"cell\">Oui, via Ethernet Gigabit 10\/100 Base-TX int\u00e9gr\u00e9; Ethernet avec croisement automatique; Authentification via 802.1X (ne s\u2019applique pas aux ensembles D)<\/td>\n<\/tr>\n<tr class=\"c-product-all-details-table__tr\" role=\"row\">\n<th class=\"c-product-all-details-table__th\" role=\"rowheader\">Configuration syst\u00e8me minimale requise pour Macintosh<\/th>\n<td class=\"c-product-all-details-table__td m-text-rte\" role=\"cell\">2 Go d\u2019espace disponible sur le disque dur; Connexion Internet ou navigateur Internet avec port USB. Pour conna\u00eetre la configuration mat\u00e9rielle suppl\u00e9mentaire requise pour le syst\u00e8me d\u2019exploitation, reportez-vous au site apple.com<\/td>\n<\/tr>\n<tr class=\"c-product-all-details-table__tr\" role=\"row\">\n<th class=\"c-product-all-details-table__th\" role=\"rowheader\">Configuration minimale du syst\u00e8me<\/th>\n<td class=\"c-product-all-details-table__td m-text-rte\" role=\"cell\">2\u00a0Go d\u2019espace disque disponible; Connexion Internet ou navigateur Internet avec port USB. Pour conna\u00eetre la configuration mat\u00e9rielle suppl\u00e9mentaire requise pour le syst\u00e8me d\u2019exploitation, reportez-vous au site microsoft.com<\/td>\n<\/tr>\n<tr class=\"c-product-all-details-table__tr\" role=\"row\">\n<th class=\"c-product-all-details-table__th\" role=\"rowheader\">Ecran<\/th>\n<td class=\"c-product-all-details-table__td m-text-rte\" role=\"cell\">2-line back lit LCD graphic display<\/td>\n<\/tr>\n<tr class=\"c-product-all-details-table__tr\" role=\"row\">\n<th class=\"c-product-all-details-table__th\" role=\"rowheader\">Vitesse du processeur<\/th>\n<td class=\"c-product-all-details-table__td m-text-rte\" role=\"cell\">1 200 MHz<\/td>\n<\/tr>\n<tr class=\"c-product-all-details-table__tr\" role=\"row\">\n<th class=\"c-product-all-details-table__th\" role=\"rowheader\">Capacit\u00e9 m\u00e9moire maximale<\/th>\n<td class=\"c-product-all-details-table__td m-text-rte\" role=\"cell\">256 Mo<\/p>\n<p>&nbsp;<\/td>\n<\/tr>\n<tr class=\"c-product-all-details-table__tr\" role=\"row\">\n<th class=\"c-product-all-details-table__th\" role=\"rowheader\">M\u00e9moire<\/th>\n<td class=\"c-product-all-details-table__td m-text-rte\" role=\"cell\">256 Mo<\/td>\n<\/tr>\n<tr class=\"c-product-all-details-table__tr\" role=\"row\">\n<th class=\"c-product-all-details-table__th\" role=\"rowheader\">M\u00e9moire interne<\/th>\n<td class=\"c-product-all-details-table__td m-text-rte\" role=\"cell\">Aucune<\/td>\n<\/tr>\n<tr class=\"c-product-all-details-table__tr\" role=\"row\">\n<th class=\"c-product-all-details-table__th\" role=\"rowheader\">Syst\u00e8mes d&#8217;exploitation support\u00e9s<\/th>\n<td class=\"c-product-all-details-table__td m-text-rte\" role=\"cell\">Windows 11; Windows 10; Android; iOS; Syst\u00e8mes d\u2019exploitation mobiles; macOS 10.15 Catalina; macOS 11 Big Sur; macOS 12 Monterey; macOS 13 Ventura; Chrome OS<\/td>\n<\/tr>\n<tr class=\"c-product-all-details-table__tr\" role=\"row\">\n<th class=\"c-product-all-details-table__th\" role=\"rowheader\">Gestion d&#8217;introduction du papier, standard<\/th>\n<td class=\"c-product-all-details-table__td m-text-rte\" role=\"cell\">Bac universel 1 de 100 feuilles, bac d&#8217;alimentation 2 de 250 feuilles<\/td>\n<\/tr>\n<tr class=\"c-product-all-details-table__tr\" role=\"row\">\n<th class=\"c-product-all-details-table__th\" role=\"rowheader\">Gestion de sortie du papier, standard<\/th>\n<td class=\"c-product-all-details-table__td m-text-rte\" role=\"cell\">Bac de sortie de 150\u00a0feuilles<\/td>\n<\/tr>\n<tr class=\"c-product-all-details-table__tr\" role=\"row\">\n<th class=\"c-product-all-details-table__th\" role=\"rowheader\">Gestion d&#8217;introduction du papier, en option<\/th>\n<td class=\"c-product-all-details-table__td m-text-rte\" role=\"cell\">Troisi\u00e8me bac de 550 feuilles en option<\/td>\n<\/tr>\n<tr class=\"c-product-all-details-table__tr\" role=\"row\">\n<th class=\"c-product-all-details-table__th\" role=\"rowheader\">Gestion du support fini<\/th>\n<td class=\"c-product-all-details-table__td m-text-rte\" role=\"cell\">Alimentation feuille \u00e0 feuille<\/td>\n<\/tr>\n<tr class=\"c-product-all-details-table__tr\" role=\"row\">\n<th class=\"c-product-all-details-table__th\" role=\"rowheader\">Types de supports<\/th>\n<td class=\"c-product-all-details-table__td m-text-rte\" role=\"cell\">Papier (ordinaire, EcoFFICIENT, l\u00e9ger, \u00e9pais, bond, couleur, \u00e0 en-t\u00eate, pr\u00e9imprim\u00e9, perfor\u00e9, recycl\u00e9, rugueux); enveloppes; \u00e9tiquettes<\/td>\n<\/tr>\n<tr class=\"c-product-all-details-table__tr\" role=\"row\">\n<th class=\"c-product-all-details-table__th\" role=\"rowheader\">Tailles de support, personnalis\u00e9es<\/th>\n<td class=\"c-product-all-details-table__td m-text-rte\" role=\"cell\">Bac 1 : 76 x 127 \u00e0 216 x 356 mm; Bac d\u2019alimentation 2 et 3, en option : 104,9 x 148,5 \u00e0 2165,9 x 356,6 mm<\/td>\n<\/tr>\n<tr class=\"c-product-all-details-table__tr\" role=\"row\">\n<th class=\"c-product-all-details-table__th\" role=\"rowheader\">Consommation \u00e9lectrique<\/th>\n<td class=\"c-product-all-details-table__td m-text-rte\" role=\"cell\"><span class=\"footnotes\">(L&#8217;alimentation \u00e9lectrique d\u00e9pend du pays \/ de la r\u00e9gion de vente de l&#8217;imprimante. Ne pas modifier les tensions de fonctionnement. Vous risqueriez d&#8217;endommager l&#8217;imprimante et d&#8217;annuler la garantie du produit.)<\/span><\/td>\n<\/tr>\n<tr class=\"c-product-all-details-table__tr\" role=\"row\">\n<th class=\"c-product-all-details-table__th\" role=\"rowheader\">Alimentation<\/th>\n<td class=\"c-product-all-details-table__td m-text-rte\" role=\"cell\">Tension d&#8217;entr\u00e9e de 110 V : 110 \u00e0 127 VCA (+\/- 10 %), 50\/60 Hz (+\/- 2 Hz); Tension d&#8217;entr\u00e9e de 220 V : 220 \u00e0 240 VCA (+\/- 10 %), 50\/60 Hz (+\/- 2 Hz) (pas de tension double, le produit varie en fonction du num\u00e9ro de pi\u00e8ce avec n\u00b0 de code d&#8217;option)<\/td>\n<\/tr>\n<tr class=\"c-product-all-details-table__tr\" role=\"row\">\n<th class=\"c-product-all-details-table__th\" role=\"rowheader\">Plage d&#8217;humidit\u00e9 de fonctionnement<\/th>\n<td class=\"c-product-all-details-table__td m-text-rte\" role=\"cell\">10 \u00e0 80 % d\u2019humidit\u00e9 relative<\/td>\n<\/tr>\n<tr class=\"c-product-all-details-table__tr\" role=\"row\">\n<th class=\"c-product-all-details-table__th\" role=\"rowheader\">Plage de taux d&#8217;humidit\u00e9 en fonctionnement recommand\u00e9e<\/th>\n<td class=\"c-product-all-details-table__td m-text-rte\" role=\"cell\">30 \u00e0 70% d\u2019humidit\u00e9 relative<\/td>\n<\/tr>\n<tr class=\"c-product-all-details-table__tr\" role=\"row\">\n<th class=\"c-product-all-details-table__th\" role=\"rowheader\">Plage de temp\u00e9ratures en fonctionnement<\/th>\n<td class=\"c-product-all-details-table__td m-text-rte\" role=\"cell\">10 \u00e0 32,5\u00b0C<\/td>\n<\/tr>\n<tr class=\"c-product-all-details-table__tr\" role=\"row\">\n<th class=\"c-product-all-details-table__th\" role=\"rowheader\">Plage de temp\u00e9ratures en fonctionnement<\/th>\n<td class=\"c-product-all-details-table__td m-text-rte\" role=\"cell\">50 to 91\u00b0F<\/td>\n<\/tr>\n<tr class=\"c-product-all-details-table__tr\" role=\"row\">\n<th class=\"c-product-all-details-table__th\" role=\"rowheader\">Conforme Blue Angel<\/th>\n<td class=\"c-product-all-details-table__td m-text-rte\" role=\"cell\"><span class=\"c-footnote-container\"><sup><span class=\"footnote__number\">3<\/span><\/sup><\/span>\u00a0<span class=\"footnotes\"><span class=\"m-text-nowrap\">(<span class=\"c-footnote-container\">\u00a0<sup><span class=\"footnote__number\">4<\/span><\/sup><\/span><\/span>\u00a0L&#8217;alimentation \u00e9lectrique requise d\u00e9pend du pays ou de la r\u00e9gion de vente de l&#8217;imprimante. Respectez les tensions de fonctionnement. Une tension inappropri\u00e9e endommagerait l&#8217;imprimante et annulerait la garantie du produit. Valeur Energy Star bas\u00e9e sur la mesure d&#8217;un p\u00e9riph\u00e9rique de 115 V et de 230 V pour Blue Angel.)<\/span><\/td>\n<\/tr>\n<tr class=\"c-product-all-details-table__tr\" role=\"row\">\n<th class=\"c-product-all-details-table__th\" role=\"rowheader\">Num\u00e9ro de consommation d&#8217;\u00e9lectricit\u00e9 typique<\/th>\n<td class=\"c-product-all-details-table__td m-text-rte\" role=\"cell\">0,36 kWh\/semaine (Blue\u00a0<span class=\"m-text-nowrap\">Angel)<span class=\"c-footnote-container\">\u00a0<sup><span class=\"footnote__number\">5<\/span><\/sup><\/span><\/span>\u00a0<span class=\"footnotes\"><span class=\"m-text-nowrap\">(<span class=\"c-footnote-container\">\u00a0<sup><span class=\"footnote__number\">5<\/span><\/sup><\/span><\/span>\u00a0La consommation \u00e9lectrique typique (TEC) repr\u00e9sente l&#8217;\u00e9lectricit\u00e9 typique consomm\u00e9e par un produit au cours d&#8217;une semaine, mesur\u00e9e en kilowatt-heure (kWh).)<\/span><\/td>\n<\/tr>\n<tr class=\"c-product-all-details-table__tr\" role=\"row\">\n<th class=\"c-product-all-details-table__th\" role=\"rowheader\">Technologie d&#8217;\u00e9conomie d&#8217;\u00e9nergie<\/th>\n<td class=\"c-product-all-details-table__td m-text-rte\" role=\"cell\">Technologie HP Auto-On\/Auto-Off; Technologie de fusion instantan\u00e9e; Toner noir EcoSmart; \u00c9conomie d\u2019\u00e9nergie<\/td>\n<\/tr>\n<tr class=\"c-product-all-details-table__tr\" role=\"row\">\n<th class=\"c-product-all-details-table__th\" role=\"rowheader\">Labels \u00e9cologiques<\/th>\n<td class=\"c-product-all-details-table__td m-text-rte\" role=\"cell\"><span class=\"footnotes\"><span class=\"m-text-nowrap\">(<span class=\"c-footnote-container\">\u00a0<sup><span class=\"footnote__number\">1<\/span><\/sup><\/span><\/span><span data-processed-by-js=\"true\">\u00a0Homologation EPEAT\u00ae le cas \u00e9ch\u00e9ant. L\u2019homologation EPEAT varie selon le pays. Consultez le site\u00a0<a tabindex=\"100\" href=\"http:\/\/www.epeat.net\/\" target=\"_blank\" rel=\"noopener noreferrer nofollow\">http:\/\/www.epeat.net<\/a>\u00a0pour conna\u00eetre le statut d\u2019enregistrement par pays.)<\/span><\/span><\/td>\n<\/tr>\n<tr class=\"c-product-all-details-table__tr\" role=\"row\">\n<th class=\"c-product-all-details-table__th\" role=\"rowheader\">S\u00e9curit\u00e9<\/th>\n<td class=\"c-product-all-details-table__td m-text-rte\" role=\"cell\">CEI 60950-1:2005 +A1:2009 +A2:2013; CEI 62368-1:2014\/EN 62368-1:2014; CEI 60825-1:2014\/EN 60825-1:2014; CEI 62479:2010\/EN 62479:2010<\/td>\n<\/tr>\n<tr class=\"c-product-all-details-table__tr\" role=\"row\">\n<th class=\"c-product-all-details-table__th\" role=\"rowheader\">Gestion de la s\u00e9curit\u00e9<\/th>\n<td class=\"c-product-all-details-table__td m-text-rte\" role=\"cell\">S\u00e9curit\u00e9 de gestion : SNMP v1 v2 v3, SSL\/TLS (HTTPS), 802.1x authentification; s\u00e9curit\u00e9 des r\u00e9seaux sans fil : WPA (acc\u00e8s Wi-Fi prot\u00e9g\u00e9) WPA2 WPA3, cryptage WEP (64 et 128 bits), authentification 802.1x (EAP-PEAP, LEAP, EAP-TLS) avec serveurs RADIUS<\/td>\n<\/tr>\n<tr class=\"c-product-all-details-table__tr\" role=\"row\">\n<th class=\"c-product-all-details-table__th\" role=\"rowheader\">S\u00e9curit\u00e9<\/th>\n<td class=\"c-product-all-details-table__td m-text-rte\" role=\"cell\">HP Security Manager; S\u00e9curit\u00e9 HP Smart en option; HP Secure Print and Insights<\/td>\n<\/tr>\n<tr class=\"c-product-all-details-table__tr\" role=\"row\">\n<th class=\"c-product-all-details-table__th\" style=\"text-align: center;\" role=\"rowheader\">Dimensions minimales (L\u00a0 \u00a0 \u00a0 \u00a0x P x H)<\/th>\n<td class=\"c-product-all-details-table__td m-text-rte\" role=\"cell\">381 x 357 x 216 mm\u00a0<span class=\"footnotes\">(Sans bacs et capots non d\u00e9ploy\u00e9s)<\/span><\/td>\n<\/tr>\n<tr class=\"c-product-all-details-table__tr\" role=\"row\">\n<th class=\"c-product-all-details-table__th\" role=\"rowheader\">Dimensions maximales (L x P x H)<\/th>\n<td class=\"c-product-all-details-table__td m-text-rte\" role=\"cell\">381 x 634 x 241 mm\u00a0<span class=\"footnotes\">(Sans bacs et capots non d\u00e9ploy\u00e9s)<\/span><\/td>\n<\/tr>\n<tr class=\"c-product-all-details-table__tr\" role=\"row\">\n<th class=\"c-product-all-details-table__th\" role=\"rowheader\">Contenu de l\u2019emballage<\/th>\n<td class=\"c-product-all-details-table__td m-text-rte\" role=\"cell\">Imprimante HP LaserJet Pro MFP 4003dw; Cartouche de toner noir HP LaserJet authentique install\u00e9e (2 900 pages); Guide de d\u00e9marrage; Brochure d\u2019assistance; Guide de garantie; Brochure sur les r\u00e9glementations; Cordon d\u2019alimentation; C\u00e2ble USB (Asie-Pacifique et sans fil\u00a0<span class=\"m-text-nowrap\">uniquement)<span class=\"c-footnote-container\">\u00a0<sup><span class=\"footnote__number\">6<\/span><\/sup><\/span><\/span><\/td>\n<\/tr>\n<tr class=\"c-product-all-details-table__tr\" role=\"row\">\n<th class=\"c-product-all-details-table__th\" role=\"rowheader\">Cartouches\/Bouteille d\u2019encre, Nombre<\/th>\n<td class=\"c-product-all-details-table__td m-text-rte\" role=\"cell\">1 (noir)<\/td>\n<\/tr>\n<tr class=\"c-product-all-details-table__tr\" role=\"row\">\n<th class=\"c-product-all-details-table__th\" role=\"rowheader\">Cartouches de remplacement<\/th>\n<td class=\"c-product-all-details-table__td m-text-rte\" role=\"cell\">Cartouche de toner LaserJet authentique HP 151A noire W1510A; Cartouche de toner LaserJet authentique HP 151X noire W1510X; Cartouche de toner LaserJet authentique HP W1030XC noire\u00a0<span class=\"m-text-nowrap\">W1030XC<\/span>\u00a0<span class=\"footnotes\"><span class=\"m-text-nowrap\">(<span class=\"c-footnote-container\">\u00a0<sup><span class=\"footnote__number\">3<\/span><\/sup><\/span><\/span><span data-processed-by-js=\"true\">\u00a0Rendement d\u00e9clar\u00e9 selon la norme ISO\/CEI 19752 et avec une impression continue. Les rendements r\u00e9els peuvent consid\u00e9rablement varier en fonction du type d\u2019image imprim\u00e9e et d\u2019autres facteurs. Pour en savoir plus, consultez le site\u00a0<a tabindex=\"100\" href=\"http:\/\/www.hp.com\/go\/toneryield\" target=\"_self\" rel=\"noopener noreferrer nofollow\">http:\/\/www.hp.com\/go\/toneryield<\/a>)<\/span><\/span><\/td>\n<\/tr>\n<\/tbody>\n<\/table>\n","protected":false},"excerpt":{"rendered":"<h3 class=\"hdr -upp -fs14 -m -pam\">Principales caract\u00e9ristiques<\/h3>\n<div class=\"markup -pam\">Vitesse d&#8217;impression noir: Jusqu&#8217;\u00e0 40 ppm (norme ISO)<br \/>\nQualit\u00e9 d&#8217;impression noire: Lignes fines (1 200 x 1 200 ppp)<br \/>\nVolume de pages mensuel recommand\u00e9: 750 \u00e0 4 000<br \/>\n<a href=\"https:\/\/www.iris.ma\/catalogue\/imprimante-laser-recto-verso-automatique\">Impression recto\/verso<\/a>: Automatique<br \/>\nFonctionne avec: 1 (noir)<br \/>\nConnectivit\u00e9: Wi-Fi + Bluetooth; 1\u00a0port USB 2.0 haut d\u00e9bit, 1\u00a0port USB h\u00f4te \u00e0 l\u2019arri\u00e8re; r\u00e9seau Gigabit Ethernet 10\/100\/1000BASE-T;<br \/>\nLa s\u00e9rie HP LaserJet Pro 4003 remplace la s\u00e9rie HP LaserJet Pro M404.<\/div>\n","protected":false},"featured_media":5787,"template":"","meta":{"_acf_changed":false},"product_cat":[247],"product_tag":[245],"class_list":{"0":"post-5786","1":"product","2":"type-product","3":"status-publish","4":"has-post-thumbnail","6":"product_cat-canon-laser","7":"product_tag-hp-laser","9":"first","10":"instock","11":"taxable","12":"shipping-taxable","13":"purchasable","14":"product-type-simple"},"acf":[],"_links":{"self":[{"href":"https:\/\/cartouche.ci\/index.php\/wp-json\/wp\/v2\/product\/5786","targetHints":{"allow":["GET"]}}],"collection":[{"href":"https:\/\/cartouche.ci\/index.php\/wp-json\/wp\/v2\/product"}],"about":[{"href":"https:\/\/cartouche.ci\/index.php\/wp-json\/wp\/v2\/types\/product"}],"wp:featuredmedia":[{"embeddable":true,"href":"https:\/\/cartouche.ci\/index.php\/wp-json\/wp\/v2\/media\/5787"}],"wp:attachment":[{"href":"https:\/\/cartouche.ci\/index.php\/wp-json\/wp\/v2\/media?parent=5786"}],"wp:term":[{"taxonomy":"product_cat","embeddable":true,"href":"https:\/\/cartouche.ci\/index.php\/wp-json\/wp\/v2\/product_cat?post=5786"},{"taxonomy":"product_tag","embeddable":true,"href":"https:\/\/cartouche.ci\/index.php\/wp-json\/wp\/v2\/product_tag?post=5786"}],"curies":[{"name":"wp","href":"https:\/\/api.w.org\/{rel}","templated":true}]}}