{"id":5789,"date":"2025-04-15T10:04:50","date_gmt":"2025-04-15T10:04:50","guid":{"rendered":"https:\/\/cartouche.ci\/?post_type=product&#038;p=5789"},"modified":"2025-05-09T09:22:26","modified_gmt":"2025-05-09T09:22:26","slug":"hp-smarttink-581","status":"publish","type":"product","link":"https:\/\/cartouche.ci\/index.php\/product\/hp-smarttink-581\/","title":{"rendered":"HP Smart Tank 581"},"content":{"rendered":"<h1 class=\"c-product-all-details-table__title m-text-rtl-symbols h3\">Imprimante Tout-en-un HP Smart Tank 581 (4A8D4A)<\/h1>\n<table class=\"c-product-all-details-table__table\" role=\"table\">\n<caption class=\"c-product-all-details-table__caption\">Imprimante Tout-en-un HP Smart Tank 581 (4A8D4A): Toutes les fonctionnalit\u00e9s<\/caption>\n<tbody>\n<tr class=\"c-product-all-details-table__tr\" role=\"row\">\n<th class=\"c-product-all-details-table__th\" role=\"rowheader\">Configuration mobile simple<\/th>\n<td class=\"c-product-all-details-table__td m-text-rte\" role=\"cell\">Laissez vous guider par les animations pour configurer rapidement votre imprimante.5<\/td>\n<\/tr>\n<tr class=\"c-product-all-details-table__tr\" role=\"row\">\n<th class=\"c-product-all-details-table__th\" role=\"rowheader\">Boutons intelligents<\/th>\n<td class=\"c-product-all-details-table__td m-text-rte\" role=\"cell\">G\u00e9rez facilement vos t\u00e2ches gr\u00e2ce \u00e0 des boutons intelligents qui s\u2019allument et vous guident tout au long du processus d\u2019impression.<\/td>\n<\/tr>\n<tr class=\"c-product-all-details-table__tr\" role=\"row\">\n<th class=\"c-product-all-details-table__th\" role=\"rowheader\">Capteurs de niveau d\u2019encre<\/th>\n<td class=\"c-product-all-details-table__td m-text-rte\" role=\"cell\">Contr\u00f4lez votre consommation d\u2019encre en toute facilit\u00e9 gr\u00e2ce aux capteurs de niveaux d\u2019encre int\u00e9gr\u00e9s<\/td>\n<\/tr>\n<tr class=\"c-product-all-details-table__tr\" role=\"row\">\n<th class=\"c-product-all-details-table__th\" role=\"rowheader\">Fonction Wi-Fi\u00ae auto-r\u00e9paratrice<\/th>\n<td class=\"c-product-all-details-table__td m-text-rte\" role=\"cell\">Profitez d\u2019une connexion rapide et fiable gr\u00e2ce \u00e0 la fonction Wi-Fi\u00ae auto-r\u00e9paratrice.4<\/td>\n<\/tr>\n<tr class=\"c-product-all-details-table__tr\" role=\"row\">\n<th class=\"c-product-all-details-table__th\" role=\"rowheader\">HP Smart Advance<\/th>\n<td class=\"c-product-all-details-table__td m-text-rte\" role=\"cell\">Imprimez et num\u00e9risez depuis votre t\u00e9l\u00e9phone. Profitez de fonctions avanc\u00e9es de num\u00e9risation avec l\u2019imprimante HP Smart Tank.5<\/td>\n<\/tr>\n<tr class=\"c-product-all-details-table__tr\" role=\"row\">\n<th class=\"c-product-all-details-table__th\" role=\"rowheader\">Technologie HP Auto-On \/ Auto-Off<\/th>\n<td class=\"c-product-all-details-table__td m-text-rte\" role=\"cell\">Allumez votre imprimante quand vous en avez besoin et \u00e9teignez-la quand vous ne n\u2019utilisez plus.3<\/td>\n<\/tr>\n<tr class=\"c-product-all-details-table__tr\" role=\"row\">\n<th class=\"c-product-all-details-table__th\" role=\"rowheader\">Con\u00e7u pour l&#8217;impression de gros volumes<\/th>\n<td class=\"c-product-all-details-table__td m-text-rte\" role=\"cell\">Jusqu\u2019\u00e0 6 000 pages en noir et blanc ou en couleur avec les bouteilles d\u2019encre incluses.<\/td>\n<\/tr>\n<tr class=\"c-product-all-details-table__tr\" role=\"row\">\n<th class=\"c-product-all-details-table__th\" role=\"rowheader\">Syst\u00e8me de remplissage d\u2019encre sans d\u00e9versement<\/th>\n<td class=\"c-product-all-details-table__td m-text-rte\" role=\"cell\">Les bouteilles d\u2019encre HP sont con\u00e7ues pour vous garantir une recharge facile et sans d\u00e9versement pour les imprimantes HP Ink Tank.<\/td>\n<\/tr>\n<tr class=\"c-product-all-details-table__tr\" role=\"row\">\n<th class=\"c-product-all-details-table__th\" role=\"rowheader\">Qualit\u00e9 HP exceptionnelle<\/th>\n<td class=\"c-product-all-details-table__td m-text-rte\" role=\"cell\">Vous pouvez compter sur du texte net et sombre et sur des graphismes aux couleurs vives pour toutes vos impressions.<\/td>\n<\/tr>\n<tr class=\"c-product-all-details-table__tr\" role=\"row\">\n<th class=\"c-product-all-details-table__th\" role=\"rowheader\">HP Wolf Essential Security<\/th>\n<td class=\"c-product-all-details-table__td m-text-rte\" role=\"cell\">Prot\u00e9gez vos documents et vos m\u00e9moires d\u00e8s l\u2019installation avec une puissante d\u00e9fense contre les cybermenaces.<\/td>\n<\/tr>\n<tr class=\"c-product-all-details-table__tr\" role=\"row\">\n<th class=\"c-product-all-details-table__th\" role=\"rowheader\">Copie ID am\u00e9lior\u00e9e<\/th>\n<td class=\"c-product-all-details-table__td m-text-rte\" role=\"cell\">D\u00e9tecte et copie facilement les pi\u00e8ces d\u2019identit\u00e9 et imprime sur une seule page.<\/td>\n<\/tr>\n<tr class=\"c-product-all-details-table__tr\" role=\"row\">\n<th class=\"c-product-all-details-table__th\" role=\"rowheader\">Polyvalence d\u2019un mod\u00e8le tout-en-un<\/th>\n<td class=\"c-product-all-details-table__td m-text-rte\" role=\"cell\">Obtenez les fonctionnalit\u00e9s dont vous avez besoin pour le travail et d&#8217;autres t\u00e2ches gr\u00e2ce aux fonctionnalit\u00e9s de copie et de num\u00e9risation.<\/td>\n<\/tr>\n<\/tbody>\n<\/table>\n","protected":false},"excerpt":{"rendered":"<ul>\n<li>Fonctions: Impression, copie, num\u00e9risation<\/li>\n<li>Performance d\u2019impression: \u00a0 Vitesse d\u2019impression : jusqu\u2019\u00e0 12 ppm (noir) et 5 ppm\u00a0<span class=\"m-text-nowrap\">(couleur)<span class=\"c-footnote-container\">\u00a0<sup><span class=\"footnote__number\">2<\/span><\/sup><\/span><\/span><\/li>\n<li>Qualit\u00e9 d&#8217;impression noire (optimale): Jusqu&#8217;\u00e0 1\u00a0200 x 1\u00a0200\u00a0ppp rendus<\/li>\n<\/ul>\n","protected":false},"featured_media":5790,"template":"","meta":{"_acf_changed":false},"product_cat":[230],"product_tag":[242],"class_list":{"0":"post-5789","1":"product","2":"type-product","3":"status-publish","4":"has-post-thumbnail","6":"product_cat-imprimantes-canon-jet-dencre","7":"product_tag-jet-dencre","9":"first","10":"instock","11":"taxable","12":"shipping-taxable","13":"purchasable","14":"product-type-simple"},"acf":[],"_links":{"self":[{"href":"https:\/\/cartouche.ci\/index.php\/wp-json\/wp\/v2\/product\/5789","targetHints":{"allow":["GET"]}}],"collection":[{"href":"https:\/\/cartouche.ci\/index.php\/wp-json\/wp\/v2\/product"}],"about":[{"href":"https:\/\/cartouche.ci\/index.php\/wp-json\/wp\/v2\/types\/product"}],"wp:featuredmedia":[{"embeddable":true,"href":"https:\/\/cartouche.ci\/index.php\/wp-json\/wp\/v2\/media\/5790"}],"wp:attachment":[{"href":"https:\/\/cartouche.ci\/index.php\/wp-json\/wp\/v2\/media?parent=5789"}],"wp:term":[{"taxonomy":"product_cat","embeddable":true,"href":"https:\/\/cartouche.ci\/index.php\/wp-json\/wp\/v2\/product_cat?post=5789"},{"taxonomy":"product_tag","embeddable":true,"href":"https:\/\/cartouche.ci\/index.php\/wp-json\/wp\/v2\/product_tag?post=5789"}],"curies":[{"name":"wp","href":"https:\/\/api.w.org\/{rel}","templated":true}]}}