{"id":5824,"date":"2025-04-15T12:34:16","date_gmt":"2025-04-15T12:34:16","guid":{"rendered":"https:\/\/cartouche.ci\/?post_type=product&#038;p=5824"},"modified":"2025-05-09T08:55:41","modified_gmt":"2025-05-09T08:55:41","slug":"epson-ecotank-l3250","status":"publish","type":"product","link":"https:\/\/cartouche.ci\/index.php\/product\/epson-ecotank-l3250\/","title":{"rendered":"Epson Ecotank L3250"},"content":{"rendered":"<h2>Imprimante 3 en 1 couleur A4 avec Wi-Fi Direct<\/h2>\n<p>Cette imprimante multifonction<b>\u00a0(impression, num\u00e9risation, copie),\u00a0<\/b>sans cartouches \u00e0 remplacer et dot\u00e9e de Wi-Fi Direct, est id\u00e9ale pour les personnes qui recherchent des impressions de haute qualit\u00e9 et un co\u00fbt par page incroyablement bas. Gr\u00e2ce \u00e0 un bac papier arri\u00e8re de 100 feuilles, \u00e0 l\u2019impression photo sans marge (jusqu\u2019\u00e0 10 \u00d7 15 cm) ainsi qu\u2019\u00e0 des vitesses d\u2019impression pouvant atteindre 10 pages par minute, vous pouvez effectuer rapidement plusieurs t\u00e2ches en toute simplicit\u00e9.<\/p>\n<h2>Adieu aux cartouches on\u00e9reuses<\/h2>\n<p><b>EcoTank<\/b>\u00a0offre une impression \u00e0 domicile simple et \u00e9conomique : les r\u00e9servoirs d\u2019encre ultra haute capacit\u00e9 permettent des recharges faciles. De plus, les bouteilles sont dot\u00e9es d\u2019un d\u00e9trompeur pour ne plus se tromper de couleur lors du remplissage du r\u00e9servoir.<\/p>\n<h2>\u00c9conomies \u00e0 long terme<\/h2>\n<p>Cette imprimante multifonction, qui vous fait \u00e9conomiser jusqu\u2019\u00e0 90 % sur vos co\u00fbts d\u2019impression, est livr\u00e9e avec jusqu\u2019\u00e0 trois ans d\u2019encre. Le kit de bouteilles d\u2019encre inclus permet d\u2019imprimer jusqu\u2019\u00e0<b>\u00a08 100 pages<\/b>\u00a0en monochrome et<b>\u00a06 500 pages en couleur.<\/b><\/p>\n<h2>Application Epson Smart Panel<\/h2>\n<p>Cette application vous permet de contr\u00f4ler votre imprimante multifonction \u00e0 partir de votre appareil connect\u00e9. Vous pouvez configurer le Wi-Fi rapidement et facilement, imprimer des documents et des photos, mais aussi contr\u00f4ler et d\u00e9panner votre imprimante.<\/p>\n<h2>Flexibilit\u00e9 moderne<\/h2>\n<p>Gr\u00e2ce \u00e0 son design compact et \u00e0 sa connectivit\u00e9 Wi-Fi et Wi-Fi Direct, cette imprimante s\u2019int\u00e8gre facilement \u00e0 votre installation domestique existante et peut \u00eatre command\u00e9e depuis des appareils mobiles, tablettes et ordinateurs portables.<\/p>\n","protected":false},"excerpt":{"rendered":"<h3><strong>Caract\u00e9ristiques<\/strong><\/h3>\n<p>Imprimante multifonction : Impression, copie et num\u00e9risation sans fil<\/p>\n<p>Impression ultra \u00e9conomique \u00c9conomisez jusqu\u2019\u00e0 90 % sur vos co\u00fbts d\u2019impression<\/p>\n<p>Volume d\u2019encre fourni pour 3 ans d\u2019impression Capacit\u00e9 fournie : 8 100 pages en monochrome et 6 500 pages en couleur<\/p>\n<p>Syst\u00e8me de r\u00e9servoir d\u2019encre simple Recharges simples avec les bouteilles d\u2019encre \u00e0 d\u00e9trompeurs et les r\u00e9servoirs d\u2019encre en fa\u00e7ade<\/p>\n<p>Application Epson Smart Panel Configuration, surveillance, impression sans fil et plus encore depuis votre appareil mobile<\/p>\n","protected":false},"featured_media":6003,"template":"","meta":{"_acf_changed":false},"product_cat":[230],"product_tag":[242],"class_list":{"0":"post-5824","1":"product","2":"type-product","3":"status-publish","4":"has-post-thumbnail","6":"product_cat-imprimantes-canon-jet-dencre","7":"product_tag-jet-dencre","9":"first","10":"instock","11":"taxable","12":"shipping-taxable","13":"purchasable","14":"product-type-simple"},"acf":[],"_links":{"self":[{"href":"https:\/\/cartouche.ci\/index.php\/wp-json\/wp\/v2\/product\/5824","targetHints":{"allow":["GET"]}}],"collection":[{"href":"https:\/\/cartouche.ci\/index.php\/wp-json\/wp\/v2\/product"}],"about":[{"href":"https:\/\/cartouche.ci\/index.php\/wp-json\/wp\/v2\/types\/product"}],"wp:featuredmedia":[{"embeddable":true,"href":"https:\/\/cartouche.ci\/index.php\/wp-json\/wp\/v2\/media\/6003"}],"wp:attachment":[{"href":"https:\/\/cartouche.ci\/index.php\/wp-json\/wp\/v2\/media?parent=5824"}],"wp:term":[{"taxonomy":"product_cat","embeddable":true,"href":"https:\/\/cartouche.ci\/index.php\/wp-json\/wp\/v2\/product_cat?post=5824"},{"taxonomy":"product_tag","embeddable":true,"href":"https:\/\/cartouche.ci\/index.php\/wp-json\/wp\/v2\/product_tag?post=5824"}],"curies":[{"name":"wp","href":"https:\/\/api.w.org\/{rel}","templated":true}]}}