{"id":5843,"date":"2025-04-15T14:49:04","date_gmt":"2025-04-15T14:49:04","guid":{"rendered":"https:\/\/cartouche.ci\/?post_type=product&#038;p=5843"},"modified":"2025-05-09T17:28:24","modified_gmt":"2025-05-09T17:28:24","slug":"epson-lq-350","status":"publish","type":"product","link":"https:\/\/cartouche.ci\/index.php\/product\/epson-lq-350\/","title":{"rendered":"Epson LQ-350"},"content":{"rendered":"<div class=\"tab-panel__section tab-panel__section--full-width js-tab-panel-section\" data-section=\"overview\" data-sticky-header-anchor=\"overview\">\n<div class=\"tab-panel__section-inner\">\n<div class=\"tab-panel__section-content\">\n<div class=\"product-overview\">\n<div class=\"product-overview-section\">\n<h2 class=\"product-overview_heading_section\">Pr\u00e9sentation g\u00e9n\u00e9rale<\/h2>\n<div class=\"product-overview__introText--neon\">L&#8217;Epson LQ-350 est tr\u00e8s fiable et poss\u00e8de un temps de bon fonctionnement moyen sans intervention de 10\u00a0000\u00a0heures. Elle est id\u00e9ale pour les applications de front-office et de back-office n\u00e9cessitant un papier continu ou plusieurs articles de papeterie.<\/div>\n<div class=\"product-overview__section\">\n<div class=\"product-overview__section-content\">\n<div class=\"product-overview__description product-overview__description--neon\">\n<div class=\"\u201ddescrip-cols\u201d\">\n<div class=\"\u201dparagraph1\u201d\">\n<p>La LQ-350 est une imprimante tr\u00e8s \u00e9conomique qui permet de r\u00e9duire les co\u00fbts d&#8217;exploitation gr\u00e2ce \u00e0 son ruban disposant d&#8217;une longue dur\u00e9e de vie (2,5\u00a0millions de caract\u00e8res) et sa faible consommation \u00e9lectrique. La LQ-350 n&#8217;utilise que 1,3\u00a0W en veille et 23\u00a0W en impression. Elle est donc certifi\u00e9e ENERGY STAR pour son excellente efficacit\u00e9 \u00e9nerg\u00e9tique.<\/p>\n<\/div>\n<div class=\"\u201dparagraph2\u201d\">\n<p>Facile \u00e0 int\u00e9grer, la LQ-350 poss\u00e8de des interfaces Parall\u00e8le, S\u00e9rie et USB de s\u00e9rie et trouvera facilement une place sur le bureau gr\u00e2ce \u00e0 sa conception compacte et \u00e0 son syst\u00e8me de gestion des c\u00e2bles.<\/p>\n<\/div>\n<\/div>\n<\/div>\n<\/div>\n<\/div>\n<\/div>\n<\/div>\n<\/div>\n<\/div>\n<\/div>\n<div class=\"section-container__section\">\n<div class=\"section-container__section-inner\">\n<h2 class=\"section-container__section-title section-container__section-title--centered section-container__section-title--always-visible\">Quel est le contenu de la bo\u00eete\u00a0?<\/h2>\n<div class=\"section-container__section-content\">\n<div class=\"what-is-in-the-box\">\n<div class=\"what-is-in-the-box__image-container\"><img decoding=\"async\" class=\"what-is-in-the-box__image lazyloaded\" src=\"https:\/\/i8.amplience.net\/i\/epsonemear\/Whats_in_the_box?fmt=auto\" alt=\"LQ-350 whats in the box\" data-src=\"https:\/\/i8.amplience.net\/i\/epsonemear\/Whats_in_the_box?fmt=auto\" \/><\/div>\n<div class=\"what-is-in-the-box__items\">\n<ol class=\"what-is-in-the-box__list\" data-toggle=\"what-is-in-the-box\" data-toggle-class=\"what-is-in-the-box__list--expanded\">\n<li class=\"what-is-in-the-box__list-item\">Pilote et programmes d\u2019aide<\/li>\n<li class=\"what-is-in-the-box__list-item\">Appareil principal<\/li>\n<li class=\"what-is-in-the-box__list-item\">Ruban<\/li>\n<li class=\"what-is-in-the-box__list-item\">Instructions de montage<\/li>\n<li class=\"what-is-in-the-box__list-item\">Logiciel (CD)<\/li>\n<\/ol>\n<\/div>\n<\/div>\n<\/div>\n<\/div>\n<\/div>\n<div class=\"section-container__section section-container__section--tech-specs\" data-section=\"tech-specs\" data-sticky-header-anchor=\"tech-specs\">\n<div class=\"section-container__section-inner\">\n<h2 class=\"section-container__section-title section-container__section-title--centered section-container__section-title--always-visible\">Caract\u00e9ristiques techniques<\/h2>\n<div class=\"section-container__section-content\">\n<div class=\"technical-specifications technical-specifications--expanded\" data-toggle=\"technical-specifications\" data-toggle-class=\"technical-specifications--expanded\">\n<div class=\"technical-specifications__description\">Les fonctions et caract\u00e9ristiques techniques du produit sont soumises \u00e0 modification sans pr\u00e9avis<\/div>\n<div class=\"technical-specifications__columns\">\n<div class=\"technical-specifications__column\">\n<div class=\"technical-specifications__category\">\n<h4 class=\"technical-specifications__category-name\">Technologie<\/h4>\n<div class=\"technical-specifications__category-specifications\">\n<div class=\"technical-specifications__specification\">\n<h5 class=\"technical-specifications__specification-heading\">Mode d&#8217;impression<\/h5>\n<p><span class=\"technical-specifications__specification-value\">Matricielle \u00e0 impact<\/span><\/p>\n<\/div>\n<div class=\"technical-specifications__specification\">\n<h5 class=\"technical-specifications__specification-heading\">Nombre d&#8217;aiguilles<\/h5>\n<p><span class=\"technical-specifications__specification-value\">24\u00a0aiguilles<\/span><\/p>\n<\/div>\n<div class=\"technical-specifications__specification\">\n<h5 class=\"technical-specifications__specification-heading\">Nombre des colonnes<\/h5>\n<p><span class=\"technical-specifications__specification-value\">80\u00a0Colonnes<\/span><\/p>\n<\/div>\n<div class=\"technical-specifications__specification\">\n<h5 class=\"technical-specifications__specification-heading\">Aiguilles<\/h5>\n<p><span class=\"technical-specifications__specification-value\">24 aiguilles<\/span><\/p>\n<\/div>\n<\/div>\n<\/div>\n<div class=\"technical-specifications__category\">\n<h4 class=\"technical-specifications__category-name\">Impression<\/h4>\n<div class=\"technical-specifications__category-specifications\">\n<div class=\"technical-specifications__specification\">\n<h5 class=\"technical-specifications__specification-heading\">Vitesse d\u2019impression<\/h5>\n<p><span class=\"technical-specifications__specification-value\">Brouillon ultra-rapide:\u00a010\u00a0cpi:\u00a0347\u00a0car.\/sec, LQ:\u00a010\u00a0cpi:\u00a086\u00a0car.\/sec, Draft:\u00a010\u00a0cpi:\u00a0260\u00a0car.\/sec<\/span><\/p>\n<\/div>\n<div class=\"technical-specifications__specification\">\n<h5 class=\"technical-specifications__specification-heading\">Perforations<\/h5>\n<p><span class=\"technical-specifications__specification-value\">3\u00a0plus un original<\/span><\/p>\n<\/div>\n<div class=\"technical-specifications__specification\">\n<h5 class=\"technical-specifications__specification-heading\">R\u00e9solution de l\u2019impression<\/h5>\n<p><span class=\"technical-specifications__specification-value\">360\u00a0x\u00a0180\u00a0DPI (ppp)<\/span><\/p>\n<\/div>\n<\/div>\n<\/div>\n<div class=\"technical-specifications__category\">\n<h4 class=\"technical-specifications__category-name\">Connectivit\u00e9<\/h4>\n<div class=\"technical-specifications__category-specifications\">\n<div class=\"technical-specifications__specification\">\n<h5 class=\"technical-specifications__specification-heading\">Connexions<\/h5>\n<p><span class=\"technical-specifications__specification-value\">USB\u00a02.0, RS-232, Parall\u00e8le bidirectionnel<\/span><\/p>\n<\/div>\n<\/div>\n<\/div>\n<div class=\"technical-specifications__category\">\n<h4 class=\"technical-specifications__category-name\">Gestion du papier<\/h4>\n<div class=\"technical-specifications__category-specifications\">\n<div class=\"technical-specifications__specification\">\n<h5 class=\"technical-specifications__specification-heading\">Alimentation en papier<\/h5>\n<p><span class=\"technical-specifications__specification-value\">Feuille individuelle\u00a0derri\u00e8re, Papier en continu\u00a0derri\u00e8re, Sortie papier\u00a0derri\u00e8re<\/span><\/p>\n<\/div>\n<div class=\"technical-specifications__specification\">\n<h5 class=\"technical-specifications__specification-heading\">Formats de papier<\/h5>\n<p><span class=\"technical-specifications__specification-value\">Papier en feuilles (\u00e0 une ou plusieurs couches), Papier sans fin (\u00e0 une ou plusieurs couches), Etiquettes (\u00e0 une ou plusieurs couches), Papier en rouleaux, Enveloppes<\/span><\/p>\n<\/div>\n<\/div>\n<\/div>\n<\/div>\n<div class=\"technical-specifications__column\">\n<div class=\"technical-specifications__category\">\n<h4 class=\"technical-specifications__category-name\">Informations g\u00e9n\u00e9rales<\/h4>\n<div class=\"technical-specifications__category-specifications\">\n<div class=\"technical-specifications__specification\">\n<h5 class=\"technical-specifications__specification-heading\">Consommation d\u2019\u00e9nergie<\/h5>\n<p><span class=\"technical-specifications__specification-value\">22\u00a0W<\/span><\/p>\n<\/div>\n<div class=\"technical-specifications__specification\">\n<h5 class=\"technical-specifications__specification-heading\">Gamme de tension\/ Fr\u00e9quence nominale<\/h5>\n<p><span class=\"technical-specifications__specification-value\">AC 200 V &#8211; 240 V<\/span><\/p>\n<\/div>\n<div class=\"technical-specifications__specification\">\n<h5 class=\"technical-specifications__specification-heading\">Dimensions du produit<\/h5>\n<p><span class=\"technical-specifications__specification-value\">348\u200e\u00a0x\u00a0275\u00a0x\u00a0154\u00a0mm\u00a0(Largeur x Profondeur x Hauteur)<\/span><\/p>\n<\/div>\n<div class=\"technical-specifications__specification\">\n<h5 class=\"technical-specifications__specification-heading\">Poids du produit<\/h5>\n<p><span class=\"technical-specifications__specification-value\">4,1\u00a0kg<\/span><\/p>\n<\/div>\n<div class=\"technical-specifications__specification\">\n<h5 class=\"technical-specifications__specification-heading\">Temp\u00e9rature<\/h5>\n<p><span class=\"technical-specifications__specification-value\">fonctionnement\u00a05\u00b0C &#8211; 35\u00b0C<\/span><\/p>\n<\/div>\n<div class=\"technical-specifications__specification\">\n<h5 class=\"technical-specifications__specification-heading\">Humidit\u00e9 de l\u2019air<\/h5>\n<p><span class=\"technical-specifications__specification-value\">fonctionnement\u00a010% &#8211; 80%<\/span><\/p>\n<\/div>\n<div class=\"technical-specifications__specification\">\n<h5 class=\"technical-specifications__specification-heading\">Syst\u00e8mes d\u2019exploitation compatibles<\/h5>\n<p><span class=\"technical-specifications__specification-value\">Windows\u00a02000, Windows\u00a07, Windows\u00a08, Windows Vista, Windows\u00a0XP<\/span><\/p>\n<\/div>\n<div class=\"technical-specifications__specification\">\n<h5 class=\"technical-specifications__specification-heading\">Logiciels inclus<\/h5>\n<p><span class=\"technical-specifications__specification-value\">Epson Status Monitor<\/span><\/p>\n<\/div>\n<div class=\"technical-specifications__specification\">\n<h5 class=\"technical-specifications__specification-heading\">Mean Time Between Failures (temps moyen entre d\u00e9faillances)<\/h5>\n<p><span class=\"technical-specifications__specification-value\">10.000\u00a0Heures<\/span><\/p>\n<\/div>\n<div class=\"technical-specifications__specification\">\n<h5 class=\"technical-specifications__specification-heading\">Dur\u00e9e de vie de la t\u00eate d\u2019impression<\/h5>\n<p><span class=\"technical-specifications__specification-value\">400\u00a0millions d&#8217;impacts par aiguille<\/span><\/p>\n<\/div>\n<div class=\"technical-specifications__specification\">\n<h5 class=\"technical-specifications__specification-heading\">Pression acoustique<\/h5>\n<p><span class=\"technical-specifications__specification-value\">Fonctionnement :53\u00a0dB(A)<\/span><\/p>\n<\/div>\n<div class=\"technical-specifications__specification\">\n<h5 class=\"technical-specifications__specification-heading\">M\u00e9moire<\/h5>\n<p><span class=\"technical-specifications__specification-value\">128 kO\u00a0Incluse<\/span><\/p>\n<\/div>\n<div class=\"technical-specifications__specification\">\n<h5 class=\"technical-specifications__specification-heading\">Rendement du ruban<\/h5>\n<p><span class=\"technical-specifications__specification-value\">3000000\u00a0Caract\u00e8res\u00a0Noir Draft, 2500000\u00a0Caract\u00e8res\u00a0Noir LQ<\/span><\/p>\n<\/div>\n<\/div>\n<\/div>\n<div class=\"technical-specifications__category\">\n<h4 class=\"technical-specifications__category-name\">Autres param\u00e8tres :<\/h4>\n<div class=\"technical-specifications__category-specifications\">\n<div class=\"technical-specifications__specification\">\n<h5 class=\"technical-specifications__specification-heading\">Emulations<\/h5>\n<p><span class=\"technical-specifications__specification-value\">ESC\/P2, IBM PPDS<\/span><\/p>\n<\/div>\n<\/div>\n<\/div>\n<\/div>\n<\/div>\n<\/div>\n<\/div>\n<\/div>\n<\/div>\n","protected":false},"excerpt":{"rendered":"<ul class=\"features\">\n<li><strong>Grande fiabilit\u00e9<\/strong>\u00a0Tps moy. de bon fonctionn. sans intervent. de 10000h<\/li>\n<li><strong>\u00c9conomies d&#8217;\u00e9nergie<\/strong>\u00a01,3\u00a0W en veille, 22\u00a0W en impression<\/li>\n<li><strong>\u00c9conomique<\/strong>\u00a0Autonomie du ruban de 2,5\u00a0millions de caract\u00e8res<\/li>\n<li><strong>Int\u00e9gration simplifi\u00e9e<\/strong>\u00a0Interfaces Parall\u00e8le, S\u00e9rie et USB<\/li>\n<li><strong>Conception compacte<\/strong>\u00a0Facile \u00e0 placer sur un bureau<\/li>\n<\/ul>\n","protected":false},"featured_media":6011,"template":"","meta":{"_acf_changed":false},"product_cat":[285,247],"product_tag":[284],"class_list":{"0":"post-5843","1":"product","2":"type-product","3":"status-publish","4":"has-post-thumbnail","6":"product_cat-imprimante-de-caisse","7":"product_cat-canon-laser","8":"product_tag-imprimante-de-caisse","10":"first","11":"instock","12":"taxable","13":"shipping-taxable","14":"purchasable","15":"product-type-simple"},"acf":[],"_links":{"self":[{"href":"https:\/\/cartouche.ci\/index.php\/wp-json\/wp\/v2\/product\/5843","targetHints":{"allow":["GET"]}}],"collection":[{"href":"https:\/\/cartouche.ci\/index.php\/wp-json\/wp\/v2\/product"}],"about":[{"href":"https:\/\/cartouche.ci\/index.php\/wp-json\/wp\/v2\/types\/product"}],"wp:featuredmedia":[{"embeddable":true,"href":"https:\/\/cartouche.ci\/index.php\/wp-json\/wp\/v2\/media\/6011"}],"wp:attachment":[{"href":"https:\/\/cartouche.ci\/index.php\/wp-json\/wp\/v2\/media?parent=5843"}],"wp:term":[{"taxonomy":"product_cat","embeddable":true,"href":"https:\/\/cartouche.ci\/index.php\/wp-json\/wp\/v2\/product_cat?post=5843"},{"taxonomy":"product_tag","embeddable":true,"href":"https:\/\/cartouche.ci\/index.php\/wp-json\/wp\/v2\/product_tag?post=5843"}],"curies":[{"name":"wp","href":"https:\/\/api.w.org\/{rel}","templated":true}]}}