{"id":5849,"date":"2025-04-15T15:04:20","date_gmt":"2025-04-15T15:04:20","guid":{"rendered":"https:\/\/cartouche.ci\/?post_type=product&#038;p=5849"},"modified":"2025-05-09T08:24:45","modified_gmt":"2025-05-09T08:24:45","slug":"epson-lq-690","status":"publish","type":"product","link":"https:\/\/cartouche.ci\/index.php\/product\/epson-lq-690\/","title":{"rendered":"Epson LQ-690"},"content":{"rendered":"<h2 class=\"section-container__section-title section-container__section-title--centered section-container__section-title--always-visible\">Caract\u00e9ristiques techniques<\/h2>\n<div class=\"section-container__section-content\">\n<div class=\"technical-specifications technical-specifications--expanded\" data-toggle=\"technical-specifications\" data-toggle-class=\"technical-specifications--expanded\">\n<div class=\"technical-specifications__description\">Les fonctions et caract\u00e9ristiques techniques du produit sont soumises \u00e0 modification sans pr\u00e9avis<\/div>\n<div class=\"technical-specifications__columns\">\n<div class=\"technical-specifications__column\">\n<div class=\"technical-specifications__category\">\n<h4 class=\"technical-specifications__category-name\">Technologie<\/h4>\n<div class=\"technical-specifications__category-specifications\">\n<div class=\"technical-specifications__specification\">\n<h5 class=\"technical-specifications__specification-heading\">Mode d&#8217;impression<\/h5>\n<p><span class=\"technical-specifications__specification-value\">Matricielle \u00e0 impact<\/span><\/p>\n<\/div>\n<div class=\"technical-specifications__specification\">\n<h5 class=\"technical-specifications__specification-heading\">Nombre d&#8217;aiguilles<\/h5>\n<p><span class=\"technical-specifications__specification-value\">24\u00a0aiguilles<\/span><\/p>\n<\/div>\n<div class=\"technical-specifications__specification\">\n<h5 class=\"technical-specifications__specification-heading\">Nombre des colonnes<\/h5>\n<p><span class=\"technical-specifications__specification-value\">106\u00a0Colonnes<\/span><\/p>\n<\/div>\n<div class=\"technical-specifications__specification\">\n<h5 class=\"technical-specifications__specification-heading\">Aiguilles<\/h5>\n<p><span class=\"technical-specifications__specification-value\">24 aiguilles<\/span><\/p>\n<\/div>\n<\/div>\n<\/div>\n<div class=\"technical-specifications__category\">\n<h4 class=\"technical-specifications__category-name\">Impression<\/h4>\n<div class=\"technical-specifications__category-specifications\">\n<div class=\"technical-specifications__specification\">\n<h5 class=\"technical-specifications__specification-heading\">Vitesse d\u2019impression<\/h5>\n<p><span class=\"technical-specifications__specification-value\">Brouillon ultra-rapide:\u00a010\u00a0cpi:\u00a0440\u00a0car.\/sec, 12\u00a0cpi:\u00a0529\u00a0car.\/sec, Draft:\u00a010\u00a0cpi:\u00a0330\u00a0car.\/sec, 12\u00a0cpi:\u00a0396\u00a0car.\/sec, LQ:\u00a010\u00a0cpi:\u00a0110\u00a0car.\/sec, 12\u00a0cpi:\u00a0132\u00a0car.\/sec<\/span><\/p>\n<\/div>\n<div class=\"technical-specifications__specification\">\n<h5 class=\"technical-specifications__specification-heading\">Codes-barres<\/h5>\n<p><span class=\"technical-specifications__specification-value\">Coda bar (NW-7), Code 128, Code 39, EAN-13, EAN-8, Industrial 2 of 5, Interleaved 2 of 5, Matrix 2 of 5, POSTNET, UPC-A, UPC-E<\/span><\/p>\n<\/div>\n<div class=\"technical-specifications__specification\">\n<h5 class=\"technical-specifications__specification-heading\">Perforations<\/h5>\n<p><span class=\"technical-specifications__specification-value\">6\u00a0plus un original<\/span><\/p>\n<\/div>\n<div class=\"technical-specifications__specification\">\n<h5 class=\"technical-specifications__specification-heading\">Tables de caract\u00e8res<\/h5>\n<p><span class=\"technical-specifications__specification-value\">PC437, PC708, PC720, PC850, PC858, PC864, PCAR864, ISO-8859-15, Roman 8, Italic<\/span><\/p>\n<\/div>\n<div class=\"technical-specifications__specification\">\n<h5 class=\"technical-specifications__specification-heading\">R\u00e9solution de l\u2019impression<\/h5>\n<p><span class=\"technical-specifications__specification-value\">360\u00a0x\u00a0180\u00a0DPI (ppp)<\/span><\/p>\n<\/div>\n<\/div>\n<\/div>\n<div class=\"technical-specifications__category\">\n<h4 class=\"technical-specifications__category-name\">Connectivit\u00e9<\/h4>\n<div class=\"technical-specifications__category-specifications\">\n<div class=\"technical-specifications__specification\">\n<h5 class=\"technical-specifications__specification-heading\">Connexions<\/h5>\n<p><span class=\"technical-specifications__specification-value\">USB\u00a02.0, Parall\u00e8le bidirectionnel<\/span><\/p>\n<\/div>\n<\/div>\n<\/div>\n<div class=\"technical-specifications__category\">\n<h4 class=\"technical-specifications__category-name\">Gestion du papier<\/h4>\n<div class=\"technical-specifications__category-specifications\">\n<div class=\"technical-specifications__specification\">\n<h5 class=\"technical-specifications__specification-heading\">Alimentation en papier<\/h5>\n<p><span class=\"technical-specifications__specification-value\">Feuille individuelle\u00a0devant, Papier en continu\u00a0derri\u00e8re, Sortie papier\u00a0devant<\/span><\/p>\n<\/div>\n<div class=\"technical-specifications__specification\">\n<h5 class=\"technical-specifications__specification-heading\">Formats de papier<\/h5>\n<p><span class=\"technical-specifications__specification-value\">Papier en feuilles (\u00e0 une ou plusieurs couches), Papier sans fin (\u00e0 une ou plusieurs couches), Etiquettes (\u00e0 une ou plusieurs couches), Papier en rouleaux, Enveloppes, Carton<\/span><\/p>\n<\/div>\n<div class=\"technical-specifications__specification\">\n<h5 class=\"technical-specifications__specification-heading\">Epaisseur du papier en continu<\/h5>\n<p><span class=\"technical-specifications__specification-value\">0,065\u00a0mm &#8211; 0,49\u00a0mm<\/span><\/p>\n<\/div>\n<div class=\"technical-specifications__specification\">\n<h5 class=\"technical-specifications__specification-heading\">Epaisseur du papier des feuilles de base pour \u00e9tiquettes<\/h5>\n<p><span class=\"technical-specifications__specification-value\">0,16\u00a0mm &#8211; 0,19\u00a0mm<\/span><\/p>\n<\/div>\n<div class=\"technical-specifications__specification\">\n<h5 class=\"technical-specifications__specification-heading\">Epaisseur du papier des \u00e9tiquettes \u00ab\u00a0total sheet\u00a0\u00bb<\/h5>\n<p><span class=\"technical-specifications__specification-value\">0,16\u00a0mm &#8211; 0,19\u00a0mm<\/span><\/p>\n<\/div>\n<div class=\"technical-specifications__specification\">\n<h5 class=\"technical-specifications__specification-heading\">Epaisseur du papier Multi Part<\/h5>\n<p><span class=\"technical-specifications__specification-value\">0,12\u00a0mm &#8211; 0,49\u00a0mm<\/span><\/p>\n<\/div>\n<div class=\"technical-specifications__specification\">\n<h5 class=\"technical-specifications__specification-heading\">Epaisseur du papier Single Sheet<\/h5>\n<p><span class=\"technical-specifications__specification-value\">0,065\u00a0mm &#8211; 0,19\u00a0mm<\/span><\/p>\n<\/div>\n<\/div>\n<\/div>\n<\/div>\n<div class=\"technical-specifications__column\">\n<div class=\"technical-specifications__category\">\n<h4 class=\"technical-specifications__category-name\">Informations g\u00e9n\u00e9rales<\/h4>\n<div class=\"technical-specifications__category-specifications\">\n<div class=\"technical-specifications__specification\">\n<h5 class=\"technical-specifications__specification-heading\">Consommation d\u2019\u00e9nergie<\/h5>\n<p><span class=\"technical-specifications__specification-value\">38\u00a0W, 3\u00a0W\u00a0(en veille)<\/span><\/p>\n<\/div>\n<div class=\"technical-specifications__specification\">\n<h5 class=\"technical-specifications__specification-heading\">Dimensions du produit<\/h5>\n<p><span class=\"technical-specifications__specification-value\">480\u200e\u00a0x\u00a0370\u00a0x\u00a0210\u00a0mm\u00a0(Largeur x Profondeur x Hauteur)<\/span><\/p>\n<\/div>\n<div class=\"technical-specifications__specification\">\n<h5 class=\"technical-specifications__specification-heading\">Poids du produit<\/h5>\n<p><span class=\"technical-specifications__specification-value\">6,8\u00a0kg<\/span><\/p>\n<\/div>\n<div class=\"technical-specifications__specification\">\n<h5 class=\"technical-specifications__specification-heading\">Temp\u00e9rature<\/h5>\n<p><span class=\"technical-specifications__specification-value\">fonctionnement\u00a05\u00b0C &#8211; 35\u00b0C<\/span><\/p>\n<\/div>\n<div class=\"technical-specifications__specification\">\n<h5 class=\"technical-specifications__specification-heading\">Humidit\u00e9 de l\u2019air<\/h5>\n<p><span class=\"technical-specifications__specification-value\">fonctionnement\u00a010% &#8211; 80%<\/span><\/p>\n<\/div>\n<div class=\"technical-specifications__specification\">\n<h5 class=\"technical-specifications__specification-heading\">Syst\u00e8mes d\u2019exploitation compatibles<\/h5>\n<p><span class=\"technical-specifications__specification-value\">Windows\u00a02000, Windows\u00a07, Windows\u00a08, Windows\u00a098, Windows\u00a0XP<\/span><\/p>\n<\/div>\n<div class=\"technical-specifications__specification\">\n<h5 class=\"technical-specifications__specification-heading\">Logiciels inclus<\/h5>\n<p><span class=\"technical-specifications__specification-value\">Epson Status Monitor<\/span><\/p>\n<\/div>\n<div class=\"technical-specifications__specification\">\n<h5 class=\"technical-specifications__specification-heading\">Mean Time Between Failures (temps moyen entre d\u00e9faillances)<\/h5>\n<p><span class=\"technical-specifications__specification-value\">20.000\u00a0Heures<\/span><\/p>\n<\/div>\n<div class=\"technical-specifications__specification\">\n<h5 class=\"technical-specifications__specification-heading\">Dur\u00e9e de vie de la t\u00eate d\u2019impression<\/h5>\n<p><span class=\"technical-specifications__specification-value\">400\u00a0millions d&#8217;impacts par aiguille<\/span><\/p>\n<\/div>\n<div class=\"technical-specifications__specification\">\n<h5 class=\"technical-specifications__specification-heading\">Pression acoustique<\/h5>\n<p><span class=\"technical-specifications__specification-value\">Fonctionnement :57\u00a0dB(A)- en veille:54\u00a0dB(A)<\/span><\/p>\n<\/div>\n<div class=\"technical-specifications__specification\">\n<h5 class=\"technical-specifications__specification-heading\">Polices<\/h5>\n<p><span class=\"technical-specifications__specification-value\">Bitmap font EPSON Courier (10 CPI, 12 CPI, 15 CPI), Bitmap font EPSON Draft (10 CPI, 12 CPI, 15 CPI), Bitmap font EPSON OCR-B (10 CPI), Bitmap font EPSON Orator (10 CPI), Bitmap font EPSON Orator-S (10 CPI), Bitmap font EPSON Prestige (10 CPI, 12 CPI), Bitmap font EPSON Roman (10 CPI, 12 CPI, 15 CPI, Proportional), Bitmap font EPSON Sans Serif (10 CPI, 12 CPI, 15 CPI, Proportional), Bitmap font EPSON Script (10 CPI), Bitmap font EPSON Script C (Proportional), Scalable font EPSON Roman, Scalable font EPSON Roman T, Scalable font EPSON Sans Serif, Scalable font EPSON Sans Serif H<\/span><\/p>\n<\/div>\n<div class=\"technical-specifications__specification\">\n<h5 class=\"technical-specifications__specification-heading\">M\u00e9moire<\/h5>\n<p><span class=\"technical-specifications__specification-value\">128 kO\u00a0Incluse<\/span><\/p>\n<\/div>\n<div class=\"technical-specifications__specification\">\n<h5 class=\"technical-specifications__specification-heading\">Rendement du ruban<\/h5>\n<p><span class=\"technical-specifications__specification-value\">10000000\u00a0Caract\u00e8res\u00a0Noir Draft<\/span><\/p>\n<\/div>\n<\/div>\n<\/div>\n<div class=\"technical-specifications__category\">\n<h4 class=\"technical-specifications__category-name\">Autres param\u00e8tres :<\/h4>\n<div class=\"technical-specifications__category-specifications\">\n<div class=\"technical-specifications__specification\">\n<h5 class=\"technical-specifications__specification-heading\">Emulations<\/h5>\n<p><span class=\"technical-specifications__specification-value\">ESC\/P2, IBM PPDS<\/span><\/p>\n<\/div>\n<\/div>\n<\/div>\n<\/div>\n<\/div>\n<\/div>\n<\/div>\n","protected":false},"excerpt":{"rendered":"<h3>Caract\u00e9ristiques<\/h3>\n<ul style=\"font-weight: 400;\">\n<li>Imprimante 24 aiguilles et 106 colonnes pour volumes d\u2019impression moyens \u00e0 plat.<\/li>\n<li>Vitesse d\u2019impression jusqu\u2019\u00e0 529 cps (12cpi) en mode High Speed Draft<\/li>\n<li>Print Speed Enhancer: Impression rapide sous environnement Windows de polices non int\u00e9gr\u00e9es \u00e0 l\u2019imprimante<\/li>\n<li>Haute fiabilit\u00e9 avec un MTBF de 20 000 heures<\/li>\n<li>Grande autonomie du ruban de 10 millions de caract\u00e8res<\/li>\n<li>M\u00e9moire buffer de 128 Ko<\/li>\n<li>Faible consommation \u00e9lectrique<\/li>\n<li>Multi-copies 1 original + 6 copies<\/li>\n<li>Design compacte<\/li>\n<li>Interfaces Parall\u00e8le et USB 2.0 Hi-Speed<\/li>\n<\/ul>\n","protected":false},"featured_media":5851,"template":"","meta":{"_acf_changed":false},"product_cat":[285,247],"product_tag":[284],"class_list":{"0":"post-5849","1":"product","2":"type-product","3":"status-publish","4":"has-post-thumbnail","6":"product_cat-imprimante-de-caisse","7":"product_cat-canon-laser","8":"product_tag-imprimante-de-caisse","10":"first","11":"instock","12":"taxable","13":"shipping-taxable","14":"purchasable","15":"product-type-simple"},"acf":[],"_links":{"self":[{"href":"https:\/\/cartouche.ci\/index.php\/wp-json\/wp\/v2\/product\/5849","targetHints":{"allow":["GET"]}}],"collection":[{"href":"https:\/\/cartouche.ci\/index.php\/wp-json\/wp\/v2\/product"}],"about":[{"href":"https:\/\/cartouche.ci\/index.php\/wp-json\/wp\/v2\/types\/product"}],"wp:featuredmedia":[{"embeddable":true,"href":"https:\/\/cartouche.ci\/index.php\/wp-json\/wp\/v2\/media\/5851"}],"wp:attachment":[{"href":"https:\/\/cartouche.ci\/index.php\/wp-json\/wp\/v2\/media?parent=5849"}],"wp:term":[{"taxonomy":"product_cat","embeddable":true,"href":"https:\/\/cartouche.ci\/index.php\/wp-json\/wp\/v2\/product_cat?post=5849"},{"taxonomy":"product_tag","embeddable":true,"href":"https:\/\/cartouche.ci\/index.php\/wp-json\/wp\/v2\/product_tag?post=5849"}],"curies":[{"name":"wp","href":"https:\/\/api.w.org\/{rel}","templated":true}]}}