{"id":5860,"date":"2025-04-16T11:15:13","date_gmt":"2025-04-16T11:15:13","guid":{"rendered":"https:\/\/cartouche.ci\/?post_type=product&#038;p=5860"},"modified":"2025-05-09T08:18:36","modified_gmt":"2025-05-09T08:18:36","slug":"canonscan-lide-300","status":"publish","type":"product","link":"https:\/\/cartouche.ci\/index.php\/product\/canonscan-lide-300\/","title":{"rendered":"CanonScan LIDE 300"},"content":{"rendered":"<section class=\"product-specification-detail\">\n<div class=\"bs-container-lg\">\n<div class=\"product-specification-detail__item-wrapper\">\n<h3 id=\"Caract\u00e9ristiquestechniques\" class=\"product-specification-detail__sub-title canon-section-title--small mb-7\">Caract\u00e9ristiques techniques<\/h3>\n<ul class=\"product-specification-detail__list canon-mb-xm\">\n<li class=\"product-specification-detail__list-line canon-mb-xxs\">\n<div class=\"product-specification-detail__list-key canon-paragraph--big\"><strong>Type<\/strong><\/div>\n<div class=\"product-specification-detail__value-wrapper\">\n<p class=\"product-specification-detail__list-value canon-paragraph--big\">Scanner \u00e0 plat<\/p>\n<\/div>\n<\/li>\n<li class=\"product-specification-detail__list-line canon-mb-xxs\">\n<div class=\"product-specification-detail__list-key canon-paragraph--big\"><strong>Num\u00e9riseur<\/strong><\/div>\n<div class=\"product-specification-detail__value-wrapper\">\n<p class=\"product-specification-detail__list-value canon-paragraph--big\">CIS<\/p>\n<\/div>\n<\/li>\n<li class=\"product-specification-detail__list-line canon-mb-xxs\">\n<div class=\"product-specification-detail__list-key canon-paragraph--big\"><strong>Source lumineuse<\/strong><\/div>\n<div class=\"product-specification-detail__value-wrapper\">\n<p class=\"product-specification-detail__list-value canon-paragraph--big\">Diode 3\u00a0couleurs (RVB)<\/p>\n<\/div>\n<\/li>\n<li class=\"product-specification-detail__list-line canon-mb-xxs\">\n<div class=\"product-specification-detail__list-key canon-paragraph--big\"><strong>R\u00e9solution optique<\/strong><\/div>\n<div class=\"product-specification-detail__value-wrapper\">\n<p class=\"product-specification-detail__list-value canon-paragraph--big\">2400\u00a0\u00d7 2400\u00a0ppp<\/p>\n<\/div>\n<\/li>\n<li class=\"product-specification-detail__list-line canon-mb-xxs\">\n<div class=\"product-specification-detail__list-key canon-paragraph--big\"><strong>R\u00e9solution s\u00e9lectionnable<\/strong><\/div>\n<div class=\"product-specification-detail__value-wrapper\">\n<p class=\"product-specification-detail__list-value canon-paragraph--big\">25 \u00e0 19.200\u00a0ppp<\/p>\n<\/div>\n<\/li>\n<li class=\"product-specification-detail__list-line canon-mb-xxs\">\n<div class=\"product-specification-detail__list-key canon-paragraph--big\"><strong>Interface<\/strong><\/div>\n<div class=\"product-specification-detail__value-wrapper\">\n<p class=\"product-specification-detail__list-value canon-paragraph--big\">USB\u00a02.0 haute vitesse Mini-B<\/p>\n<\/div>\n<\/li>\n<li class=\"product-specification-detail__list-line canon-mb-xxs\">\n<div class=\"product-specification-detail__list-key canon-paragraph--big\"><strong>Nuances de couleurs (couleur)<\/strong><\/div>\n<div class=\"product-specification-detail__value-wrapper\">\n<p class=\"product-specification-detail__list-value canon-paragraph--big\">48\u00a0bits en entr\u00e9e -&gt; 48\/24\u00a0bits en sortie<\/p>\n<\/div>\n<\/li>\n<li class=\"product-specification-detail__list-line canon-mb-xxs\">\n<div class=\"product-specification-detail__list-key canon-paragraph--big\"><strong>Nuances de couleurs (niveaux de gris)<\/strong><\/div>\n<div class=\"product-specification-detail__value-wrapper\">\n<p class=\"product-specification-detail__list-value canon-paragraph--big\">16\u00a0bits en entr\u00e9e -&gt; 8\u00a0bits en sortie<\/p>\n<\/div>\n<\/li>\n<li class=\"product-specification-detail__list-line canon-mb-xxs\">\n<div class=\"product-specification-detail__list-key canon-paragraph--big\"><strong>Taille de document max.<\/strong><\/div>\n<div class=\"product-specification-detail__value-wrapper\">\n<p class=\"product-specification-detail__list-value canon-paragraph--big\">A4\u00a0\/\u00a0Lettre (216\u00a0x\u00a0297\u00a0mm)<\/p>\n<\/div>\n<\/li>\n<li class=\"product-specification-detail__list-line canon-mb-xxs\">\n<div class=\"product-specification-detail__list-key canon-paragraph--big\"><strong>Touches EZ-Scan<\/strong><\/div>\n<div class=\"product-specification-detail__value-wrapper\">\n<p class=\"product-specification-detail__list-value canon-paragraph--big\">4\u00a0boutons (PDF, AUTOSCAN [Num\u00e9risation automatique], COPY [Copie], SEND [Envoyer])<\/p>\n<\/div>\n<\/li>\n<li class=\"product-specification-detail__list-line canon-mb-xxs\">\n<div class=\"product-specification-detail__list-key canon-paragraph--big\"><strong>Vitesse de num<\/strong>.<\/div>\n<div class=\"product-specification-detail__value-wrapper\">\n<p class=\"product-specification-detail__list-value canon-paragraph--big\"><strong>(couleur)<\/strong><br \/>\n(R\u00e9fl\u00e9chissant)<br \/>\n14,8\u00a0ms\/ligne (2400\u00a0ppp)<br \/>\n6,6\u00a0ms\/ligne (1200\u00a0ppp)<br \/>\n3,8\u00a0ms\/ligne (600\u00a0ppp)<br \/>\n2,2\u00a0ms\/ligne (300\u00a0ppp)<sup><a class=\"product-specification-detail__link\" href=\"https:\/\/www.canon.fr\/support\/consumer\/products\/scanners\/canoscan\/lide-series\/canoscan-lide-300.html?type=specifications#footnote-3\">3<\/a><\/sup><\/p>\n<p><strong>(niveaux de gris, noir et blanc)<\/strong><br \/>\n(R\u00e9fl\u00e9chissant\uff09<br \/>\n4,3\u00a0ms\/ligne (2400\u00a0ppp)<br \/>\n2,2\u00a0ms\/ligne (1200\u00a0ppp)<br \/>\n1,3\u00a0ms\/ligne (600\u00a0ppp)<br \/>\n2,2\u00a0ms\/ligne (300\u00a0ppp)<sup><a class=\"product-specification-detail__link\" href=\"https:\/\/www.canon.fr\/support\/consumer\/products\/scanners\/canoscan\/lide-series\/canoscan-lide-300.html?type=specifications#footnote-4\">4<\/a><\/sup><\/p>\n<\/div>\n<\/li>\n<li class=\"product-specification-detail__list-line canon-mb-xxs\">\n<div class=\"product-specification-detail__list-key canon-paragraph--big\"><strong>Vitesse de num\u00e9risation (A4, 300\u00a0ppp, couleur)<\/strong><\/div>\n<div class=\"product-specification-detail__value-wrapper\">\n<p class=\"product-specification-detail__list-value canon-paragraph--big\">Environ 10\u00a0s<\/p>\n<\/div>\n<\/li>\n<li class=\"product-specification-detail__list-line canon-mb-xxs\">\n<div class=\"product-specification-detail__list-key canon-paragraph--big\"><strong>Vitesse de num\u00e9risation (10\u00a0\u00d7\u00a015\u00a0cm, 300\u00a0ppp, couleur)<\/strong><\/div>\n<div class=\"product-specification-detail__value-wrapper\">\n<p class=\"product-specification-detail__list-value canon-paragraph--big\">Environ 5\u00a0s<\/p>\n<\/div>\n<\/li>\n<li class=\"product-specification-detail__list-line canon-mb-xxs\">\n<div class=\"product-specification-detail__list-key canon-paragraph--big\"><strong>Vitesse de pr\u00e9visualisation<\/strong><\/div>\n<div class=\"product-specification-detail__value-wrapper\">\n<p class=\"product-specification-detail__list-value canon-paragraph--big\">Environ 9\u00a0s<\/p>\n<\/div>\n<\/li>\n<li class=\"product-specification-detail__list-line canon-mb-xxs\">\n<div class=\"product-specification-detail__list-key canon-paragraph--big\"><strong>Logiciels inclus<\/strong><\/div>\n<div class=\"product-specification-detail__value-wrapper\">\n<p class=\"product-specification-detail__list-value canon-paragraph--big\">Scan Gear pour Windows<br \/>\nScan Utility pour Windows<\/p>\n<\/div>\n<\/li>\n<li class=\"product-specification-detail__list-line canon-mb-xxs\">\n<div class=\"product-specification-detail__list-key canon-paragraph--big\"><strong>Alimentation \u00e9lectrique<\/strong><\/div>\n<div class=\"product-specification-detail__value-wrapper\">\n<p class=\"product-specification-detail__list-value canon-paragraph--big\">Par port USB<\/p>\n<\/div>\n<\/li>\n<li class=\"product-specification-detail__list-line canon-mb-xxs\">\n<div class=\"product-specification-detail__list-key canon-paragraph--big\"><strong>Consommation<\/strong><\/div>\n<div class=\"product-specification-detail__value-wrapper\">\n<p class=\"product-specification-detail__list-value canon-paragraph--big\">environ 4,5\u00a0W (en fonctionnement, au maximum)<br \/>\nenviron 0,3\u00a0W (en veille)<\/p>\n<\/div>\n<\/li>\n<li class=\"product-specification-detail__list-line canon-mb-xxs\">\n<div class=\"product-specification-detail__list-key canon-paragraph--big\"><strong>Dimensions<\/strong><\/div>\n<div class=\"product-specification-detail__value-wrapper\">\n<p class=\"product-specification-detail__list-value canon-paragraph--big\">250\u00a0\u00d7\u00a0367\u00a0\u00d7\u00a042\u00a0mm<\/p>\n<\/div>\n<\/li>\n<li class=\"product-specification-detail__list-line canon-mb-xxs\">\n<div class=\"product-specification-detail__list-key canon-paragraph--big\"><strong>Poids<\/strong><\/div>\n<div class=\"product-specification-detail__value-wrapper\">\n<p class=\"product-specification-detail__list-value canon-paragraph--big\">1,7\u00a0kg<\/p>\n<\/div>\n<\/li>\n<li class=\"product-specification-detail__list-line canon-mb-xxs\">\n<div class=\"product-specification-detail__list-key canon-paragraph--big\"><strong>Temp\u00e9ratures de fonctionnement<\/strong><\/div>\n<div class=\"product-specification-detail__value-wrapper\">\n<p class=\"product-specification-detail__list-value canon-paragraph--big\">5\u00a0\u00e0 35\u00a0\u00b0C<\/p>\n<\/div>\n<\/li>\n<li class=\"product-specification-detail__list-line canon-mb-xxs\">\n<div class=\"product-specification-detail__list-key canon-paragraph--big\"><strong>Plage d&#8217;humidit\u00e9 de fonctionnement<\/strong><\/div>\n<div class=\"product-specification-detail__value-wrapper\">\n<p class=\"product-specification-detail__list-value canon-paragraph--big\">10\u00a0\u00e0 90\u00a0% d&#8217;humidit\u00e9 relative sans condensation<\/p>\n<\/div>\n<\/li>\n<li class=\"product-specification-detail__list-line canon-mb-xxs\">\n<div class=\"product-specification-detail__list-key canon-paragraph--big\"><strong>Syst\u00e8mes d&#8217;exploitation pris en charge<\/strong><\/div>\n<div class=\"product-specification-detail__value-wrapper\">\n<p class=\"product-specification-detail__list-value canon-paragraph--big\">Windows 10\/11, Windows 8.1, Windows 7 SP1<sup><a class=\"product-specification-detail__link\" href=\"https:\/\/www.canon.fr\/support\/consumer\/products\/scanners\/canoscan\/lide-series\/canoscan-lide-300.html?type=specifications#footnote-8\">8<\/a><\/sup><sup><a class=\"product-specification-detail__link\" href=\"https:\/\/www.canon.fr\/support\/consumer\/products\/scanners\/canoscan\/lide-series\/canoscan-lide-300.html?type=specifications#footnote-9\">9<\/a><\/sup><br \/>\nCette op\u00e9ration ne peut \u00eatre garantie que sur un ordinateur sur lequel Windows\u00a07 ou version ult\u00e9rieure est pr\u00e9install\u00e9.<br \/>\nOS\u00a0X\u00a010.11.6, macOS\u00a010.12 \u00e0 macOS\u00a010.13<\/p>\n<\/div>\n<\/li>\n<li class=\"product-specification-detail__list-line canon-mb-xxs\">\n<div class=\"product-specification-detail__list-key canon-paragraph--big\"><strong>Configuration syst\u00e8me minimale requise<\/strong><\/div>\n<div class=\"product-specification-detail__value-wrapper\">\n<p class=\"product-specification-detail__list-value canon-paragraph--big\">Affichage\u00a0: XGA 1024\u00a0\u00d7\u00a0768<\/p>\n<\/div>\n<\/li>\n<\/ul>\n<\/div>\n<\/div>\n<\/section>\n<section class=\"footnotes canon-bg--white\">\n<div class=\"bs-container-lg\"><\/div>\n<\/section>\n","protected":false},"excerpt":{"rendered":"<p>Caract\u00e9ristiques techniques Type Scanner \u00e0 plat Num\u00e9riseur CIS Source lumineuse Diode 3\u00a0couleurs (RVB) R\u00e9solution optique 2400\u00a0\u00d7 2400\u00a0ppp R\u00e9solution s\u00e9lectionnable 25 \u00e0 19.200\u00a0ppp Interface USB\u00a02.0 haute vitesse Mini-B Nuances de couleurs<\/p>\n","protected":false},"featured_media":5338,"template":"","meta":{"_acf_changed":false},"product_cat":[236],"product_tag":[287],"class_list":{"0":"post-5860","1":"product","2":"type-product","3":"status-publish","4":"has-post-thumbnail","6":"product_cat-scanneurs","7":"product_tag-scan-canon","9":"first","10":"instock","11":"taxable","12":"shipping-taxable","13":"purchasable","14":"product-type-simple"},"acf":[],"_links":{"self":[{"href":"https:\/\/cartouche.ci\/index.php\/wp-json\/wp\/v2\/product\/5860","targetHints":{"allow":["GET"]}}],"collection":[{"href":"https:\/\/cartouche.ci\/index.php\/wp-json\/wp\/v2\/product"}],"about":[{"href":"https:\/\/cartouche.ci\/index.php\/wp-json\/wp\/v2\/types\/product"}],"wp:featuredmedia":[{"embeddable":true,"href":"https:\/\/cartouche.ci\/index.php\/wp-json\/wp\/v2\/media\/5338"}],"wp:attachment":[{"href":"https:\/\/cartouche.ci\/index.php\/wp-json\/wp\/v2\/media?parent=5860"}],"wp:term":[{"taxonomy":"product_cat","embeddable":true,"href":"https:\/\/cartouche.ci\/index.php\/wp-json\/wp\/v2\/product_cat?post=5860"},{"taxonomy":"product_tag","embeddable":true,"href":"https:\/\/cartouche.ci\/index.php\/wp-json\/wp\/v2\/product_tag?post=5860"}],"curies":[{"name":"wp","href":"https:\/\/api.w.org\/{rel}","templated":true}]}}