{"id":5865,"date":"2025-04-16T11:41:56","date_gmt":"2025-04-16T11:41:56","guid":{"rendered":"https:\/\/cartouche.ci\/?post_type=product&#038;p=5865"},"modified":"2025-05-09T08:12:02","modified_gmt":"2025-05-09T08:12:02","slug":"ecran-hp-serie-5-527sa","status":"publish","type":"product","link":"https:\/\/cartouche.ci\/index.php\/product\/ecran-hp-serie-5-527sa\/","title":{"rendered":"Ecran HP S\u00e9rie-5 527sa"},"content":{"rendered":"<div class=\"subspec_mainnode\"><strong><span class=\"clean-specs-module--sub-title\">Contenu de l&#8217;emballage<\/span><\/strong><span class=\"clean-specs-module--sub-content\"><strong>\u00c9cran<\/strong><br \/>\nC\u00e2ble HDMI<br \/>\nAdaptateur secteur<br \/>\nCordon d\u2019alimentation secteur<br \/>\nKit de documentation<\/span><\/div>\n<div class=\"clean-specs-module--separator\">\n<hr \/>\n<\/div>\n<div class=\"subspec_mainnode\"><strong><span class=\"clean-specs-module--sub-title\">Port audio<\/span><\/strong><\/div>\n<div class=\"subspec_mainnode\"><span class=\"clean-specs-module--sub-content\">1 prise audio 3,5 mm (sortie audio)<br \/>\n1 prise audio 3,5 mm (entr\u00e9e audio)<\/span><\/div>\n<div class=\"subspec_mainnode\"><span class=\"clean-specs-module--sub-title\">HDCP<\/span><span class=\"clean-specs-module--sub-content\">Oui, HDMI<\/span><\/div>\n<div class=\"subspec_mainnode\"><span class=\"clean-specs-module--sub-title\">HDMI<\/span><span class=\"clean-specs-module--sub-content\">2 ports HDMI 1.4<\/span><\/div>\n<div class=\"subspec_mainnode\"><span class=\"clean-specs-module--sub-title\">VGA<\/span><span class=\"clean-specs-module--sub-content\">1 VGA<\/span><\/div>\n<div>\n<hr \/>\n<\/div>\n<div>\n<div class=\"subspec_mainnode\"><strong><span class=\"clean-specs-module--sub-title\">Traitement de l\u2019\u00e9cran<\/span><\/strong><\/div>\n<div class=\"subspec_mainnode\"><span class=\"clean-specs-module--sub-content\">Antireflet<\/span><\/div>\n<div class=\"subspec_mainnode\"><strong><span class=\"clean-specs-module--sub-title\">R\u00e9solutions prise en charge<\/span><\/strong><span class=\"clean-specs-module--sub-content\"><strong>640 x 480<\/strong><br \/>\n720 x 400<br \/>\n800 x 600<br \/>\n1024 x 768<br \/>\n1280 x 720<br \/>\n1280 x 800<br \/>\n1280 x 1024<br \/>\n1440 x 900<br \/>\n1600 x 900<br \/>\n1680 x 1050<br \/>\n1920 x 1080<\/span><\/div>\n<div class=\"subspec_mainnode\"><strong><span class=\"clean-specs-module--sub-title\">Fonctions d&#8217;affichage<\/span><\/strong><\/div>\n<div class=\"subspec_mainnode\"><span class=\"clean-specs-module--sub-content\">Antireflet<br \/>\nHaut-parleurs int\u00e9gr\u00e9s<br \/>\nHP Eye Ease<\/span><\/div>\n<div class=\"subspec_mainnode\"><strong><span class=\"clean-specs-module--sub-title\">Commandes \u00e0 l&#8217;\u00e9cran<\/span><\/strong><\/div>\n<div class=\"subspec_mainnode\"><span class=\"clean-specs-module--sub-content\">Gestion<br \/>\nInformation<br \/>\nQuitter<br \/>\nEntr\u00e9e<br \/>\nCouleur<br \/>\nImage<br \/>\nAlimentation<br \/>\nMenu<br \/>\nLuminosit\u00e9+<\/span><\/div>\n<div class=\"subspec_mainnode\"><span class=\"clean-specs-module--sub-title\"><strong>Zone d&#8217;affichage<\/strong> (mesure m\u00e9trique)<\/span><\/div>\n<div class=\"subspec_mainnode\"><span class=\"clean-specs-module--sub-content\">55,3 x 30,86\u00a0cm<\/span><\/div>\n<div class=\"subspec_mainnode\"><strong><span class=\"clean-specs-module--sub-title\">Pas de masque<\/span><\/strong><\/div>\n<div class=\"subspec_mainnode\"><span class=\"clean-specs-module--sub-content\">0,31 x 0,31 mm<\/span><\/div>\n<div class=\"subspec_mainnode\"><strong><span class=\"clean-specs-module--sub-title\">Rapport de contraste<\/span><\/strong><\/div>\n<div class=\"subspec_mainnode\"><span class=\"clean-specs-module--sub-content\">1500:1<\/span><\/div>\n<div class=\"subspec_mainnode\"><span class=\"clean-specs-module--sub-title\"><strong>Taux de contraste de l\u2019\u00e9cran<\/strong> (dynamique)<\/span><\/div>\n<div class=\"subspec_mainnode\"><span class=\"clean-specs-module--sub-content\">10000000:1<\/span><\/div>\n<div class=\"subspec_mainnode\"><strong><span class=\"clean-specs-module--sub-title\">Faible Lumi\u00e8re bleue<\/span><\/strong><\/div>\n<div class=\"subspec_mainnode\"><span class=\"clean-specs-module--sub-content\">Oui, HP Eye Ease (certifi\u00e9 Eyesafe\u00ae)<\/span><\/div>\n<div class=\"subspec_mainnode\"><strong><span class=\"clean-specs-module--sub-title\">Largeur du cadre<\/span><\/strong><\/div>\n<div class=\"subspec_mainnode\"><span class=\"clean-specs-module--sub-content\">Micro-bordure sur 3 c\u00f4t\u00e9s<\/span><\/div>\n<div class=\"subspec_mainnode\"><strong><span class=\"clean-specs-module--sub-title\">Duret\u00e9<\/span><\/strong><\/div>\n<div class=\"subspec_mainnode\"><span class=\"clean-specs-module--sub-content\">3H<\/span><\/div>\n<div class=\"subspec_mainnode\"><strong><span class=\"clean-specs-module--sub-title\">Pied amovible<\/span><\/strong><\/div>\n<div class=\"subspec_mainnode\"><span class=\"clean-specs-module--sub-content\">Yes<\/span><\/div>\n<div class=\"subspec_mainnode\"><strong><span class=\"clean-specs-module--sub-title\">Support inclinable sur pivot<\/span><\/strong><\/div>\n<div class=\"subspec_mainnode\"><span class=\"clean-specs-module--sub-content\">-5 \u00e0 +25 \u00b0<\/span><\/div>\n<\/div>\n","protected":false},"excerpt":{"rendered":"<ul class=\"ConfigurationsList-module_list__na0NO\" data-test-hook=\"@hpstellar\/pdp\/configurations__list\">\n<li class=\"Typography-module_root__eQwd4 Typography-module_bodyS__DBLtm Typography-module_responsive__iddT7\" data-test-hook=\"@hpstellar\/core\/typography\">68,6 cm (27\u00a0pouces)<\/li>\n<li class=\"Typography-module_root__eQwd4 Typography-module_bodyS__DBLtm Typography-module_responsive__iddT7\" data-test-hook=\"@hpstellar\/core\/typography\">FHD (1920 x 1080)<\/li>\n<li class=\"Typography-module_root__eQwd4 Typography-module_bodyS__DBLtm Typography-module_responsive__iddT7\" data-test-hook=\"@hpstellar\/core\/typography\">Commandes \u00e0 l\u2019\u00e9cran; Antireflet; Haut-parleurs int\u00e9gr\u00e9s; HP Eye Ease<\/li>\n<li class=\"Typography-module_root__eQwd4 Typography-module_bodyS__DBLtm Typography-module_responsive__iddT7\" data-test-hook=\"@hpstellar\/core\/typography\">Temps de r\u00e9ponse: 5ms GtG (avec surcharge)<\/li>\n<li class=\"Typography-module_root__eQwd4 Typography-module_bodyS__DBLtm Typography-module_responsive__iddT7\" data-test-hook=\"@hpstellar\/core\/typography\">HDMI<\/li>\n<\/ul>\n","protected":false},"featured_media":5866,"template":"","meta":{"_acf_changed":false},"product_cat":[288],"product_tag":[289],"class_list":{"0":"post-5865","1":"product","2":"type-product","3":"status-publish","4":"has-post-thumbnail","6":"product_cat-ecran-pc","7":"product_tag-ecran-hp","9":"first","10":"instock","11":"taxable","12":"shipping-taxable","13":"purchasable","14":"product-type-simple"},"acf":[],"_links":{"self":[{"href":"https:\/\/cartouche.ci\/index.php\/wp-json\/wp\/v2\/product\/5865","targetHints":{"allow":["GET"]}}],"collection":[{"href":"https:\/\/cartouche.ci\/index.php\/wp-json\/wp\/v2\/product"}],"about":[{"href":"https:\/\/cartouche.ci\/index.php\/wp-json\/wp\/v2\/types\/product"}],"wp:featuredmedia":[{"embeddable":true,"href":"https:\/\/cartouche.ci\/index.php\/wp-json\/wp\/v2\/media\/5866"}],"wp:attachment":[{"href":"https:\/\/cartouche.ci\/index.php\/wp-json\/wp\/v2\/media?parent=5865"}],"wp:term":[{"taxonomy":"product_cat","embeddable":true,"href":"https:\/\/cartouche.ci\/index.php\/wp-json\/wp\/v2\/product_cat?post=5865"},{"taxonomy":"product_tag","embeddable":true,"href":"https:\/\/cartouche.ci\/index.php\/wp-json\/wp\/v2\/product_tag?post=5865"}],"curies":[{"name":"wp","href":"https:\/\/api.w.org\/{rel}","templated":true}]}}