{"id":5873,"date":"2025-04-16T12:29:07","date_gmt":"2025-04-16T12:29:07","guid":{"rendered":"https:\/\/cartouche.ci\/?post_type=product&#038;p=5873"},"modified":"2025-05-09T08:10:07","modified_gmt":"2025-05-09T08:10:07","slug":"ecran-hp-m22f","status":"publish","type":"product","link":"https:\/\/cartouche.ci\/index.php\/product\/ecran-hp-m22f\/","title":{"rendered":"Ecran HP M22f (21,5 pouces)"},"content":{"rendered":"<h1 class=\"c-product-all-details-table__title m-text-rtl-symbols h3\">\u00c9cran Full HD HP M22f<\/h1>\n<table class=\"c-product-all-details-table__table\" role=\"table\">\n<caption class=\"c-product-all-details-table__caption\">\u00c9cran Full HD HP M22f (2D9J9AA): Toutes les fonctionnalit\u00e9s<\/caption>\n<tbody>\n<tr class=\"c-product-all-details-table__tr\" role=\"row\">\n<th class=\"c-product-all-details-table__th\" role=\"rowheader\">Personnalisez et r\u00e9glez facilement votre \u00e9cran.<\/th>\n<td class=\"c-product-all-details-table__td m-text-rte\" role=\"cell\">Personnalisez votre \u00e9cran avec le logiciel intuitif HP Display Center qui vous permet de r\u00e9gler vos param\u00e8tres, de partitionner les \u00e9crans et m\u00eame d\u2019en r\u00e9duire la luminosit\u00e9.<\/td>\n<\/tr>\n<tr class=\"c-product-all-details-table__tr\" role=\"row\">\n<th class=\"c-product-all-details-table__th\" role=\"rowheader\">HP Eye Ease avec certification Eyesafe\u00ae<\/th>\n<td class=\"c-product-all-details-table__td m-text-rte\" role=\"cell\">Un filtre de lumi\u00e8re bleue toujours activ\u00e9 qui assure votre confort oculaire sans aucun impact sur la pr\u00e9cision des couleurs.<\/td>\n<\/tr>\n<tr class=\"c-product-all-details-table__tr\" role=\"row\">\n<th class=\"c-product-all-details-table__th\" role=\"rowheader\">Offrez-vous le meilleur<\/th>\n<td class=\"c-product-all-details-table__td m-text-rte\" role=\"cell\">La technologie IPS vous offre une vision parfaitement nette depuis pratiquement n\u2019importe quel angle. Chaque si\u00e8ge est d\u00e9sormais une place de choix.<\/td>\n<\/tr>\n<tr class=\"c-product-all-details-table__tr\" role=\"row\">\n<th class=\"c-product-all-details-table__th\" role=\"rowheader\">\u00c9cran Full HD \/ \u00e9cran 1 080 pixels<\/th>\n<td class=\"c-product-all-details-table__td m-text-rte\" role=\"cell\">Des images brillantes et une qualit\u00e9 inoubliable sur un \u00e9cran FHD\u00a0<span class=\"m-text-nowrap\">\u00e9poustouflant.<\/span><\/td>\n<\/tr>\n<tr class=\"c-product-all-details-table__tr\" role=\"row\">\n<th class=\"c-product-all-details-table__th\" role=\"rowheader\">Gestion du c\u00e2blage<\/th>\n<td class=\"c-product-all-details-table__td m-text-rte\" role=\"cell\">Le passage du cordon et du c\u00e2ble situ\u00e9 sur le socle de l\u2019\u00e9cran r\u00e9duit l\u2019encombrement, et permet de garder votre espace de travail propre et organis\u00e9.<\/td>\n<\/tr>\n<tr class=\"c-product-all-details-table__tr\" role=\"row\">\n<th class=\"c-product-all-details-table__th\" role=\"rowheader\">Un niveau de pr\u00e9cision des couleurs \u00e9lev\u00e9<\/th>\n<td class=\"c-product-all-details-table__td m-text-rte\" role=\"cell\">Espace colorim\u00e9trique sRGB 99\u00a0% pour une reproduction id\u00e9ale des\u00a0<span class=\"m-text-nowrap\">couleurs.<\/span><\/td>\n<\/tr>\n<tr class=\"c-product-all-details-table__tr\" role=\"row\">\n<th class=\"c-product-all-details-table__th\" role=\"rowheader\">Design durable<\/th>\n<td class=\"c-product-all-details-table__td m-text-rte\" role=\"cell\">D\u2019une conception soucieuse de l\u2019environnement, les bo\u00eetiers en plastique sont fabriqu\u00e9s avec 85\u00a0% de mat\u00e9riaux recycl\u00e9s et 5\u00a0% de plastiques abandonn\u00e9s dans l\u2019environnement\u00a0<span class=\"m-text-nowrap\">recycl\u00e9s.\u00a0<span class=\"c-footnote-container\"><sup><span class=\"footnote__number\">1<\/span><\/sup><\/span><\/span><\/td>\n<\/tr>\n<\/tbody>\n<\/table>\n","protected":false},"excerpt":{"rendered":"<p>Con\u00e7u pour red\u00e9finir le confort, le bien-\u00eatre et le d\u00e9veloppement\u00a0<span class=\"m-text-nowrap\">durable\u00a0<span class=\"c-footnote-container\"><sup><span class=\"footnote__number\">1<\/span><\/sup><\/span><\/span>,<\/p>\n<p>jouez ou travaillez sur un \u00e9cran qui red\u00e9finit la haute d\u00e9finition.<\/p>\n<ul>\n<li>Taille de l&#8217;\u00e9cran (diagonale): 54,6 cm (21,5\u00a0pouces)<\/li>\n<li>Temps de r\u00e9ponse: 5ms GtG (avec\u00a0<span class=\"m-text-nowrap\">surcharge)<span class=\"c-footnote-container\">\u00a0<sup><span class=\"footnote__number\">1<\/span><\/sup><\/span><\/span><\/li>\n<li>R\u00e9solution (native): FHD (1920 x\u00a0<span class=\"m-text-nowrap\">1080)<span class=\"c-footnote-container\">\u00a0<sup><span class=\"footnote__number\">1<\/span><\/sup><\/span><\/span><\/li>\n<li>Rapport de contraste: 1000:1<\/li>\n<li class=\"c-product-specs__item\">Luminosit\u00e9: 300 <span class=\"m-text-nowrap\">nits<span class=\"c-footnote-container\">\u00a0<sup><span class=\"footnote__number\">1<\/span><\/sup><\/span><\/span><\/li>\n<li class=\"c-product-specs__item\">Gamme de couleurs: 99% sRGB<\/li>\n<li class=\"c-product-specs__item\">Angle de vision horizontale: 178\u00b0<\/li>\n<li class=\"c-product-specs__item\">Angle de vision verticale: 178\u00b0<\/li>\n<\/ul>\n","protected":false},"featured_media":5876,"template":"","meta":{"_acf_changed":false},"product_cat":[288],"product_tag":[289],"class_list":{"0":"post-5873","1":"product","2":"type-product","3":"status-publish","4":"has-post-thumbnail","6":"product_cat-ecran-pc","7":"product_tag-ecran-hp","9":"first","10":"instock","11":"taxable","12":"shipping-taxable","13":"purchasable","14":"product-type-simple"},"acf":[],"_links":{"self":[{"href":"https:\/\/cartouche.ci\/index.php\/wp-json\/wp\/v2\/product\/5873","targetHints":{"allow":["GET"]}}],"collection":[{"href":"https:\/\/cartouche.ci\/index.php\/wp-json\/wp\/v2\/product"}],"about":[{"href":"https:\/\/cartouche.ci\/index.php\/wp-json\/wp\/v2\/types\/product"}],"wp:featuredmedia":[{"embeddable":true,"href":"https:\/\/cartouche.ci\/index.php\/wp-json\/wp\/v2\/media\/5876"}],"wp:attachment":[{"href":"https:\/\/cartouche.ci\/index.php\/wp-json\/wp\/v2\/media?parent=5873"}],"wp:term":[{"taxonomy":"product_cat","embeddable":true,"href":"https:\/\/cartouche.ci\/index.php\/wp-json\/wp\/v2\/product_cat?post=5873"},{"taxonomy":"product_tag","embeddable":true,"href":"https:\/\/cartouche.ci\/index.php\/wp-json\/wp\/v2\/product_tag?post=5873"}],"curies":[{"name":"wp","href":"https:\/\/api.w.org\/{rel}","templated":true}]}}