{"id":5879,"date":"2025-04-16T12:55:20","date_gmt":"2025-04-16T12:55:20","guid":{"rendered":"https:\/\/cartouche.ci\/?post_type=product&#038;p=5879"},"modified":"2025-05-09T07:52:30","modified_gmt":"2025-05-09T07:52:30","slug":"ecran-hp-p22v-g5-2145","status":"publish","type":"product","link":"https:\/\/cartouche.ci\/index.php\/product\/ecran-hp-p22v-g5-2145\/","title":{"rendered":"Ecran HP P22v G5 (21,45&#8243;)"},"content":{"rendered":"<h2><strong>Caract\u00e9ristiques<\/strong><\/h2>\n<p>Con\u00e7u pour faciliter une organisation du travail hybride, cet \u00e9cran FHD de 21,45 pouces (54,5 cm) au design \u00e9pur\u00e9 offre des images d\u2019une nettet\u00e9 et d\u2019une fluidit\u00e9 exceptionnelles et vous garantit une productivit\u00e9 optimale.<\/p>\n<h3>En mode plein \u00e9cran<\/h3>\n<p>Profitez d\u2019une exp\u00e9rience de travail hybride et productive avec d\u2019excellentes vues devant l\u2019\u00e9cran. Cet \u00e9cran peut se targuer d\u2019une r\u00e9solution Full HD et d\u2019un taux de rafra\u00eechissement de 75 Hz 3 pour des images nettes et un mouvement fluide.<\/p>\n<h3>Un design moderne. Une ad\u00e9quation fonctionnelle.<\/h3>\n<p>Lib\u00e9rez votre esprit et d\u00e9gagez votre bureau avec un \u00e9cran con\u00e7u pour travailler dans n\u2019importe quel espace. Restez concentr\u00e9 sur votre \u00e9cran dot\u00e9 d\u2019un profil \u00e9l\u00e9gant, d\u2019une gestion ordonn\u00e9e des c\u00e2bles et d\u2019un socle ultra-plat avec un r\u00e9glage en inclinaison pour un point de vue parfait.<\/p>\n<h3>Un contr\u00f4le facile. Une gestion facile.<\/h3>\n<p>Simplifiez le plus possible votre espace de travail afin de vous concentrer sur ce que vous faites de mieux. Configurez ais\u00e9ment votre \u00e9cran en personnalisant vos param\u00e8tres gr\u00e2ce au bouton OSD \u00e0 Joypad intuitif, ou g\u00e9rez les param\u00e8tres et les mises \u00e0 jour directement sur l\u2019\u00e9cran avec HP Display Center 4 et HP Display Manager<\/p>\n<h4>Taux de rafra\u00eechissement de 75 Hz<\/h4>\n<p>B\u00e9n\u00e9ficiez de vid\u00e9os homog\u00e8nes, r\u00e9alistes et de d\u00e9tails nets avec un taux de rafra\u00eechissement de 75 Hz qui offre un mouvement fluide image apr\u00e8s image. 6<\/p>\n<h4>Simplicit\u00e9 du bouton OSD \u00e0 Joypad<\/h4>\n<p>Il n\u2019a jamais \u00e9t\u00e9 plus simple de configurer votre \u00e9cran avec le bouton OSD \u00e0 Joypad qui vous permet de r\u00e9gler la luminosit\u00e9, la r\u00e9solution et le volume.<\/p>\n<h4>Mode faible lumi\u00e8re bleue<\/h4>\n<p>Prot\u00e9gez votre confort de vue avec des couleurs d\u2019affichage subtilement plus chaudes \u00e0 l\u2019\u00e9cran.<\/p>\n<h4>Une conception \u00e9co-responsable<\/h4>\n<p>Respect des toutes derni\u00e8res normes avec homologation EPEAT\u00ae, et certifications ENERGY STAR\u00ae et TCO.<\/p>\n","protected":false},"excerpt":{"rendered":"<ul>\n<li><strong>Taille et r\u00e9solution<\/strong>\u00a0: \u00c9cran FHD de 21,45 pouces (54,5 cm) avec une r\u00e9solution native de 1920 x 1080.<\/li>\n<li><strong>Temps de r\u00e9ponse<\/strong>\u00a0: 5 ms GtG avec surcharge pour une r\u00e9activit\u00e9 optimale.<\/li>\n<li><strong>Rapport de contraste<\/strong>\u00a0: Impressionnant contraste de 3000:1 pour des images d\u00e9taill\u00e9es.<\/li>\n<li><strong>Taux de rafra\u00eechissement<\/strong>\u00a0: 75 Hz pour des mouvements fluides et une meilleure exp\u00e9rience visuelle.<\/li>\n<li><strong>Design moderne<\/strong>\u00a0: Profil \u00e9pur\u00e9, gestion des c\u00e2bles et socle ultra-plat inclinable.<\/li>\n<li><strong>Confort visuel<\/strong>\u00a0: Mode faible lumi\u00e8re bleue pour prot\u00e9ger vos yeux lors d\u2019un usage prolong\u00e9.<\/li>\n<\/ul>\n","protected":false},"featured_media":5882,"template":"","meta":{"_acf_changed":false},"product_cat":[288],"product_tag":[289],"class_list":{"0":"post-5879","1":"product","2":"type-product","3":"status-publish","4":"has-post-thumbnail","6":"product_cat-ecran-pc","7":"product_tag-ecran-hp","9":"first","10":"instock","11":"taxable","12":"shipping-taxable","13":"purchasable","14":"product-type-simple"},"acf":[],"_links":{"self":[{"href":"https:\/\/cartouche.ci\/index.php\/wp-json\/wp\/v2\/product\/5879","targetHints":{"allow":["GET"]}}],"collection":[{"href":"https:\/\/cartouche.ci\/index.php\/wp-json\/wp\/v2\/product"}],"about":[{"href":"https:\/\/cartouche.ci\/index.php\/wp-json\/wp\/v2\/types\/product"}],"wp:featuredmedia":[{"embeddable":true,"href":"https:\/\/cartouche.ci\/index.php\/wp-json\/wp\/v2\/media\/5882"}],"wp:attachment":[{"href":"https:\/\/cartouche.ci\/index.php\/wp-json\/wp\/v2\/media?parent=5879"}],"wp:term":[{"taxonomy":"product_cat","embeddable":true,"href":"https:\/\/cartouche.ci\/index.php\/wp-json\/wp\/v2\/product_cat?post=5879"},{"taxonomy":"product_tag","embeddable":true,"href":"https:\/\/cartouche.ci\/index.php\/wp-json\/wp\/v2\/product_tag?post=5879"}],"curies":[{"name":"wp","href":"https:\/\/api.w.org\/{rel}","templated":true}]}}