{"id":5888,"date":"2025-04-16T13:02:47","date_gmt":"2025-04-16T13:02:47","guid":{"rendered":"https:\/\/cartouche.ci\/?post_type=product&#038;p=5888"},"modified":"2025-05-09T07:46:49","modified_gmt":"2025-05-09T07:46:49","slug":"ecran-hp-serie5-527sf-27-avec-speaker","status":"publish","type":"product","link":"https:\/\/cartouche.ci\/index.php\/product\/ecran-hp-serie5-527sf-27-avec-speaker\/","title":{"rendered":"Ecran HP s\u00e9rie5-527sf (27&#8243; avec speaker)"},"content":{"rendered":"<div class=\"subspec_mainnode\"><strong><span class=\"clean-specs-module--sub-title\">Contenu de l&#8217;emballage :<\/span><\/strong><\/div>\n<div class=\"subspec_mainnode\"><span class=\"clean-specs-module--sub-content\">\u00c9cran<br \/>\nC\u00e2ble HDMI<br \/>\nAdaptateur secteur<br \/>\nCordon d\u2019alimentation secteur<br \/>\nKit de documentation<\/span><\/div>\n<div class=\"clean-specs-module--separator\"><\/div>\n<div class=\"subspec_mainnode\"><span class=\"clean-specs-module--sub-title\"><strong>HDCP<\/strong> : <\/span><span class=\"clean-specs-module--sub-content\">Oui,<span class=\"clean-specs-module--sub-title\">HDMI<\/span>2 <\/span><\/div>\n<div class=\"subspec_mainnode\"><span class=\"clean-specs-module--sub-content\"><strong>HDMI<\/strong> : <\/span><span class=\"clean-specs-module--sub-content\">\u00a0ports HDMI 1.4<\/span><\/div>\n<div class=\"subspec_mainnode\"><span class=\"clean-specs-module--sub-title\"><strong>VGA<\/strong> :\u00a0 1 <\/span><span class=\"clean-specs-module--sub-content\">VGA<\/span><\/div>\n<div class=\"clean-specs-module--separator\"><\/div>\n<div class=\"subspec_mainnode\"><span class=\"clean-specs-module--sub-title\"><strong>Poids<\/strong> : <\/span><span class=\"clean-specs-module--sub-content\">3,2\u00a0kg<\/span><\/div>\n<div class=\"subspec_mainnode\"><span class=\"clean-specs-module--sub-title\">Poids du carton\/paquet<\/span><span class=\"clean-specs-module--sub-content\">6,39 kg<\/span><\/div>\n<div class=\"clean-specs-module--separator\"><\/div>\n<div class=\"subspec_mainnode\"><span class=\"clean-specs-module--sub-title\">Dimensions minimales (L x P x H)<\/span><span class=\"clean-specs-module--sub-content\">60,79 x 3,42 x 35,6 cm<\/span><\/div>\n<div class=\"subspec_mainnode\"><span class=\"clean-specs-module--sub-title\">Dimensions de l&#8217;emballage (L x P x H)<\/span><span class=\"clean-specs-module--sub-content\">69 x 12,6 x 43 cm<\/span><\/div>\n<div class=\"clean-specs-module--separator\"><\/div>\n<div class=\"subspec_mainnode\"><span class=\"clean-specs-module--sub-title\">S\u00e9curit\u00e9 physique<\/span><span class=\"clean-specs-module--sub-content\">Pr\u00eat pour verrou de s\u00e9curit\u00e9<sup>[10]<\/sup><\/span><\/div>\n<div class=\"clean-specs-module--separator\"><\/div>\n<div class=\"subspec_mainnode\"><span class=\"clean-specs-module--sub-title\">Garantie fabricant<\/span><span class=\"clean-specs-module--sub-content\">Garantie limit\u00e9e d\u2019un an HP Standard<\/span><\/div>\n","protected":false},"excerpt":{"rendered":"<p>Contenu de l&#8217;emballage : \u00c9cran C\u00e2ble HDMI Adaptateur secteur Cordon d\u2019alimentation secteur Kit de documentation HDCP : Oui,HDMI2 HDMI : \u00a0ports HDMI 1.4 VGA :\u00a0 1 VGA Poids : 3,2\u00a0kg<\/p>\n","protected":false},"featured_media":5895,"template":"","meta":{"_acf_changed":false},"product_cat":[288],"product_tag":[289],"class_list":{"0":"post-5888","1":"product","2":"type-product","3":"status-publish","4":"has-post-thumbnail","6":"product_cat-ecran-pc","7":"product_tag-ecran-hp","9":"first","10":"instock","11":"taxable","12":"shipping-taxable","13":"purchasable","14":"product-type-simple"},"acf":[],"_links":{"self":[{"href":"https:\/\/cartouche.ci\/index.php\/wp-json\/wp\/v2\/product\/5888","targetHints":{"allow":["GET"]}}],"collection":[{"href":"https:\/\/cartouche.ci\/index.php\/wp-json\/wp\/v2\/product"}],"about":[{"href":"https:\/\/cartouche.ci\/index.php\/wp-json\/wp\/v2\/types\/product"}],"wp:featuredmedia":[{"embeddable":true,"href":"https:\/\/cartouche.ci\/index.php\/wp-json\/wp\/v2\/media\/5895"}],"wp:attachment":[{"href":"https:\/\/cartouche.ci\/index.php\/wp-json\/wp\/v2\/media?parent=5888"}],"wp:term":[{"taxonomy":"product_cat","embeddable":true,"href":"https:\/\/cartouche.ci\/index.php\/wp-json\/wp\/v2\/product_cat?post=5888"},{"taxonomy":"product_tag","embeddable":true,"href":"https:\/\/cartouche.ci\/index.php\/wp-json\/wp\/v2\/product_tag?post=5888"}],"curies":[{"name":"wp","href":"https:\/\/api.w.org\/{rel}","templated":true}]}}