{"id":5903,"date":"2025-04-16T15:39:29","date_gmt":"2025-04-16T15:39:29","guid":{"rendered":"https:\/\/cartouche.ci\/?post_type=product&#038;p=5903"},"modified":"2025-05-09T07:33:00","modified_gmt":"2025-05-09T07:33:00","slug":"lenovo-v15-g2","status":"publish","type":"product","link":"https:\/\/cartouche.ci\/index.php\/product\/lenovo-v15-g2\/","title":{"rendered":"Lenovo v15 G2-i3"},"content":{"rendered":"<div class=\"headline\">\n<h3>Solides performances<\/h3>\n<\/div>\n<div class=\"description\">\n<p>Vous pouvez compter sur des processeurs Intel<sup>\u00ae\u00a0<\/sup>allant jusqu\u2019aux mod\u00e8les de 11<sup>e<\/sup>\u00a0g\u00e9n\u00e9ration et sur une carte graphique ind\u00e9pendante NVIDIA<sup>\u00ae\u00a0<\/sup>GeForce<sup>\u00ae\u00a0<\/sup>MX350 pour booster ce portable toute la journ\u00e9e. Avec Windows 11 Pro, accomplissez toutes vos t\u00e2ches en toute fluidit\u00e9 et profitez d\u2019une efficacit\u00e9 in\u00e9gal\u00e9e, d&#8217;une m\u00e9moire allant jusqu&#8217;\u00e0 16 Go et d&#8217;une combinaison hybride de tr\u00e8s larges espaces de stockage.<\/p>\n<div class=\"headline\">\n<h3>Conception moderne<\/h3>\n<\/div>\n<div class=\"description\">\n<p>Avec une \u00e9paisseur de 19,9 mm et un poids de seulement 1,7 kg, le V15 Gen 2 est un portable \u00e9l\u00e9gant et l\u00e9ger. Vous avez le choix entre deux coloris : Iron Gray avec lignes textur\u00e9es IMR sur deux c\u00f4t\u00e9s ou Black avec une texture tactile sp\u00e9ciale sur trois c\u00f4t\u00e9s. * Vous ferez forte impression.<\/p>\n<div class=\"headline\">\n<h3>Un affichage clair et net<\/h3>\n<\/div>\n<div class=\"description\">\n<p>L\u2019\u00e9cran du portable V15 Gen 2 pr\u00e9sente un impressionnant rapport \u00e9cran\/bo\u00eetier de 88 %, gr\u00e2ce \u00e0 son cadre fin sur les quatre c\u00f4t\u00e9s. L\u2019\u00e9cran 15,6&#8243; (39,62 cm) antireflets Full HD (1 920 x 1 080) est disponible avec une luminosit\u00e9 maximale de 300 nits, pour un affichage lumineux.<\/p>\n<div class=\"headline\">\n<h3>Chiffrement, authentification multifacteur, et plus encore.<\/h3>\n<\/div>\n<div class=\"description\">\n<p>Windows 11 Pro offre de puissantes fonctionnalit\u00e9s de s\u00e9curit\u00e9 int\u00e9gr\u00e9e, notamment l\u2019isolation mat\u00e9rielle, le chiffrement et la protection contre les logiciels malveillants. De plus, la s\u00e9curit\u00e9 Zero Trust combine des attributs de p\u00e9riph\u00e9rique s\u00e9curis\u00e9s avec une authentification multifacteur pour prot\u00e9ger l\u2019identit\u00e9 et les donn\u00e9es de l\u2019entreprise. Le module TPM 2.0 (firmware) chiffre les donn\u00e9es professionnelles sensibles, tandis qu\u2019un cache physique int\u00e9gr\u00e9 \u00e0 la webcam garantit qu\u2019aucune personne ext\u00e9rieure ne pourra vous voir \u00e0 moins que vous ne le souhaitiez.<\/p>\n<\/div>\n<\/div>\n<\/div>\n<\/div>\n","protected":false},"excerpt":{"rendered":"<p>Con\u00e7u pour l\u2019environnement de travail moderne, le portable Lenovo V15 Gen 2 (15,6&#8243; Intel) est une solution id\u00e9ale. Adapt\u00e9 \u00e0 la productivit\u00e9 mobile, il offre d\u2019excellentes performances, au bureau ou \u00e0 la maison. Avec Windows 11 Pro, diff\u00e9rents processeurs Intel\u00ae, une carte graphique ind\u00e9pendante NVIDIA\u00ae en option, ainsi que des options de s\u00e9curit\u00e9, de m\u00e9moire et de stockage exceptionnelles, vous b\u00e9n\u00e9ficiez tous les jours d\u2019un environnement de travail d\u2019une grande fluidit\u00e9.<\/p>\n<ul>\n<li>Model : PC portable Lenevo v5<\/li>\n<li>RAM : 8 Go<\/li>\n<li>stockage : 1Tb<\/li>\n<li>Ecran : 15.6 pouces<\/li>\n<\/ul>\n","protected":false},"featured_media":5904,"template":"","meta":{"_acf_changed":false},"product_cat":[248],"product_tag":[290],"class_list":{"0":"post-5903","1":"product","2":"type-product","3":"status-publish","4":"has-post-thumbnail","6":"product_cat-pc-core-i3","7":"product_tag-ordinateur-portable","9":"first","10":"instock","11":"taxable","12":"shipping-taxable","13":"purchasable","14":"product-type-simple"},"acf":[],"_links":{"self":[{"href":"https:\/\/cartouche.ci\/index.php\/wp-json\/wp\/v2\/product\/5903","targetHints":{"allow":["GET"]}}],"collection":[{"href":"https:\/\/cartouche.ci\/index.php\/wp-json\/wp\/v2\/product"}],"about":[{"href":"https:\/\/cartouche.ci\/index.php\/wp-json\/wp\/v2\/types\/product"}],"wp:featuredmedia":[{"embeddable":true,"href":"https:\/\/cartouche.ci\/index.php\/wp-json\/wp\/v2\/media\/5904"}],"wp:attachment":[{"href":"https:\/\/cartouche.ci\/index.php\/wp-json\/wp\/v2\/media?parent=5903"}],"wp:term":[{"taxonomy":"product_cat","embeddable":true,"href":"https:\/\/cartouche.ci\/index.php\/wp-json\/wp\/v2\/product_cat?post=5903"},{"taxonomy":"product_tag","embeddable":true,"href":"https:\/\/cartouche.ci\/index.php\/wp-json\/wp\/v2\/product_tag?post=5903"}],"curies":[{"name":"wp","href":"https:\/\/api.w.org\/{rel}","templated":true}]}}