{"id":5911,"date":"2025-04-16T17:01:06","date_gmt":"2025-04-16T17:01:06","guid":{"rendered":"https:\/\/cartouche.ci\/?post_type=product&#038;p=5911"},"modified":"2025-05-09T07:31:40","modified_gmt":"2025-05-09T07:31:40","slug":"pc-portable-hp-250-g10-156-i3","status":"publish","type":"product","link":"https:\/\/cartouche.ci\/index.php\/product\/pc-portable-hp-250-g10-156-i3\/","title":{"rendered":"HP 250 G10 15,6&#8243;- i3"},"content":{"rendered":"<div class=\"subspec_mainnode\"><span class=\"clean-specs-module--sub-title\">Syst\u00e8me d&#8217;exploitation <\/span><span class=\"clean-specs-module--sub-content\">Windows 11<\/span><\/div>\n<div class=\"clean-specs-module--separator\"><\/div>\n<div class=\"subspec_mainnode\"><strong><span class=\"clean-specs-module--sub-title\">Famille de processeurs<\/span><\/strong><\/div>\n<div class=\"subspec_mainnode\"><span class=\"clean-specs-module--sub-content\">Processeur Intel\u00ae Core\u2122 i3 de 13e g\u00e9n\u00e9ration<\/span><\/div>\n<div class=\"subspec_mainnode\"><strong><span class=\"clean-specs-module--sub-title\">Processeurs<\/span><\/strong><\/div>\n<div class=\"subspec_mainnode\"><span class=\"clean-specs-module--sub-content\">Processeur Intel\u00ae Core\u2122 i3-1315U (jusqu\u2019\u00e0 4,5 GHz avec la technologie Intel\u00ae Turbo Boost, <\/span><\/div>\n<div class=\"subspec_mainnode\"><span class=\"clean-specs-module--sub-content\">10 Mo de m\u00e9moire cache L3, <\/span><\/div>\n<div class=\"subspec_mainnode\"><span class=\"clean-specs-module--sub-content\">6 c\u0153urs, 8 threads<\/span><\/div>\n<div class=\"subspec_mainnode\"><strong><span class=\"clean-specs-module--sub-title\">M\u00e9moire, <\/span><span class=\"clean-specs-module--sub-title\">standard <\/span><\/strong><\/div>\n<div class=\"subspec_mainnode\"><span class=\"clean-specs-module--sub-content\">8 Go de m\u00e9moire DDR4-3200 MT\/s (1 x 8 Go)<\/span><\/div>\n<div class=\"subspec_mainnode\"><span class=\"clean-specs-module--sub-title\">Notice relative \u00e0 la m\u00e9moire <\/span><span class=\"clean-specs-module--sub-content\">Taux de transfert pouvant atteindre 3200\u00a0MT\/s.<\/span><\/div>\n<div class=\"subspec_mainnode\"><span class=\"clean-specs-module--sub-title\">Disposition de la m\u00e9moire : <\/span><span class=\"clean-specs-module--sub-content\">1 x 8\u00a0Go<\/span><\/div>\n<div class=\"subspec_mainnode\"><span class=\"clean-specs-module--sub-title\">Logements pour m\u00e9moire : <\/span><span class=\"clean-specs-module--sub-content\">2 SODIMM<\/span><\/div>\n<div class=\"subspec_mainnode\"><span class=\"clean-specs-module--sub-title\"><strong>\u00c9cran tactile <\/strong>: <\/span><span class=\"clean-specs-module--sub-content\">Non<\/span><\/div>\n<div class=\"subspec_mainnode\"><strong><span class=\"clean-specs-module--sub-title\">Ecran<\/span><\/strong><\/div>\n<div class=\"subspec_mainnode\"><span class=\"clean-specs-module--sub-content\">\u00c9cran FHD de 39,6 cm (15,6 pouces) de diagonale (1920 x 1080), <\/span><\/div>\n<div class=\"subspec_mainnode\"><span class=\"clean-specs-module--sub-content\">micro-bords, <\/span><\/div>\n<div class=\"subspec_mainnode\"><span class=\"clean-specs-module--sub-content\">anti-reflet, <\/span><\/div>\n<div class=\"subspec_mainnode\"><span class=\"clean-specs-module--sub-content\">250 nits, <\/span><\/div>\n<div class=\"subspec_mainnode\"><span class=\"clean-specs-module--sub-content\">45 % NTSC<\/span><\/div>\n<div class=\"subspec_mainnode\"><strong><span class=\"clean-specs-module--sub-title\">Graphiques <\/span><\/strong><\/div>\n<div class=\"subspec_mainnode\"><span class=\"clean-specs-module--sub-content\">Carte graphique Intel\u00ae UHD<\/span><\/div>\n<div class=\"subspec_mainnode\"><span class=\"clean-specs-module--sub-title\">Num\u00e9ro de note de bas de page de la carte graphique<\/span><\/div>\n<div class=\"subspec_mainnode\"><strong><span class=\"clean-specs-module--sub-title\">Ports <\/span><\/strong><\/div>\n<div class=\"subspec_mainnode\"><span class=\"clean-specs-module--sub-content\">1 port USB Type-C \u00ae, <\/span><\/div>\n<div class=\"subspec_mainnode\"><span class=\"clean-specs-module--sub-content\">vitesse de transfert 5 Gbit\/s<br \/>\n<\/span><\/div>\n<div>\n<div class=\"subspec_mainnode\"><span class=\"clean-specs-module--sub-content\">2 ports USB Type-A, vitesse de transfert 5 Gbit\/s<br \/>\n1 prise d\u2019alimentation secteur<br \/>\n1 port HDMI 1.4b<br \/>\n1 prise combin\u00e9e casque\/microphone st\u00e9r\u00e9o<\/span><\/div>\n<div class=\"subspec_mainnode\"><strong><span class=\"clean-specs-module--sub-title\">Sans fil<\/span><\/strong><\/div>\n<div class=\"subspec_mainnode\"><span class=\"clean-specs-module--sub-content\">Carte sans fil Realtek Wi-Fi 6 RTL8852BE (2&#215;2) et Bluetooth\u00ae 5.3<\/span><\/div>\n<\/div>\n","protected":false},"excerpt":{"rendered":"<h3>Caract\u00e9ristique<\/h3>\n<ul class=\"ConfigurationsList-module_list__na0NO\" data-test-hook=\"@hpstellar\/pdp\/configurations__list\">\n<li class=\"ConfigurationsList-module_withLabel__rBh-1\"><span class=\"Typography-module_root__eQwd4 Typography-module_boldS__8LJL5 ConfigurationsList-module_listLabel__2mw-- Typography-module_responsive__iddT7 Typography-module_isCaps__nxSmf\" data-test-hook=\"@hpstellar\/core\/typography\">Syst\u00e8me d&#8217;exploitation <\/span><span class=\"Typography-module_root__eQwd4 Typography-module_bodyS__DBLtm Typography-module_responsive__iddT7\" data-test-hook=\"@hpstellar\/core\/typography\">Windows 11\u00a0<\/span><\/li>\n<li class=\"ConfigurationsList-module_withLabel__rBh-1\"><span class=\"Typography-module_root__eQwd4 Typography-module_boldS__8LJL5 ConfigurationsList-module_listLabel__2mw-- Typography-module_responsive__iddT7 Typography-module_isCaps__nxSmf\" data-test-hook=\"@hpstellar\/core\/typography\">Processeur <\/span><span class=\"Typography-module_root__eQwd4 Typography-module_bodyS__DBLtm Typography-module_responsive__iddT7\" data-test-hook=\"@hpstellar\/core\/typography\">Intel\u00ae Core\u2122 i3 &#8211; 1315U (13\u00e8me g\u00e9n\u00e9ration)<\/span><\/li>\n<li class=\"ConfigurationsList-module_withLabel__rBh-1\"><span class=\"Typography-module_root__eQwd4 Typography-module_boldS__8LJL5 ConfigurationsList-module_listLabel__2mw-- Typography-module_responsive__iddT7 Typography-module_isCaps__nxSmf\" data-test-hook=\"@hpstellar\/core\/typography\">M\u00e9moire <\/span><span class=\"Typography-module_root__eQwd4 Typography-module_bodyS__DBLtm Typography-module_responsive__iddT7\" data-test-hook=\"@hpstellar\/core\/typography\">8 Go RAM<\/span><\/li>\n<li class=\"ConfigurationsList-module_withLabel__rBh-1\"><span class=\"Typography-module_root__eQwd4 Typography-module_boldS__8LJL5 ConfigurationsList-module_listLabel__2mw-- Typography-module_responsive__iddT7 Typography-module_isCaps__nxSmf\" data-test-hook=\"@hpstellar\/core\/typography\">Stockage 512<\/span><span class=\"Typography-module_root__eQwd4 Typography-module_bodyS__DBLtm Typography-module_responsive__iddT7\" data-test-hook=\"@hpstellar\/core\/typography\">\u00a0Go Disque SSD<\/span><\/li>\n<li class=\"ConfigurationsList-module_withLabel__rBh-1\"><span class=\"Typography-module_root__eQwd4 Typography-module_boldS__8LJL5 ConfigurationsList-module_listLabel__2mw-- Typography-module_responsive__iddT7 Typography-module_isCaps__nxSmf\" data-test-hook=\"@hpstellar\/core\/typography\">\u00c9cran <\/span><span class=\"Typography-module_root__eQwd4 Typography-module_bodyS__DBLtm Typography-module_responsive__iddT7\" data-test-hook=\"@hpstellar\/core\/typography\">39,6 cm (15,6\u00a0pouces), FHD (1920 x 1080)<\/span><\/li>\n<li class=\"ConfigurationsList-module_withLabel__rBh-1\"><span class=\"Typography-module_root__eQwd4 Typography-module_boldS__8LJL5 ConfigurationsList-module_listLabel__2mw-- Typography-module_responsive__iddT7 Typography-module_isCaps__nxSmf\" data-test-hook=\"@hpstellar\/core\/typography\">Carte graphique <\/span><span class=\"Typography-module_root__eQwd4 Typography-module_bodyS__DBLtm Typography-module_responsive__iddT7\" data-test-hook=\"@hpstellar\/core\/typography\">Carte graphique Intel\u00ae UHD<\/span><\/li>\n<\/ul>\n","protected":false},"featured_media":5914,"template":"","meta":{"_acf_changed":false},"product_cat":[248],"product_tag":[292],"class_list":{"0":"post-5911","1":"product","2":"type-product","3":"status-publish","4":"has-post-thumbnail","6":"product_cat-pc-core-i3","7":"product_tag-ordi-portable-hp","9":"first","10":"instock","11":"taxable","12":"shipping-taxable","13":"purchasable","14":"product-type-simple"},"acf":[],"_links":{"self":[{"href":"https:\/\/cartouche.ci\/index.php\/wp-json\/wp\/v2\/product\/5911","targetHints":{"allow":["GET"]}}],"collection":[{"href":"https:\/\/cartouche.ci\/index.php\/wp-json\/wp\/v2\/product"}],"about":[{"href":"https:\/\/cartouche.ci\/index.php\/wp-json\/wp\/v2\/types\/product"}],"wp:featuredmedia":[{"embeddable":true,"href":"https:\/\/cartouche.ci\/index.php\/wp-json\/wp\/v2\/media\/5914"}],"wp:attachment":[{"href":"https:\/\/cartouche.ci\/index.php\/wp-json\/wp\/v2\/media?parent=5911"}],"wp:term":[{"taxonomy":"product_cat","embeddable":true,"href":"https:\/\/cartouche.ci\/index.php\/wp-json\/wp\/v2\/product_cat?post=5911"},{"taxonomy":"product_tag","embeddable":true,"href":"https:\/\/cartouche.ci\/index.php\/wp-json\/wp\/v2\/product_tag?post=5911"}],"curies":[{"name":"wp","href":"https:\/\/api.w.org\/{rel}","templated":true}]}}