{"id":5918,"date":"2025-04-18T07:44:22","date_gmt":"2025-04-18T07:44:22","guid":{"rendered":"https:\/\/cartouche.ci\/?post_type=product&#038;p=5918"},"modified":"2025-05-09T07:27:02","modified_gmt":"2025-05-09T07:27:02","slug":"video-projecteur-epson-eb-x41-3600-lumens","status":"publish","type":"product","link":"https:\/\/cartouche.ci\/index.php\/product\/video-projecteur-epson-eb-x41-3600-lumens\/","title":{"rendered":"vid\u00e9o projecteur EPSON EB-X41-3600 lumens"},"content":{"rendered":"<div class=\"section-container__section section-container__section--tech-specs\" data-section=\"tech-specs\" data-sticky-header-anchor=\"tech-specs\">\n<div class=\"section-container__section-inner\">\n<div class=\"section-container__section-content\">\n<div class=\"technical-specifications technical-specifications--expanded\" data-toggle=\"technical-specifications\" data-toggle-class=\"technical-specifications--expanded\">\n<div class=\"technical-specifications__columns\">\n<div class=\"technical-specifications__column\">\n<div class=\"technical-specifications__category\">\n<h4 class=\"technical-specifications__category-name\">Technologie<\/h4>\n<div class=\"technical-specifications__category-specifications\">\n<div class=\"technical-specifications__specification\">\n<h5 class=\"technical-specifications__specification-heading\">Syst\u00e8me de projection<\/h5>\n<ul>\n<li><span class=\"technical-specifications__specification-value\">Technologie 3LCD, Obturateur RVB \u00e0 cristaux liquides<\/span><\/li>\n<\/ul>\n<\/div>\n<div class=\"technical-specifications__specification\">\n<h5 class=\"technical-specifications__specification-heading\">Panneau LCD<\/h5>\n<ul>\n<li><span class=\"technical-specifications__specification-value\">0,55\u00a0pouce avec MLA (D10)<\/span><\/li>\n<\/ul>\n<\/div>\n<\/div>\n<\/div>\n<div class=\"technical-specifications__category\">\n<h4 class=\"technical-specifications__category-name\">Image<\/h4>\n<div class=\"technical-specifications__category-specifications\">\n<div class=\"technical-specifications__specification\">\n<h5 class=\"technical-specifications__specification-heading\">Luminosit\u00e9 couleur<\/h5>\n<ul>\n<li><span class=\"technical-specifications__specification-value\">3.600\u00a0lumen- 2.235\u00a0lumen(\u00e9conomie) conform\u00e9ment \u00e0 la norme IDMS15.4<\/span><\/li>\n<\/ul>\n<\/div>\n<div class=\"technical-specifications__specification\">\n<h5 class=\"technical-specifications__specification-heading\">Sortie lumi\u00e8re blanche<\/h5>\n<ul>\n<li><span class=\"technical-specifications__specification-value\">3.600\u00a0lumen &#8211; 2.235\u00a0lumen(\u00e9conomie) conform\u00e9ment \u00e0 la norme ISO 21118:2012<\/span><\/li>\n<\/ul>\n<\/div>\n<div class=\"technical-specifications__specification\">\n<h5 class=\"technical-specifications__specification-heading\">R\u00e9solution<\/h5>\n<ul>\n<li><span class=\"technical-specifications__specification-value\">XGA<\/span><\/li>\n<\/ul>\n<\/div>\n<div class=\"technical-specifications__specification\">\n<h5 class=\"technical-specifications__specification-heading\">Rapport hauteur\/largeur<\/h5>\n<ul>\n<li><span class=\"technical-specifications__specification-value\">4:3<\/span><\/li>\n<\/ul>\n<\/div>\n<div class=\"technical-specifications__specification\">\n<h5 class=\"technical-specifications__specification-heading\">Rapport de contraste<\/h5>\n<ul>\n<li><span class=\"technical-specifications__specification-value\">15.000: 1<\/span><\/li>\n<\/ul>\n<\/div>\n<div class=\"technical-specifications__specification\">\n<h5 class=\"technical-specifications__specification-heading\">Source lumineuse<\/h5>\n<ul>\n<li><span class=\"technical-specifications__specification-value\">Lampe<\/span><\/li>\n<\/ul>\n<\/div>\n<div class=\"technical-specifications__specification\">\n<h5 class=\"technical-specifications__specification-heading\">Lampe<\/h5>\n<ul>\n<li><span class=\"technical-specifications__specification-value\">UHE, <\/span><\/li>\n<li><span class=\"technical-specifications__specification-value\">210\u00a0W, <\/span><\/li>\n<li><span class=\"technical-specifications__specification-value\">6.000\u00a0h\u00a0Long\u00e9vit\u00e9, <\/span><\/li>\n<li><span class=\"technical-specifications__specification-value\">10.000\u00a0h\u00a0Long\u00e9vit\u00e9\u00a0(en mode \u00e9conomique)<\/span><\/li>\n<\/ul>\n<\/div>\n<div class=\"technical-specifications__specification\">\n<h5 class=\"technical-specifications__specification-heading\">Correction Keystone<\/h5>\n<ul>\n<li><span class=\"technical-specifications__specification-value\">Automatique vertical\u00a0: \u00b130\u00a0\u00b0, Manuel horizontal \u00b130\u00a0\u00b0<\/span><\/li>\n<\/ul>\n<\/div>\n<div class=\"technical-specifications__specification\">\n<h5 class=\"technical-specifications__specification-heading\">Traitement vid\u00e9o<\/h5>\n<ul>\n<li><span class=\"technical-specifications__specification-value\">10\u00a0Bits<\/span><\/li>\n<\/ul>\n<\/div>\n<div class=\"technical-specifications__specification\">\n<h5 class=\"technical-specifications__specification-heading\">Fr\u00e9quence de rafra\u00eechissement vertical 2D<\/h5>\n<ul>\n<li><span class=\"technical-specifications__specification-value\">100\u00a0Hz &#8211; 120\u00a0Hz<\/span><\/li>\n<\/ul>\n<\/div>\n<div class=\"technical-specifications__specification\">\n<h5 class=\"technical-specifications__specification-heading\">Reproduction des couleurs<\/h5>\n<ul>\n<li><span class=\"technical-specifications__specification-value\">jusqu&#8217;\u00e0 1,07\u00a0milliards de couleurs<\/span><\/li>\n<\/ul>\n<\/div>\n<\/div>\n<\/div>\n<div class=\"technical-specifications__category\">\n<h4 class=\"technical-specifications__category-name\">Objectif<\/h4>\n<div class=\"technical-specifications__category-specifications\">\n<div class=\"technical-specifications__specification\">\n<h5 class=\"technical-specifications__specification-heading\">Rapport de projection<\/h5>\n<ul>\n<li><span class=\"technical-specifications__specification-value\">1,48 &#8211; 1,77:1<\/span><\/li>\n<\/ul>\n<\/div>\n<div class=\"technical-specifications__specification\">\n<h5 class=\"technical-specifications__specification-heading\">Zoom<\/h5>\n<ul>\n<li><span class=\"technical-specifications__specification-value\">Manual, <\/span><\/li>\n<li><span class=\"technical-specifications__specification-value\">Factor:1,2<\/span><\/li>\n<\/ul>\n<\/div>\n<div class=\"technical-specifications__specification\">\n<h5 class=\"technical-specifications__specification-heading\">Objectif<\/h5>\n<ul>\n<li><span class=\"technical-specifications__specification-value\">Optique<\/span><\/li>\n<\/ul>\n<\/div>\n<div class=\"technical-specifications__specification\">\n<h5 class=\"technical-specifications__specification-heading\">Taille de l&#8217;image<\/h5>\n<ul>\n<li><span class=\"technical-specifications__specification-value\">30\u00a0pouces &#8211; 300\u00a0pouces<\/span><\/li>\n<\/ul>\n<\/div>\n<div class=\"technical-specifications__specification\">\n<h5 class=\"technical-specifications__specification-heading\">Distance de projection Large\/T\u00e9l\u00e9<\/h5>\n<ul>\n<li><span class=\"technical-specifications__specification-value\">1,8\u00a0a &#8211; 2,17\u00a0a ( 60\u00a0poucescreen ),<\/span><\/li>\n<\/ul>\n<\/div>\n<div class=\"technical-specifications__specification\">\n<h5 class=\"technical-specifications__specification-heading\">Nombre d&#8217;ouverture de l&#8217;objectif de projection<\/h5>\n<ul>\n<li><span class=\"technical-specifications__specification-value\">1,49 &#8211; 1,72<\/span><\/li>\n<\/ul>\n<\/div>\n<div class=\"technical-specifications__specification\">\n<h5 class=\"technical-specifications__specification-heading\">Distance focale<\/h5>\n<ul>\n<li><span class=\"technical-specifications__specification-value\">16,9\u00a0mm &#8211; 20,28\u00a0mm<\/span><\/li>\n<\/ul>\n<\/div>\n<div class=\"technical-specifications__specification\">\n<h5 class=\"technical-specifications__specification-heading\">Focale<\/h5>\n<ul>\n<li><span class=\"technical-specifications__specification-value\">Manuel<\/span><\/li>\n<\/ul>\n<\/div>\n<div class=\"technical-specifications__specification\">\n<h5 class=\"technical-specifications__specification-heading\">Offset<\/h5>\n<ul>\n<li><span class=\"technical-specifications__specification-value\">8: 1<\/span><\/li>\n<\/ul>\n<\/div>\n<\/div>\n<\/div>\n<div class=\"technical-specifications__category\">\n<h4 class=\"technical-specifications__category-name\">Connectivit\u00e9<\/h4>\n<div class=\"technical-specifications__category-specifications\">\n<div class=\"technical-specifications__specification\">\n<h5 class=\"technical-specifications__specification-heading\">Fonction d\u2019affichage USB<\/h5>\n<ul>\n<li><span class=\"technical-specifications__specification-value\">2 en 1 : Image \/ souris<\/span><\/li>\n<\/ul>\n<\/div>\n<div class=\"technical-specifications__specification\">\n<h5 class=\"technical-specifications__specification-heading\">Connexions<\/h5>\n<ul>\n<li><span class=\"technical-specifications__specification-value\">USB\u00a02.0-A, USB\u00a02.0, <\/span><\/li>\n<li><span class=\"technical-specifications__specification-value\">Entr\u00e9e VGA, Entr\u00e9e HDMI, <\/span><\/li>\n<li><span class=\"technical-specifications__specification-value\">Entr\u00e9e composite, <\/span><\/li>\n<li><span class=\"technical-specifications__specification-value\">C\u00e2ble RCA de sortie audio, <\/span><\/li>\n<li><span class=\"technical-specifications__specification-value\">R\u00e9seau local sans fil IEEE\u00a0802.11b\/g\/n (WiFi 4) (en option)<\/span><\/li>\n<\/ul>\n<\/div>\n<div class=\"technical-specifications__specification\">\n<h5 class=\"technical-specifications__specification-heading\">Connexion au Smartphone<\/h5>\n<ul>\n<li><span class=\"technical-specifications__specification-value\">Ad hoc\/Infrastructure<\/span><\/li>\n<\/ul>\n<\/div>\n<\/div>\n<\/div>\n<\/div>\n<div class=\"technical-specifications__column\">\n<div class=\"technical-specifications__category\">\n<h4 class=\"technical-specifications__category-name\">Fonctions avanc\u00e9es<\/h4>\n<div class=\"technical-specifications__category-specifications\">\n<div class=\"technical-specifications__specification\">\n<h5 class=\"technical-specifications__specification-heading\">S\u00e9curit\u00e9<\/h5>\n<ul>\n<li><span class=\"technical-specifications__specification-value\">Verrou Kensington, <\/span><\/li>\n<li><span class=\"technical-specifications__specification-value\">Passage pour c\u00e2ble de s\u00e9curit\u00e9, <\/span><\/li>\n<li><span class=\"technical-specifications__specification-value\">Verrou de l&#8217;unit\u00e9 r\u00e9seau LAN sans fil, <\/span><\/li>\n<li><span class=\"technical-specifications__specification-value\">Protection par mot de passe<\/span><\/li>\n<\/ul>\n<\/div>\n<div class=\"technical-specifications__specification\">\n<h5 class=\"technical-specifications__specification-heading\">3D<\/h5>\n<ul>\n<li><span class=\"technical-specifications__specification-value\">Non<\/span><\/li>\n<\/ul>\n<\/div>\n<div class=\"technical-specifications__specification\">\n<h5 class=\"technical-specifications__specification-heading\">Modes couleur 2D<\/h5>\n<ul>\n<li><span class=\"technical-specifications__specification-value\">Dynamique, <\/span><\/li>\n<li><span class=\"technical-specifications__specification-value\">Cin\u00e9ma, <\/span><\/li>\n<li><span class=\"technical-specifications__specification-value\">Pr\u00e9sentation, <\/span><\/li>\n<li><span class=\"technical-specifications__specification-value\">sRGB, <\/span><\/li>\n<li><span class=\"technical-specifications__specification-value\">Tableau noir<\/span><\/li>\n<\/ul>\n<\/div>\n<div class=\"technical-specifications__specification\">\n<h5 class=\"technical-specifications__specification-heading\">Caract\u00e9ristiques<\/h5>\n<ul>\n<li><span class=\"technical-specifications__specification-value\">A\/V mute slide, <\/span><\/li>\n<li><span class=\"technical-specifications__specification-value\">Correction de trap\u00e8ze automatique, <\/span><\/li>\n<li><span class=\"technical-specifications__specification-value\">Haut-parleur int\u00e9gr\u00e9, <\/span><\/li>\n<li><span class=\"technical-specifications__specification-value\">Correction horizontale et verticale du trap\u00e8ze,<\/span><\/li>\n<li><span class=\"technical-specifications__specification-value\"> Lampe longue dur\u00e9e, <\/span><\/li>\n<li><span class=\"technical-specifications__specification-value\">Quick Corner<\/span><\/li>\n<\/ul>\n<\/div>\n<div class=\"technical-specifications__specification\">\n<h5 class=\"technical-specifications__specification-heading\">Modes de couleur<\/h5>\n<ul>\n<li><span class=\"technical-specifications__specification-value\">Tableau, <\/span><\/li>\n<li><span class=\"technical-specifications__specification-value\">Cin\u00e9ma, <\/span><\/li>\n<li><span class=\"technical-specifications__specification-value\">Dynamique, <\/span><\/li>\n<li><span class=\"technical-specifications__specification-value\">Pr\u00e9sentation, <\/span><\/li>\n<li><span class=\"technical-specifications__specification-value\">sRGB<\/span><\/li>\n<\/ul>\n<\/div>\n<\/div>\n<\/div>\n<div class=\"technical-specifications__category\">\n<div class=\"technical-specifications__category-specifications\">\n<div class=\"technical-specifications__specification\">\n<h5 class=\"technical-specifications__specification-heading\">Power consumption<\/h5>\n<ul>\n<li><span class=\"technical-specifications__specification-value\">257\u00a0W\u00a0(Normal On-Mode),\u00a0<\/span><\/li>\n<li><span class=\"technical-specifications__specification-value\">282\u00a0W\u00a0(Normal Peak-mode),<\/span><\/li>\n<li><span class=\"technical-specifications__specification-value\">\u00a0203\u00a0W\u00a0(Eco Peak-Mode),\u00a0<\/span><\/li>\n<li><span class=\"technical-specifications__specification-value\">0,2\u00a0W\u00a0(Energy saving standby)<\/span><\/li>\n<\/ul>\n<\/div>\n<div class=\"technical-specifications__specification\">\n<h5 class=\"technical-specifications__specification-heading\">Gamme de tension\/ Fr\u00e9quence nominale<\/h5>\n<ul>\n<li><span class=\"technical-specifications__specification-value\">AC 100 V &#8211; 240 V, 50 Hz &#8211; 60 Hz<\/span><\/li>\n<\/ul>\n<\/div>\n<div class=\"technical-specifications__specification\">\n<h5 class=\"technical-specifications__specification-heading\">Dimensions du produit<\/h5>\n<ul>\n<li><span class=\"technical-specifications__specification-value\">302\u200e\u00a0x\u00a0237\u00a0x\u00a082\u00a0mm\u00a0(Largeur x Profondeur x Hauteur)<\/span><\/li>\n<\/ul>\n<\/div>\n<div class=\"technical-specifications__specification\">\n<h5 class=\"technical-specifications__specification-heading\">Poids du produit<\/h5>\n<ul>\n<li><span class=\"technical-specifications__specification-value\">2,5\u00a0kg<\/span><\/li>\n<\/ul>\n<\/div>\n<div class=\"technical-specifications__specification\">\n<h5 class=\"technical-specifications__specification-heading\">Niveau sonore<\/h5>\n<ul>\n<li><span class=\"technical-specifications__specification-value\">Normal :37 dB(A)\u00a0<\/span><\/li>\n<li><span class=\"technical-specifications__specification-value\">\u00c9conomie\u00a0:28\u00a0dB(A)<\/span><\/li>\n<\/ul>\n<\/div>\n<div class=\"technical-specifications__specification\">\n<h5 class=\"technical-specifications__specification-heading\">Temp\u00e9rature<\/h5>\n<ul>\n<li><span class=\"technical-specifications__specification-value\">fonctionnement\u00a05\u00b0C &#8211; 35\u00b0C, <\/span><\/li>\n<li><span class=\"technical-specifications__specification-value\">Stockage\u00a0-10\u00b0C &#8211; 60\u00b0C<\/span><\/li>\n<\/ul>\n<\/div>\n<div class=\"technical-specifications__specification\">\n<h5 class=\"technical-specifications__specification-heading\">Humidit\u00e9 de l\u2019air<\/h5>\n<ul>\n<li><span class=\"technical-specifications__specification-value\">fonctionnement\u00a020% &#8211; 80%, Stockage\u00a010% &#8211; 90%<br \/>\nSi le projecteur est install\u00e9 \u00e0 l\u2019aide d\u2019un support plafond ou mural dans un environnement tr\u00e8s enfum\u00e9 dans lequel des huiles, du p\u00e9trole et\/ou des produits chimiques se volatilisent, dans des mises en sc\u00e8ne utilisant beaucoup de fum\u00e9e ou de mousse, ou dans un environnement o\u00f9 des huiles aromatiques sont fr\u00e9quemment br\u00fbl\u00e9es, cela peut entra\u00eener la d\u00e9gradation de certaines parties de nos produits qui, avec le temps, peuvent se rompre et causer la chute du projecteur. <\/span>Si vous avez des questions concernant l\u2019environnement dans lequel votre projecteur est install\u00e9 ou pour toute autre question, veuillez contacter notre service de support pour qu\u2019il vous apporte toute l\u2019aide dont vous avez besoin.<\/li>\n<\/ul>\n<\/div>\n<div class=\"technical-specifications__specification\">\n<h5 class=\"technical-specifications__specification-heading\">Logiciels inclus<\/h5>\n<ul>\n<li><span class=\"technical-specifications__specification-value\">Epson Creative Projection, <\/span><\/li>\n<li><span class=\"technical-specifications__specification-value\">EasyMP Multi PC Projection, <\/span><\/li>\n<li><span class=\"technical-specifications__specification-value\">Epson Projector Management, <\/span><\/li>\n<li><span class=\"technical-specifications__specification-value\">Epson Projector Professional Tool<\/span><\/li>\n<\/ul>\n<\/div>\n<div class=\"technical-specifications__specification\">\n<h5 class=\"technical-specifications__specification-heading\">Options<\/h5>\n<ul>\n<li><span class=\"technical-specifications__specification-value\">Filtre \u00e0 poussi\u00e8res<\/span><\/li>\n<\/ul>\n<\/div>\n<div class=\"technical-specifications__specification\">\n<h5 class=\"technical-specifications__specification-heading\">Haut-parleur<\/h5>\n<ul>\n<li><span class=\"technical-specifications__specification-value\">2\u00a0W<\/span><\/li>\n<\/ul>\n<\/div>\n<div class=\"technical-specifications__specification\">\n<h5 class=\"technical-specifications__specification-heading\">Type de salle \/ Application<\/h5>\n<ul>\n<li><span class=\"technical-specifications__specification-value\">Bureau \u00e0 domicile, <\/span><\/li>\n<li><span class=\"technical-specifications__specification-value\">Photos \u00e0 domicile, <\/span><\/li>\n<li><span class=\"technical-specifications__specification-value\">Streaming, <\/span><\/li>\n<li><span class=\"technical-specifications__specification-value\">\u00c9missions de t\u00e9l\u00e9vision<\/span><\/li>\n<li><span class=\"technical-specifications__specification-value\">vid\u00e9os \u00e0 la demande<\/span><\/li>\n<\/ul>\n<\/div>\n<div class=\"technical-specifications__specification\">\n<h5 class=\"technical-specifications__specification-heading\">Positionnement<\/h5>\n<ul>\n<li><span class=\"technical-specifications__specification-value\">Au plafond, <\/span><\/li>\n<li><span class=\"technical-specifications__specification-value\">Bureau<\/span><\/li>\n<\/ul>\n<\/div>\n<div class=\"technical-specifications__specification\">\n<h5 class=\"technical-specifications__specification-heading\">Couleur<\/h5>\n<ul>\n<li><span class=\"technical-specifications__specification-value\">Blanc<\/span><\/li>\n<\/ul>\n<\/div>\n<\/div>\n<\/div>\n<\/div>\n<\/div>\n<\/div>\n<\/div>\n<\/div>\n<\/div>\n","protected":false},"excerpt":{"rendered":"<h3>Pr\u00e9sentation<\/h3>\n<ul>\n<li style=\"font-weight: 400;\">\u00a0<b><strong>Marque\u00a0:\u00a0<\/strong><\/b>Epson<\/li>\n<li style=\"font-weight: 400;\"><b><strong>Nom du produit\u00a0:\u00a0<\/strong><\/b>Epson EB-X41 Projecteur 3LCD portable 3600 lumens<\/li>\n<li style=\"font-weight: 400;\"><b><strong>Cat\u00e9gorie\u00a0:\u00a0<\/strong><\/b>Vid\u00e9oprojecteur<\/li>\n<li style=\"font-weight: 400;\"><b><strong>Interfaces vid\u00e9o\u00a0:\u00a0<\/strong><\/b>VGA, HDMI, composite video<\/li>\n<li style=\"font-weight: 400;\"><b><strong>Signal vid\u00e9o analogique\u00a0:\u00a0<\/strong><\/b>RGB, vid\u00e9o composite<\/li>\n<li style=\"font-weight: 400;\"><b><strong>Distance de projection\u00a0:\u00a0<\/strong><\/b>1.8 m &#8211; 2.17 m<\/li>\n<li style=\"font-weight: 400;\"><b><strong>Luminosit\u00e9 (R\u00e9duite)\u00a0:\u00a0<\/strong><\/b>2235 lumens<\/li>\n<li style=\"font-weight: 400;\"><b><strong>Luminosit\u00e9 (Couleur)\u00a0:\u00a0<\/strong><\/b>3600 lumens<\/li>\n<\/ul>\n","protected":false},"featured_media":5921,"template":"","meta":{"_acf_changed":false},"product_cat":[110],"product_tag":[291],"class_list":{"0":"post-5918","1":"product","2":"type-product","3":"status-publish","4":"has-post-thumbnail","6":"product_cat-projecteurs","7":"product_tag-video-projecteur","9":"first","10":"instock","11":"taxable","12":"shipping-taxable","13":"purchasable","14":"product-type-simple"},"acf":[],"_links":{"self":[{"href":"https:\/\/cartouche.ci\/index.php\/wp-json\/wp\/v2\/product\/5918","targetHints":{"allow":["GET"]}}],"collection":[{"href":"https:\/\/cartouche.ci\/index.php\/wp-json\/wp\/v2\/product"}],"about":[{"href":"https:\/\/cartouche.ci\/index.php\/wp-json\/wp\/v2\/types\/product"}],"wp:featuredmedia":[{"embeddable":true,"href":"https:\/\/cartouche.ci\/index.php\/wp-json\/wp\/v2\/media\/5921"}],"wp:attachment":[{"href":"https:\/\/cartouche.ci\/index.php\/wp-json\/wp\/v2\/media?parent=5918"}],"wp:term":[{"taxonomy":"product_cat","embeddable":true,"href":"https:\/\/cartouche.ci\/index.php\/wp-json\/wp\/v2\/product_cat?post=5918"},{"taxonomy":"product_tag","embeddable":true,"href":"https:\/\/cartouche.ci\/index.php\/wp-json\/wp\/v2\/product_tag?post=5918"}],"curies":[{"name":"wp","href":"https:\/\/api.w.org\/{rel}","templated":true}]}}