{"id":5925,"date":"2025-04-18T08:22:45","date_gmt":"2025-04-18T08:22:45","guid":{"rendered":"https:\/\/cartouche.ci\/?post_type=product&#038;p=5925"},"modified":"2025-05-09T07:07:23","modified_gmt":"2025-05-09T07:07:23","slug":"video-projecteur-siewsonic-pa503s","status":"publish","type":"product","link":"https:\/\/cartouche.ci\/index.php\/product\/video-projecteur-siewsonic-pa503s\/","title":{"rendered":"vid\u00e9o projecteur siewsonic PA503S"},"content":{"rendered":"<h3><a href=\"https:\/\/cartouche.ci\/?attachment_id=5931\" rel=\"attachment wp-att-5931\"><img fetchpriority=\"high\" decoding=\"async\" class=\"wp-image-5931 size-medium alignleft\" src=\"https:\/\/cartouche.ci\/wp-content\/uploads\/2025\/04\/PA503-lamp-15000-hours-300x247.webp\" alt=\"\" width=\"300\" height=\"247\" srcset=\"https:\/\/cartouche.ci\/wp-content\/uploads\/2025\/04\/PA503-lamp-15000-hours-300x247.webp 300w, https:\/\/cartouche.ci\/wp-content\/uploads\/2025\/04\/PA503-lamp-15000-hours-768x633.webp 768w, https:\/\/cartouche.ci\/wp-content\/uploads\/2025\/04\/PA503-lamp-15000-hours-600x494.webp 600w, https:\/\/cartouche.ci\/wp-content\/uploads\/2025\/04\/PA503-lamp-15000-hours.webp 800w\" sizes=\"(max-width: 300px) 100vw, 300px\" \/><\/a>Dur\u00e9e de vie prolong\u00e9e<\/h3>\n<p>Les utilisateurs peuvent choisir diff\u00e9rents modes de lampe pour prolonger la dur\u00e9e de vie. Lorsque le r\u00e9glage de l&#8217;\u00e9conomie d&#8217;\u00e9nergie est activ\u00e9 et sans entr\u00e9e de signal, le projecteur passe automatiquement en mode Eco et en mode SuperEco<\/p>\n<ul>\n<li><b>Mode Eco:<\/b>\u00a0Ce projecteur passe automatiquement du mode Normal au mode Eco chaque fois qu&#8217;il est en veille pendant 5 minutes.<\/li>\n<li><b>Mode SuperEco:<\/b> Lorsque le projecteur n&#8217;a pas re\u00e7u de signal d&#8217;entr\u00e9e pendant 20 minutes, les images projet\u00e9es sont att\u00e9nu\u00e9es \u00e0 70%, ce qui prolonge en moyenne la dur\u00e9e de vie de la lampe \u00e0 15 000 heures<\/li>\n<\/ul>\n<h3>Minuterie de veille automatique<\/h3>\n<p><a href=\"https:\/\/cartouche.ci\/?attachment_id=5930\" rel=\"attachment wp-att-5930\"><img decoding=\"async\" class=\"alignright wp-image-5930 \" src=\"https:\/\/cartouche.ci\/wp-content\/uploads\/2025\/04\/Sleep-time1-300x114.webp\" alt=\"\" width=\"339\" height=\"129\" srcset=\"https:\/\/cartouche.ci\/wp-content\/uploads\/2025\/04\/Sleep-time1-300x114.webp 300w, https:\/\/cartouche.ci\/wp-content\/uploads\/2025\/04\/Sleep-time1-768x293.webp 768w, https:\/\/cartouche.ci\/wp-content\/uploads\/2025\/04\/Sleep-time1-600x229.webp 600w, https:\/\/cartouche.ci\/wp-content\/uploads\/2025\/04\/Sleep-time1.webp 800w\" sizes=\"(max-width: 339px) 100vw, 339px\" \/><\/a>Les utilisateurs oublient souvent d\u2019\u00e9teindre les projecteurs, surtout dans les espaces publics comme les salles de classe et de r\u00e9union. La minuterie de veille de PA503S vous permet de s\u00e9lectionner une p\u00e9riode d&#8217;inactivit\u00e9 qui d\u00e9terminera si le projecteur doit se mettre en mode veille automatiquement.<\/p>\n<h3>Arr\u00eat automatique<\/h3>\n<p>Lorsqu&#8217;un signal n&#8217;a pas \u00e9t\u00e9 d\u00e9tect\u00e9,<\/p>\n<p>le projecteur s&#8217;\u00e9teint automatiquement pour conserver l&#8217;\u00e9nergie et la dur\u00e9e de vie de la lampe.<\/p>\n<h3>Images nettes dans n&#8217;importe quel environnement<\/h3>\n<p><a href=\"https:\/\/cartouche.ci\/?attachment_id=5933\" rel=\"attachment wp-att-5933\"><img decoding=\"async\" class=\"wp-image-5933 alignleft\" src=\"https:\/\/cartouche.ci\/wp-content\/uploads\/2025\/04\/PA503-Bright-Images-300x222.webp\" alt=\"\" width=\"222\" height=\"164\" srcset=\"https:\/\/cartouche.ci\/wp-content\/uploads\/2025\/04\/PA503-Bright-Images-300x222.webp 300w, https:\/\/cartouche.ci\/wp-content\/uploads\/2025\/04\/PA503-Bright-Images-768x567.webp 768w, https:\/\/cartouche.ci\/wp-content\/uploads\/2025\/04\/PA503-Bright-Images-600x443.webp 600w, https:\/\/cartouche.ci\/wp-content\/uploads\/2025\/04\/PA503-Bright-Images.webp 800w\" sizes=\"(max-width: 222px) 100vw, 222px\" \/><\/a><\/p>\n<p>Avec une luminosit\u00e9 de 4000 Lumens ANSI et un rapport de contraste \u00e9lev\u00e9 de 22 000:1, le vid\u00e9oprojecteur produit des images lumineuses dans n&#8217;importe quel environnement, m\u00eame dans des salles \u00e0 forte luminosit\u00e9.<\/p>\n<h3><\/h3>\n<h3><\/h3>\n<h3>Affichage simplifi\u00e9<\/h3>\n<p>Choisissez parmi 5 modes de visualisation pr\u00e9d\u00e9finis uniques pour fournir les meilleurs param\u00e8tres pour votre utilisation :<\/p>\n<ul>\n<li><b>Mode le plus lumineux :<\/b>\u00a0pour des environnements o\u00f9 une tr\u00e8s forte luminosit\u00e9 est requise<\/li>\n<li><b>Mode de pr\u00e9sentation :<\/b>\u00a0Haute luminosit\u00e9 et un taux de contraste \u00e9lev\u00e9 pour les pr\u00e9sentations dans des environnements \u00e9clair\u00e9s.<\/li>\n<li><b>Mode standard :<\/b>\u00a0Couleur am\u00e9lior\u00e9e, similaire \u00e0 celle d&#8217;un PC ou d&#8217;un ordinateur portable.<\/li>\n<li><b>Mode photo :<\/b>\u00a0Couleur naturelle pour visionnement g\u00e9n\u00e9ral<\/li>\n<li><b>Mode film :<\/b>\u00a0Couleur satur\u00e9e pour une meilleure exp\u00e9rience de visionnement de films dans des environnements sombres.<\/li>\n<\/ul>\n","protected":false},"excerpt":{"rendered":"<h3>Pr\u00e9sentation<\/h3>\n<ul>\n<li>R\u00e9troprojecteur 3D SVGA 4000 Lumens<\/li>\n<li>Meilleures luminosit\u00e9 et dur\u00e9e de vie de la lampe<\/li>\n<li>4000 Lumens ANSI avec un ratio de contraste de 22 000:1<\/li>\n<li>Jusqu&#8217;\u00e0 15 000 heures de dur\u00e9e de vie de la lampe (mode SuperEco)<\/li>\n<li>Technologie SuperColour\u2122 dans ce vid\u00e9oprojecteur<\/li>\n<li>Projecteur 3D SVGA avec 5 modes de couleurs<\/li>\n<li>V keystone offre un r\u00e9glage d&#8217;image facile<\/li>\n<li>Projecteur profissionnel pour salles de r\u00e9union et salles de classe<\/li>\n<\/ul>\n","protected":false},"featured_media":5928,"template":"","meta":{"_acf_changed":false},"product_cat":[110],"product_tag":[291],"class_list":{"0":"post-5925","1":"product","2":"type-product","3":"status-publish","4":"has-post-thumbnail","6":"product_cat-projecteurs","7":"product_tag-video-projecteur","9":"first","10":"instock","11":"taxable","12":"shipping-taxable","13":"purchasable","14":"product-type-simple"},"acf":[],"_links":{"self":[{"href":"https:\/\/cartouche.ci\/index.php\/wp-json\/wp\/v2\/product\/5925","targetHints":{"allow":["GET"]}}],"collection":[{"href":"https:\/\/cartouche.ci\/index.php\/wp-json\/wp\/v2\/product"}],"about":[{"href":"https:\/\/cartouche.ci\/index.php\/wp-json\/wp\/v2\/types\/product"}],"wp:featuredmedia":[{"embeddable":true,"href":"https:\/\/cartouche.ci\/index.php\/wp-json\/wp\/v2\/media\/5928"}],"wp:attachment":[{"href":"https:\/\/cartouche.ci\/index.php\/wp-json\/wp\/v2\/media?parent=5925"}],"wp:term":[{"taxonomy":"product_cat","embeddable":true,"href":"https:\/\/cartouche.ci\/index.php\/wp-json\/wp\/v2\/product_cat?post=5925"},{"taxonomy":"product_tag","embeddable":true,"href":"https:\/\/cartouche.ci\/index.php\/wp-json\/wp\/v2\/product_tag?post=5925"}],"curies":[{"name":"wp","href":"https:\/\/api.w.org\/{rel}","templated":true}]}}