{"id":5934,"date":"2025-04-18T09:00:52","date_gmt":"2025-04-18T09:00:52","guid":{"rendered":"https:\/\/cartouche.ci\/?post_type=product&#038;p=5934"},"modified":"2025-04-18T09:12:48","modified_gmt":"2025-04-18T09:12:48","slug":"tableau-de-projection-antho-2mx2m","status":"publish","type":"product","link":"https:\/\/cartouche.ci\/index.php\/product\/tableau-de-projection-antho-2mx2m\/","title":{"rendered":"tableau de projection ANTHO"},"content":{"rendered":"<p>D\u00e9couvrez notre tableau de projection \u00e9lectrique de pointe, mesurant 2 m\u00e8tres carr\u00e9s, con\u00e7u pour transformer instantan\u00e9ment votre espace en une salle de cin\u00e9ma ou une salle de conf\u00e9rence. Facile \u00e0 installer avec seulement deux grosses vis, ce tableau se fixe solidement au mur. Son m\u00e9canisme de d\u00e9ploiement \u00e9lectrique, contr\u00f4l\u00e9 par une t\u00e9l\u00e9commande pratique reli\u00e9e par c\u00e2ble, vous permet de d\u00e9plier l&#8217;\u00e9cran en douceur et sans effort. Id\u00e9al pour les pr\u00e9sentations, les films ou les jeux vid\u00e9o, cet \u00e9cran offre une surface de projection lisse et uniforme, assurant une qualit\u00e9 d&#8217;image exceptionnelle. Ajoutez une touche de modernit\u00e9 et de fonctionnalit\u00e9 \u00e0 votre espace avec notre tableau de projection \u00e9lectrique !<\/p>\n<ul>\n<li><strong>Type de produit<\/strong> : Tableau de projection<\/li>\n<li><strong>Mode<\/strong> : D\u00e9pliage \u00e9lectrique par t\u00e9l\u00e9commande li\u00e9e au c\u00e2ble<\/li>\n<li>Compatible avec tout les vid\u00e9os projecteurs<\/li>\n<li><strong>Dimensions<\/strong> : 2 M\u00e8tres x 2 M\u00e8tres<\/li>\n<li><strong>Couleur<\/strong> : Blanc<\/li>\n<\/ul>\n","protected":false},"excerpt":{"rendered":"<h4>Projecteur ANTHO 2M x 2M<\/h4>\n<ul>\n<li>fixer au mur dans vos salles de pr\u00e9sentation d\u00e9di\u00e9es<\/li>\n<\/ul>\n","protected":false},"featured_media":5935,"template":"","meta":{"_acf_changed":false},"product_cat":[110],"product_tag":[],"class_list":{"0":"post-5934","1":"product","2":"type-product","3":"status-publish","4":"has-post-thumbnail","6":"product_cat-projecteurs","8":"first","9":"instock","10":"taxable","11":"shipping-taxable","12":"product-type-simple"},"acf":[],"_links":{"self":[{"href":"https:\/\/cartouche.ci\/index.php\/wp-json\/wp\/v2\/product\/5934","targetHints":{"allow":["GET"]}}],"collection":[{"href":"https:\/\/cartouche.ci\/index.php\/wp-json\/wp\/v2\/product"}],"about":[{"href":"https:\/\/cartouche.ci\/index.php\/wp-json\/wp\/v2\/types\/product"}],"wp:featuredmedia":[{"embeddable":true,"href":"https:\/\/cartouche.ci\/index.php\/wp-json\/wp\/v2\/media\/5935"}],"wp:attachment":[{"href":"https:\/\/cartouche.ci\/index.php\/wp-json\/wp\/v2\/media?parent=5934"}],"wp:term":[{"taxonomy":"product_cat","embeddable":true,"href":"https:\/\/cartouche.ci\/index.php\/wp-json\/wp\/v2\/product_cat?post=5934"},{"taxonomy":"product_tag","embeddable":true,"href":"https:\/\/cartouche.ci\/index.php\/wp-json\/wp\/v2\/product_tag?post=5934"}],"curies":[{"name":"wp","href":"https:\/\/api.w.org\/{rel}","templated":true}]}}