{"id":5964,"date":"2025-04-19T13:56:46","date_gmt":"2025-04-19T13:56:46","guid":{"rendered":"https:\/\/cartouche.ci\/?post_type=product&#038;p=5964"},"modified":"2025-04-19T14:27:56","modified_gmt":"2025-04-19T14:27:56","slug":"unify-ac-mesh-pro-5ghz-2-4ghz","status":"publish","type":"product","link":"https:\/\/cartouche.ci\/index.php\/product\/unify-ac-mesh-pro-5ghz-2-4ghz\/","title":{"rendered":"UNIFY AC Mesh Pro-5ghz\/2.4ghz"},"content":{"rendered":"<div class=\"sc-5008e078-8 jTFfG\">\n<div class=\"sc-b2dc6365-0 dcNsJz\">\n<div class=\"sc-b2dc6365-5 hsPVgn\"><\/div>\n<\/div>\n<div class=\"sc-b2dc6365-0 dcNsJz\">\n<div class=\"sc-b2dc6365-5 hsPVgn\">\n<div class=\"react-transform-wrapper transform-component-module_wrapper__SPB86 \">\n<div class=\"react-transform-component transform-component-module_content__FBWxo \"><img decoding=\"async\" class=\"sc-b2dc6365-1 ebWjxy\" src=\"https:\/\/images.svc.ui.com\/?u=https%3A%2F%2Fcdn.ecomm.ui.com%2Fproducts%2F061a3bec-9109-4b72-aeaa-e3ee095a8403%2F5bb1ee62-d51b-46cd-84a3-38a42e586616.png&amp;q=75&amp;w=1080\" srcset=\"https:\/\/images.svc.ui.com\/?u=https%3A%2F%2Fcdn.ecomm.ui.com%2Fproducts%2F061a3bec-9109-4b72-aeaa-e3ee095a8403%2F5bb1ee62-d51b-46cd-84a3-38a42e586616.png&amp;q=75&amp;w=640 1x, https:\/\/images.svc.ui.com\/?u=https%3A%2F%2Fcdn.ecomm.ui.com%2Fproducts%2F061a3bec-9109-4b72-aeaa-e3ee095a8403%2F5bb1ee62-d51b-46cd-84a3-38a42e586616.png&amp;q=75&amp;w=1080 2x\" alt=\"AC Mesh Pro\" width=\"500\" height=\"171.42857142857142\" data-nimg=\"1\" \/><\/div>\n<\/div>\n<\/div>\n<\/div>\n<div class=\"sc-b2dc6365-0 dcNsJz\">\n<div class=\"sc-b2dc6365-5 hsPVgn\">\n<div class=\"react-transform-wrapper transform-component-module_wrapper__SPB86 \">\n<div class=\"react-transform-component transform-component-module_content__FBWxo \"><img decoding=\"async\" class=\"sc-b2dc6365-1 ebWjxy\" src=\"https:\/\/images.svc.ui.com\/?u=https%3A%2F%2Fcdn.ecomm.ui.com%2Fproducts%2F061a3bec-9109-4b72-aeaa-e3ee095a8403%2F815cab03-55d1-4593-ad00-88d51fb3249f.png&amp;q=75&amp;w=1080\" srcset=\"https:\/\/images.svc.ui.com\/?u=https%3A%2F%2Fcdn.ecomm.ui.com%2Fproducts%2F061a3bec-9109-4b72-aeaa-e3ee095a8403%2F815cab03-55d1-4593-ad00-88d51fb3249f.png&amp;q=75&amp;w=640 1x, https:\/\/images.svc.ui.com\/?u=https%3A%2F%2Fcdn.ecomm.ui.com%2Fproducts%2F061a3bec-9109-4b72-aeaa-e3ee095a8403%2F815cab03-55d1-4593-ad00-88d51fb3249f.png&amp;q=75&amp;w=1080 2x\" alt=\"AC Mesh Pro\" width=\"500\" height=\"286.5168539325843\" data-nimg=\"1\" \/><\/div>\n<div><\/div>\n<\/div>\n<\/div>\n<\/div>\n<\/div>\n<div class=\"sc-5008e078-9 eGOVDM\">\n<div class=\"sc-f5d74b30-0 egaTkP\">\n<div class=\"sc-2d8bd01b-0 bBfkBS\">\n<div class=\"sc-2d8bd01b-4 fgWowb\">\n<div class=\"sc-2d8bd01b-5 kwsGgv\">\n<div class=\"sc-f5d74b30-1 iMIjEl\">\n<div class=\"sc-f5d74b30-3 sc-f5d74b30-4 iEhorn ebcMum\"><strong>MIMO<\/strong><\/div>\n<div class=\"sc-f5d74b30-6 fcBFJq\">\n<div class=\"sc-f5d74b30-2 tpVju\">\n<ul>\n<li class=\"sc-f5d74b30-3 sc-f5d74b30-4 iEhorn iSIPlG\">5 GHz\u00a0 = 3 x 3 (DL MU-MIMO)<\/li>\n<\/ul>\n<\/div>\n<div class=\"sc-f5d74b30-2 tpVju\">\n<ul>\n<li class=\"sc-f5d74b30-3 sc-f5d74b30-4 iEhorn iSIPlG\">2,4 GHz = 3 x 3 (DL MU-MIMO)<\/li>\n<\/ul>\n<div class=\"sc-f5d74b30-3 sc-f5d74b30-4 iEhorn iSIPlG\"><strong>D\u00e9bit de donn\u00e9es maximal<\/strong><\/div>\n<\/div>\n<\/div>\n<div class=\"sc-f5d74b30-6 fcBFJq\">\n<div class=\"sc-f5d74b30-2 tpVju\">\n<ul>\n<li class=\"sc-f5d74b30-3 sc-f5d74b30-4 iEhorn iSIPlG\">5 GHz = 1,3 Gbit\/s (BW80)<\/li>\n<\/ul>\n<\/div>\n<div class=\"sc-f5d74b30-2 tpVju\">\n<ul>\n<li class=\"sc-f5d74b30-7 irMljF\">2,4 GHz = 450 Mbps (BW40)<\/li>\n<\/ul>\n<\/div>\n<\/div>\n<div class=\"sc-f5d74b30-3 sc-f5d74b30-4 iEhorn ebcMum\"><strong>Gain d&#8217;antenne<\/strong><\/div>\n<div class=\"sc-f5d74b30-6 fcBFJq\">\n<div class=\"sc-f5d74b30-2 tpVju\">\n<ul>\n<li class=\"sc-f5d74b30-3 sc-f5d74b30-4 iEhorn iSIPlG\">5 GHz = 8 dBi<\/li>\n<\/ul>\n<\/div>\n<div class=\"sc-f5d74b30-2 tpVju\">\n<ul>\n<li class=\"sc-f5d74b30-7 irMljF\">2,4 GHz = 8 dBi<\/li>\n<\/ul>\n<\/div>\n<\/div>\n<div class=\"sc-f5d74b30-3 sc-f5d74b30-4 iEhorn ebcMum\"><strong>Puissance d&#8217;\u00e9mission maximale<\/strong><\/div>\n<div class=\"sc-f5d74b30-6 fcBFJq\">\n<div class=\"sc-f5d74b30-2 tpVju\">\n<ul>\n<li class=\"sc-f5d74b30-3 sc-f5d74b30-4 iEhorn iSIPlG\">5 GHz = 22 dBm<\/li>\n<\/ul>\n<\/div>\n<div class=\"sc-f5d74b30-2 tpVju\">\n<ul>\n<li class=\"sc-f5d74b30-7 irMljF\">2,4 GHz = 22 dBm<\/li>\n<\/ul>\n<\/div>\n<\/div>\n<div class=\"sc-f5d74b30-2 hthDOj\">\n<div class=\"sc-f5d74b30-3 sc-f5d74b30-4 iEhorn iSIPlG\"><strong>Nombre maximal de BSSID<\/strong><\/div>\n<ul>\n<li class=\"sc-f5d74b30-3 sc-f5d74b30-5 iEhorn dtBYPF\">8 par radio<\/li>\n<\/ul>\n<\/div>\n<div class=\"sc-f5d74b30-3 sc-f5d74b30-4 iEhorn ebcMum\"><strong>D\u00e9bits de donn\u00e9es pris en charge<\/strong><\/div>\n<div class=\"sc-f5d74b30-6 fcBFJq\">\n<div class=\"sc-f5d74b30-2 gqWnSb\">\n<ul>\n<li class=\"sc-f5d74b30-3 sc-f5d74b30-4 iEhorn iSIPlG\">802.11ac (WiFi 5) = 6,5 Mbps \u00e0 1300 Mbps (MCS0 &#8211; MCS9 NSS1\/2\/3, VHT 20\/40\/80)<\/li>\n<\/ul>\n<\/div>\n<div class=\"sc-f5d74b30-2 gqWnSb\">\n<ul>\n<li class=\"sc-f5d74b30-3 sc-f5d74b30-4 iEhorn iSIPlG\">802.11n = 6,5 Mbps \u00e0 300 Mbps (MCS0 &#8211; MCS15, HT 20\/40<\/li>\n<\/ul>\n<div>\n<hr \/>\n<\/div>\n<\/div>\n<\/div>\n<\/div>\n<\/div>\n<\/div>\n<\/div>\n<div class=\"sc-2d8bd01b-0 bBfkBS\">\n<div class=\"sc-2d8bd01b-4 LUTbM\">\n<div class=\"sc-2d8bd01b-5 kwsGgv\">\n<div class=\"sc-f5d74b30-1 iMIjEl\">\n<div class=\"sc-f5d74b30-2 hthDOj\">\n<div class=\"sc-f5d74b30-3 sc-f5d74b30-4 iEhorn iSIPlG\">Maillage sans fil<\/div>\n<\/div>\n<div class=\"sc-f5d74b30-2 hthDOj\">\n<div class=\"sc-f5d74b30-3 sc-f5d74b30-4 iEhorn iSIPlG\">Direction de bande<\/div>\n<\/div>\n<div class=\"sc-f5d74b30-2 hthDOj\">\n<div class=\"sc-f5d74b30-3 sc-f5d74b30-4 iEhorn iSIPlG\">Gestion de la transition BSS 802.11v<\/div>\n<\/div>\n<div class=\"sc-f5d74b30-2 hthDOj\">\n<div class=\"sc-f5d74b30-3 sc-f5d74b30-4 iEhorn iSIPlG\">Itin\u00e9rance rapide 802.11r<\/div>\n<\/div>\n<div class=\"sc-f5d74b30-2 hthDOj\">\n<div class=\"sc-f5d74b30-3 sc-f5d74b30-4 iEhorn iSIPlG\">Gestion des ressources radio 802.11k (RRM)<\/div>\n<\/div>\n<div class=\"sc-f5d74b30-2 hthDOj\">\n<div class=\"sc-f5d74b30-3 sc-f5d74b30-4 iEhorn iSIPlG\">Gestion radio avanc\u00e9e<\/div>\n<\/div>\n<div class=\"sc-f5d74b30-2 hthDOj\">\n<div class=\"sc-f5d74b30-3 sc-f5d74b30-4 iEhorn iSIPlG\">Passpoint (Hotspot 2.0)<\/div>\n<\/div>\n<div class=\"sc-f5d74b30-3 sc-f5d74b30-4 iEhorn ebcMum\"><strong>Portail de point d&#8217;acc\u00e8s captif<\/strong><\/div>\n<div class=\"sc-f5d74b30-6 fcBFJq\">\n<div class=\"sc-f5d74b30-2 tpVju\">\n<ul>\n<li class=\"sc-f5d74b30-3 sc-f5d74b30-4 iEhorn iSIPlG\">Page de destination de marque personnalis\u00e9e<\/li>\n<li class=\"sc-f5d74b30-3 sc-f5d74b30-4 iEhorn iSIPlG\">Authentification des bons<\/li>\n<li class=\"sc-f5d74b30-3 sc-f5d74b30-4 iEhorn iSIPlG\">Authentification bas\u00e9e sur le paiement<\/li>\n<li class=\"sc-f5d74b30-3 sc-f5d74b30-4 iEhorn iSIPlG\">Prise en charge du serveur de portail externe<\/li>\n<li class=\"sc-f5d74b30-3 sc-f5d74b30-4 iEhorn iSIPlG\">Authentification par mot de passe<\/li>\n<li class=\"sc-f5d74b30-3 sc-f5d74b30-4 iEhorn iSIPlG\">Isolation du r\u00e9seau invit\u00e9<\/li>\n<\/ul>\n<\/div>\n<\/div>\n<div class=\"sc-f5d74b30-2 hthDOj\">\n<div class=\"sc-f5d74b30-3 sc-f5d74b30-4 iEhorn iSIPlG\">Cl\u00e9 priv\u00e9e pr\u00e9-partag\u00e9e (PPSK)<\/div>\n<\/div>\n<div class=\"sc-f5d74b30-2 hthDOj\">\n<div class=\"sc-f5d74b30-3 sc-f5d74b30-4 iEhorn iSIPlG\">Limitation de vitesse Wi-Fi<\/div>\n<\/div>\n<div class=\"sc-f5d74b30-2 hthDOj\">\n<div class=\"sc-f5d74b30-3 sc-f5d74b30-4 iEhorn iSIPlG\">Isolation du p\u00e9riph\u00e9rique client<\/div>\n<\/div>\n<div class=\"sc-f5d74b30-2 hthDOj\">\n<div class=\"sc-f5d74b30-3 sc-f5d74b30-4 iEhorn iSIPlG\">Horaires Wi-Fi<\/div>\n<\/div>\n<div class=\"sc-f5d74b30-2 hthDOj\">\n<div class=\"sc-f5d74b30-3 sc-f5d74b30-4 iEhorn iSIPlG\">RADIUS sur TLS (RadSec)<\/div>\n<\/div>\n<div class=\"sc-f5d74b30-2 gYMdNK\">\n<div class=\"sc-f5d74b30-3 sc-f5d74b30-4 iEhorn iSIPlG\">VLAN attribu\u00e9 par RADIUS dynamique<\/div>\n<\/div>\n<\/div>\n<\/div>\n<\/div>\n<\/div>\n<\/div>\n<\/div>\n","protected":false},"excerpt":{"rendered":"<div class=\"sc-5008e078-8 jTFfG\">\n<div class=\"sc-b2dc6365-0 dcNsJz\">\n<h5 class=\"sc-b2dc6365-5 hsPVgn\"><strong>Caract\u00e9ristiques<\/strong><\/h5>\n<\/div>\n<\/div>\n<div class=\"sc-5008e078-9 eGOVDM\">\n<div class=\"sc-f5d74b30-0 egaTkP\">\n<div class=\"sc-2d8bd01b-0 bBfkBS\">\n<div class=\"sc-2d8bd01b-4 LUTbM\">\n<div class=\"sc-2d8bd01b-5 kwsGgv\">\n<div class=\"sc-f5d74b30-1 iMIjEl\">\n<div class=\"sc-f5d74b30-2 hthDOj\">\n<div class=\"sc-f5d74b30-3 sc-f5d74b30-4 iEhorn iSIPlG\"><strong>Dimensions<\/strong> : 343,2 x 181,2 x 60,2 mm (13,5 x 7,1 x 2,4&#8243;)<\/div>\n<\/div>\n<div class=\"sc-f5d74b30-2 hthDOj\">\n<div class=\"sc-f5d74b30-3 sc-f5d74b30-4 iEhorn iSIPlG\"><strong>Norme Wi-Fi<\/strong> : Wi-Fi 5<\/div>\n<\/div>\n<div class=\"sc-f5d74b30-2 hthDOj\">\n<div class=\"sc-f5d74b30-3 sc-f5d74b30-4 iEhorn iSIPlG\"><strong>Flux spatiaux<\/strong> : 6<\/div>\n<\/div>\n<div class=\"sc-f5d74b30-2 hthDOj\">\n<div class=\"sc-f5d74b30-3 sc-f5d74b30-4 iEhorn iSIPlG\"><strong>Zone de couverture<\/strong> : 185 m\u00b2 (2 000 pi\u00b2)<\/div>\n<\/div>\n<div class=\"sc-f5d74b30-2 hthDOj\">\n<div class=\"sc-f5d74b30-3 sc-f5d74b30-4 iEhorn iSIPlG\"><strong>Nombre maximal de clients<\/strong> : 250+<\/div>\n<\/div>\n<div class=\"sc-f5d74b30-2 hthDOj\">\n<div class=\"sc-f5d74b30-3 sc-f5d74b30-4 iEhorn iSIPlG\"><strong>Liaison montante<\/strong> : GbE<\/div>\n<\/div>\n<div class=\"sc-f5d74b30-2 hthDOj\">\n<div class=\"sc-f5d74b30-3 sc-f5d74b30-4 iEhorn iSIPlG\"><strong>Montage<\/strong> : Mur, poteau (supports inclus)<\/div>\n<\/div>\n<div class=\"sc-f5d74b30-2 hthDOj\">\n<div class=\"sc-f5d74b30-3 sc-f5d74b30-4 iEhorn iSIPlG\"><strong>\u00c9tanch\u00e9it\u00e9<\/strong> : IPX4<\/div>\n<\/div>\n<div class=\"sc-f5d74b30-2 gYMdNK\">\n<div class=\"sc-f5d74b30-3 sc-f5d74b30-4 iEhorn iSIPlG\"><strong>M\u00e9thode de puissance<\/strong> : PoE<\/div>\n<\/div>\n<\/div>\n<\/div>\n<\/div>\n<\/div>\n<\/div>\n<\/div>\n","protected":false},"featured_media":5970,"template":"","meta":{"_acf_changed":false},"product_cat":[273,270],"product_tag":[],"class_list":{"0":"post-5964","1":"product","2":"type-product","3":"status-publish","4":"has-post-thumbnail","6":"product_cat-point-dacces-wifi","7":"product_cat-repeteur-wifi","9":"first","10":"instock","11":"taxable","12":"shipping-taxable","13":"product-type-simple"},"acf":[],"_links":{"self":[{"href":"https:\/\/cartouche.ci\/index.php\/wp-json\/wp\/v2\/product\/5964","targetHints":{"allow":["GET"]}}],"collection":[{"href":"https:\/\/cartouche.ci\/index.php\/wp-json\/wp\/v2\/product"}],"about":[{"href":"https:\/\/cartouche.ci\/index.php\/wp-json\/wp\/v2\/types\/product"}],"wp:featuredmedia":[{"embeddable":true,"href":"https:\/\/cartouche.ci\/index.php\/wp-json\/wp\/v2\/media\/5970"}],"wp:attachment":[{"href":"https:\/\/cartouche.ci\/index.php\/wp-json\/wp\/v2\/media?parent=5964"}],"wp:term":[{"taxonomy":"product_cat","embeddable":true,"href":"https:\/\/cartouche.ci\/index.php\/wp-json\/wp\/v2\/product_cat?post=5964"},{"taxonomy":"product_tag","embeddable":true,"href":"https:\/\/cartouche.ci\/index.php\/wp-json\/wp\/v2\/product_tag?post=5964"}],"curies":[{"name":"wp","href":"https:\/\/api.w.org\/{rel}","templated":true}]}}