{"id":5996,"date":"2025-04-25T09:53:12","date_gmt":"2025-04-25T09:53:12","guid":{"rendered":"https:\/\/cartouche.ci\/?post_type=product&#038;p=5996"},"modified":"2025-05-09T06:40:30","modified_gmt":"2025-05-09T06:40:30","slug":"onduleur-ola-6-kva","status":"publish","type":"product","link":"https:\/\/cartouche.ci\/index.php\/product\/onduleur-ola-6-kva\/","title":{"rendered":"Onduleur Ola 6 Kva"},"content":{"rendered":"<p style=\"font-weight: 400;\">Efficace pour les p\u00e9riodes de coupures d&#8217;\u00e9lectricit\u00e9 dans vos entreprises, pour continuer \u00e0 faire fonctionner vos machines.<\/p>\n<h2>Mod\u00e8le : V-6KVA<\/h2>\n<h3>Description<\/h3>\n<ul>\n<li style=\"font-weight: 400;\">Onduleur en ligne tour avec bo\u00eetier m\u00e9tallique<\/li>\n<\/ul>\n<h3>Puissance nominale<\/h3>\n<ul style=\"font-weight: 400;\">\n<li>6000VA\/4800W<\/li>\n<\/ul>\n<h3>Entr\u00e9e AC<\/h3>\n<ul style=\"font-weight: 400;\">\n<li>Syst\u00e8me d&#8217;entr\u00e9e : Monophas\u00e9 (L\/N+PE)<\/li>\n<li>Tension nominale : HV: 208\/220\/230\/240Vac, LV: 100\/110\/120\/127Vac<\/li>\n<li>Fr\u00e9quence : 50\/60Hz<\/li>\n<li>Plage de tension : HV: 90-300VAC\u00b15VAC, LV: 60-145VAC\u00b13VAC<\/li>\n<li>Plage de fr\u00e9quence : (40-70)\u00b10.5Hz<\/li>\n<li>Facteur de puissance d&#8217;entr\u00e9e : &gt;0.99<\/li>\n<li>Plage de tension de d\u00e9rivation : HV: 115-285VACx(1\u00b13%), LV: 60-145VAC\u00b13VACx(1\u00b13%)<\/li>\n<\/ul>\n<h3>Entr\u00e9e Batterie<\/h3>\n<ul style=\"font-weight: 400;\">\n<li>Tension nominale : 192V<\/li>\n<li>Capacit\u00e9 et quantit\u00e9 de la batterie : 12V\/7AH*16<\/li>\n<li>Temps de sauvegarde : Demi-charge \u22658 minutes, Pleine charge \u22653 minutes (standard)<\/li>\n<li>Temps de charge de la batterie : Chargeur \u00e0 90% de la capacit\u00e9 de la batterie en 5 heures (standard), D\u00e9pend de la capacit\u00e9 des batteries externes (temps de sauvegarde prolong\u00e9)<\/li>\n<\/ul>\n<h3>Sortie AC<\/h3>\n<ul style=\"font-weight: 400;\">\n<li>Syst\u00e8me de sortie : Monophas\u00e9 (L\/N+PE)<\/li>\n<li>Tension de sortie en mode onduleur : HV: 208\/220\/230\/240Vac\u00b12%, LV: 100\/110\/120\/127Vac\u00b12%<\/li>\n<li>Forme d&#8217;onde : Onde sinuso\u00efdale pure, THD&lt;3% (charge lin\u00e9aire), THD&lt;7% (charge non lin\u00e9aire)<\/li>\n<li>Fr\u00e9quence de sortie : 50\/60\u00b14Hz (mode Sync), 50\/60Hz\u00b11% (mode fr\u00e9quence fixe)<\/li>\n<li>Plage de transitoire de tension dynamique : &lt;9%<\/li>\n<li>R\u00e9cup\u00e9ration transitoire dynamique : &lt;100ms<\/li>\n<li>Capacit\u00e9 de surcharge : 105150% \u226530s, Le point de r\u00e9cup\u00e9ration est de 70%<\/li>\n<li>Rapport de cr\u00eate : 3:1<\/li>\n<li>Temps de transfert : Batterie &lt;-&gt; Mode ligne : 0ms<\/li>\n<\/ul>\n<h3>Communications<\/h3>\n<ul style=\"font-weight: 400;\">\n<li>RS232, RS485 (optionnel), Contact sec (optionnel)<\/li>\n<\/ul>\n<h3>Fonction d&#8217;alarme<\/h3>\n<ul style=\"font-weight: 400;\">\n<li>Entr\u00e9e AC\/DC en condition anormale, surcharge et probl\u00e8mes de l&#8217;onduleur<\/li>\n<\/ul>\n<h3>Fonction de protection<\/h3>\n<ul style=\"font-weight: 400;\">\n<li>Entr\u00e9e ou sortie AC au-dessus ou en dessous de la plage de tension, surcharge, surchauffe et protection contre les courts-circuits<\/li>\n<\/ul>\n<h3>Bruit<\/h3>\n<ul style=\"font-weight: 400;\">\n<li>&lt;50dB<\/li>\n<\/ul>\n","protected":false},"excerpt":{"rendered":"<p>Puissance nominale : 6000VA\/4800W.<\/p>\n<p>Efficace pour les p\u00e9riodes de coupures d&#8217;\u00e9lectricit\u00e9 dans vos entreprises,<\/p>\n<p>pour continuer \u00e0 faire fonctionner vos machines.<\/p>\n","protected":false},"featured_media":5997,"template":"","meta":{"_acf_changed":false},"product_cat":[264],"product_tag":[],"class_list":{"0":"post-5996","1":"product","2":"type-product","3":"status-publish","4":"has-post-thumbnail","6":"product_cat-onduleurs","8":"first","9":"instock","10":"taxable","11":"shipping-taxable","12":"purchasable","13":"product-type-simple"},"acf":[],"_links":{"self":[{"href":"https:\/\/cartouche.ci\/index.php\/wp-json\/wp\/v2\/product\/5996","targetHints":{"allow":["GET"]}}],"collection":[{"href":"https:\/\/cartouche.ci\/index.php\/wp-json\/wp\/v2\/product"}],"about":[{"href":"https:\/\/cartouche.ci\/index.php\/wp-json\/wp\/v2\/types\/product"}],"wp:featuredmedia":[{"embeddable":true,"href":"https:\/\/cartouche.ci\/index.php\/wp-json\/wp\/v2\/media\/5997"}],"wp:attachment":[{"href":"https:\/\/cartouche.ci\/index.php\/wp-json\/wp\/v2\/media?parent=5996"}],"wp:term":[{"taxonomy":"product_cat","embeddable":true,"href":"https:\/\/cartouche.ci\/index.php\/wp-json\/wp\/v2\/product_cat?post=5996"},{"taxonomy":"product_tag","embeddable":true,"href":"https:\/\/cartouche.ci\/index.php\/wp-json\/wp\/v2\/product_tag?post=5996"}],"curies":[{"name":"wp","href":"https:\/\/api.w.org\/{rel}","templated":true}]}}