{"id":6022,"date":"2025-05-10T12:29:48","date_gmt":"2025-05-10T12:29:48","guid":{"rendered":"https:\/\/cartouche.ci\/?post_type=product&#038;p=6022"},"modified":"2025-05-10T12:48:45","modified_gmt":"2025-05-10T12:48:45","slug":"hp-i7-envy-x360-2-in-1","status":"publish","type":"product","link":"https:\/\/cartouche.ci\/index.php\/product\/hp-i7-envy-x360-2-in-1\/","title":{"rendered":"HP i7 ENVY X360 2-in-1"},"content":{"rendered":"<div class=\"Hv-B_gf Hv-C0_gf QM-QN_gf\" data-test-hook=\"@hpstellar\/core\/container\">\n<h2 class=\"EG-B_gf EG-EP_gf EG-N_gf\" data-test-hook=\"@hpstellar\/core\/typography\"><span style=\"font-size: 16px;\">HP Envy x360 14-fc0023dx Intel Core Ultra 7 155U | 16Go DDR5 \/ 1To SSD<\/span><\/h2>\n<\/div>\n<div>\n<div class=\"SQ-C0_gf slim\" data-test-hook=\"@hpstellar\/pdp\/tech-specs\">\n<section id=\"detailedSpecs\" class=\"detailed-specs Fx-C0_gf Fx-Ez_gf detailed-specs--expanded\" data-test-hook=\"@hpstellar\/pdp\/tech-specs-detailed-specs\">\n<div class=\"Hv-B_gf Hv-C4_gf Hv-C5_gf Hv-C6_gf\" data-test-hook=\"@hpstellar\/core\/container\">\n<div class=\"Fx-Fz_gf\">\n<div class=\"Fx-F1_gf\" data-test-hook=\"@hpstellar\/pdp\/tech-specs__detailedSpec\">\n<div class=\"Es-Et_gf Es-Ez_gf\">\n<div class=\"Es-Ev_gf\">\n<p><strong>Processeur (CPU)<\/strong>\u00a0: Intel Core Ultra 7 155H (12M Cache, 12 Cores, jusqu\u2019\u00e0 4.80 GHz)<br \/>\n<strong>M\u00e9moire (RAM)<\/strong>\u00a0: 16 Go<br \/>\n<strong>Stockage<\/strong>\u00a0: 1 To PCIe Gen4 NVMe M.2 SSD<br \/>\n<strong>Graphique (GPU)<\/strong>\u00a0: Intel\u00ae Graphics<br \/>\n<strong>\u00c9cran<\/strong>\u00a0: 14 pouces WUXGA (1920 x 1200) Tactile x360 Convertible 2-en-1<br \/>\n<strong>Clavier<\/strong>\u00a0: Clavier r\u00e9tro\u00e9clair\u00e9<br \/>\n<strong>Syst\u00e8me d\u2019exploitation (OS)<\/strong> : Windows 11 Pro\/Home<br \/>\n<strong>Couleur<\/strong>\u00a0: Argent<br \/>\n<strong>M\u00e9moire (RAM)<\/strong>\u00a0: 16 Go LPDDR5 6400 MHz (<strong>int\u00e9gr\u00e9e<\/strong>)<br \/>\n<strong>Ports<\/strong>\u00a0:\u00a0<em>1 x Thunderbolt 4 avec USB Type-C 40Gbps (USB Power Delivery, DisplayPort 2.1, HP Sleep and Charge) | 1 x USB Type-C 10Gbps (USB Power Delivery, DisplayPort 1.4, HP Sleep and Charge) | 1 x USB Type-A 10Gbps (HP Sleep and Charge) | 1 x USB Type-A 10Gbps | 1 x combo casque\/microphone | 1 x HDMI 2.1<\/em><br \/>\n<strong>Cam\u00e9ra<\/strong>\u00a0: cam\u00e9ra IR 5MP<br \/>\n<strong>\u00c9cran<\/strong>\u00a0: 14 pouces de diagonale, WUXGA (1920 x 1200), multitouch, IPS, verre bord \u00e0 bord, microedge, Corning Gorilla Glass NBT, 300 nits, 62,5 % sRGB<br \/>\n<strong>Sans fil<\/strong>\u00a0: Wi-Fi 6E (2\u00d72) et carte sans fil Bluetooth 5.3 (supportant un d\u00e9bit de donn\u00e9es gigabit)<br \/>\n<strong>Luminosit\u00e9<\/strong>\u00a0: 300 nits<br \/>\n<strong>Poids<\/strong>\u00a0: 1,39 kg<\/p>\n<\/div>\n<\/div>\n<\/div>\n<\/div>\n<\/div>\n<\/section>\n<\/div>\n<\/div>\n","protected":false},"excerpt":{"rendered":"<p><strong>HP\u00a0ENVY\u00a0x360<\/strong> ordinateur portable convertible HP<br \/>\n<strong>Processeur<\/strong> Intel Core Ultra 7-155U<br \/>\n<strong>RAM<\/strong> 16Go LPDDR5 \/ Stockage : SSD PCIe 1To<br \/>\n<strong>\u00c9cran<\/strong> LED rotatif tactile de 14 pouces, WUXGA<br \/>\n<strong>Wi-Fi<\/strong> 6E, Bluetooth, USB Type-C\/PowerDelivery<br \/>\nPoly Studio et DTS Premium Audio : X\u00ae Ultra<br \/>\n<strong>Appareil photo<\/strong> IR 5MP avec r\u00e9duction du bruit AI<br \/>\nClavier r\u00e9tro\u00e9clair\u00e9<br \/>\nWindows 11 Pro\/hom<\/p>\n","protected":false},"featured_media":6025,"template":"","meta":{"_acf_changed":false},"product_cat":[250],"product_tag":[296],"class_list":{"0":"post-6022","1":"product","2":"type-product","3":"status-publish","4":"has-post-thumbnail","6":"product_cat-pc-i7","7":"product_tag-laptop","9":"first","10":"instock","11":"taxable","12":"shipping-taxable","13":"purchasable","14":"product-type-simple"},"acf":[],"_links":{"self":[{"href":"https:\/\/cartouche.ci\/index.php\/wp-json\/wp\/v2\/product\/6022","targetHints":{"allow":["GET"]}}],"collection":[{"href":"https:\/\/cartouche.ci\/index.php\/wp-json\/wp\/v2\/product"}],"about":[{"href":"https:\/\/cartouche.ci\/index.php\/wp-json\/wp\/v2\/types\/product"}],"wp:featuredmedia":[{"embeddable":true,"href":"https:\/\/cartouche.ci\/index.php\/wp-json\/wp\/v2\/media\/6025"}],"wp:attachment":[{"href":"https:\/\/cartouche.ci\/index.php\/wp-json\/wp\/v2\/media?parent=6022"}],"wp:term":[{"taxonomy":"product_cat","embeddable":true,"href":"https:\/\/cartouche.ci\/index.php\/wp-json\/wp\/v2\/product_cat?post=6022"},{"taxonomy":"product_tag","embeddable":true,"href":"https:\/\/cartouche.ci\/index.php\/wp-json\/wp\/v2\/product_tag?post=6022"}],"curies":[{"name":"wp","href":"https:\/\/api.w.org\/{rel}","templated":true}]}}